{"id":28088,"date":"2021-03-15T10:00:29","date_gmt":"2021-03-15T09:00:29","guid":{"rendered":"https:\/\/www.linvosges-hotellerie.com\/carta-de-cookies\/"},"modified":"2024-06-06T08:56:25","modified_gmt":"2024-06-06T06:56:25","slug":"carta-de-cookies","status":"publish","type":"page","link":"https:\/\/www.linvosges-hotellerie.com\/es\/carta-de-cookies\/","title":{"rendered":"Carta de Cookies"},"content":{"rendered":"<p>Como muchos sitios web, los sitios web de LINVOSGES pueden almacenar o recuperar informaci\u00f3n de tu navegador, normalmente en forma de cookies. Esta informaci\u00f3n, que puede referirse a tus datos de contacto, tus h\u00e1bitos de navegaci\u00f3n, tus preferencias o tu terminal (ordenador, tableta, dispositivo m\u00f3vil, etc.), nos permite adaptar nuestros sitios a tus expectativas.<\/p>\n<p>Una de las finalidades de una cookie es indicar que has visitado el sitio. Nuestros sitios utilizan cookies, en particular, para mejorar el servicio personalizado que se te presta y hacer que los servicios y ofertas que recibes sean m\u00e1s pertinentes.<\/p>\n<p>A continuaci\u00f3n encontrar\u00e1s m\u00e1s informaci\u00f3n sobre los diferentes usos de las cookies.<\/p>\n<p>Ten en cuenta que, dependiendo de tus preferencias, puedes impedir que se utilicen algunas o todas estas cookies.<\/p>\n<h3>\u00bfQU\u00c9 SON LAS COOKIES Y LOS RASTREADORES?<\/h3>\n<h4>\u2756 \u00bfQu\u00e9 es una galleta?<\/h4>\n<p>T\u00e9cnicamente, una cookie es un archivo inform\u00e1tico que puede contener cualquier informaci\u00f3n, incluido un identificador de sesi\u00f3n, las p\u00e1ginas del sitio visitadas, el idioma de la conversaci\u00f3n, informaci\u00f3n sobre tu cuenta, etc.<\/p>\n<p>Estos archivos suelen ser peque\u00f1os. Las almacena y lee tu navegador o el sistema operativo de tu terminal (Windows, MacOs, Android, iOS, Linux, etc.) o una aplicaci\u00f3n que accede a Internet (por ejemplo, una aplicaci\u00f3n m\u00f3vil en un smartphone).<\/p>\n<p>Una cookie tiene un nombre, un contenido y una fecha de caducidad.<\/p>\n<p>Pueden tener una duraci\u00f3n muy limitada y desaparecer cuando cierras la sesi\u00f3n (cookie de sesi\u00f3n) o almacenarse de por vida, hasta que caduquen o hasta que las borres, si as\u00ed lo deseas. Las cookies utilizadas para recoger datos relativos a tu navegaci\u00f3n pueden almacenarse durante un m\u00e1ximo de 13 meses.<\/p>\n<h4>\u2756 Cookies propias y de terceros<\/h4>\n<p>Una cookie &#8220;de origen&#8221; (o simplemente una cookie &#8220;est\u00e1ndar&#8221;) es colocada inicialmente por el sitio web visitado por el usuario de Internet. Las cookies implementadas por nuestra empresa son cookies de &#8220;primera parte&#8221;.<\/p>\n<p>Una cookie &#8220;de terceros&#8221; se deposita o se lee cuando el internauta navega por un sitio web que ha integrado una tecnolog\u00eda de un servidor diferente; esta tecnolog\u00eda utiliza una cookie de un dominio diferente al que navega el internauta.<\/p>\n<p>Nuestra empresa puede permitir la implantaci\u00f3n de cookies de terceros como parte de su actividad. S\u00f3lo la persona que coloc\u00f3 la cookie puede leer la informaci\u00f3n registrada por la cookie.<\/p>\n<p>Nos gustar\u00eda llamar tu atenci\u00f3n sobre el hecho de que las cookies registran informaci\u00f3n relativa a la navegaci\u00f3n realizada mediante un navegador en el terminal que est\u00e1s utilizando: si varias personas utilizan el mismo navegador en el mismo terminal, la informaci\u00f3n recopilada y procesada mediante cookies incluir\u00e1 informaci\u00f3n relativa a todos los usuarios del navegador en cuesti\u00f3n. Esto puede repercutir en la evaluaci\u00f3n de las preferencias y centros de inter\u00e9s asociados al navegador utilizado.<\/p>\n<p>Un rastreador es cualquier tecnolog\u00eda que pueda utilizarse para identificar al mismo usuario en diferentes momentos. Las cookies, y en particular las cookies de terceros, son tecnolog\u00edas que pueden utilizarse para implementar sistemas de seguimiento. El servidor que tiene esta cookie puede entonces registrar el hecho de que se ha navegado por una p\u00e1gina determinada desde un navegador que ha navegado previamente por otro sitio y otra p\u00e1gina. De este modo, se puede identificar el navegador y el servidor que lee la cookie puede asociarla a un historial de navegaci\u00f3n, que se registra en una base de datos y luego se analiza.<\/p>\n<p>Una cookie de terceros de este tipo puede contener un identificador que permita a una empresa reconocer al internauta, sobre todo si el internauta tiene una cuenta en uno de los servidores de esa empresa y se ha conectado a ella desde su navegador. Tambi\u00e9n existen otras tecnolog\u00edas de seguimiento, como los p\u00edxeles de seguimiento o las huellas dactilares.<br \/>navegadores.<\/p>\n<p>Por comodidad, el t\u00e9rmino &#8220;cookies&#8221; utilizado a continuaci\u00f3n se refiere a todas estas tecnolog\u00edas (cookies y rastreadores).<\/p>\n<p>El uso de cookies nos permite prestarte un mejor servicio, conocer tu historial de navegaci\u00f3n y determinar tus posibles centros de inter\u00e9s, en particular para ofrecerte contenidos que te interesan m\u00e1s que otros o para reconocerte, en particular cuando realizas un pedido en sitios asociados a un programa de devoluci\u00f3n de dinero.<\/p>\n<h3>TU CONSENTIMIENTO PARA LA INSTALACI\u00d3N DE COOKIES<\/h3>\n<p>El Reglamento General de Protecci\u00f3n de Datos europeo y la Ley de Protecci\u00f3n de Datos francesa exigen que un sitio web te informe sobre su pol\u00edtica de instalaci\u00f3n y gesti\u00f3n de cookies.<\/p>\n<p><strong>Las cookies exentas de consentimiento son las estrictamente necesarias para la prestaci\u00f3n de un servicio expresamente solicitado por el usuario.<\/strong><\/p>\n<p>Por ejemplo, las siguientes cookies no requieren consentimiento:<\/p>\n<ul>\n<li>Cookies de &#8220;identificaci\u00f3n de sesi\u00f3n&#8221;, para la duraci\u00f3n de una sesi\u00f3n, o cookies persistentes limitadas a unas horas en ciertos casos;<\/li>\n<li>Cookies de autenticaci\u00f3n ;<\/li>\n<li>Cookies de sesi\u00f3n creadas por un reproductor multimedia ;<\/li>\n<li>Cookies de sesi\u00f3n de equilibrio de carga;<\/li>\n<li>Cookies persistentes utilizadas para personalizar la interfaz de usuario (elecci\u00f3n de idioma o presentaci\u00f3n);<\/li>\n<li>Cookies de &#8220;cesta de la compra&#8221; para un sitio de comercio;<\/li>\n<\/ul>\n<p>Las cookies que requieren tu consentimiento incluyen :<\/p>\n<ul>\n<li>Cookies vinculadas a operaciones publicitarias;<\/li>\n<li>Las cookies utilizadas por las redes sociales, en particular las generadas por los botones para compartir de las redes sociales cuando recopilan datos personales sin el consentimiento de las personas afectadas;<\/li>\n<li>La mayor\u00eda de las cookies de medici\u00f3n de audiencia.<\/li>\n<\/ul>\n<p>La informaci\u00f3n sobre el uso de cookies se te proporciona mediante :<\/p>\n<ul>\n<li><strong>Una diadema<\/strong>  que aparece en la p\u00e1gina de inicio de nuestros sitios web cuando los visitas por primera vez, en la que se te informa de la presencia y finalidad de las cookies utilizadas, de la posibilidad de oponerte al tratamiento realizado mediante algunas de estas cookies y de la posibilidad de cambiar la configuraci\u00f3n de gesti\u00f3n de cookies de tus navegadores. Este banner te permite acceder a este documento informativo, que te ofrece detalles sobre nuestra pol\u00edtica de cookies, y aceptar la pol\u00edtica de privacidad y cookies. Te informa de que continuar navegando, hacer clic en otro elemento o visitar otra p\u00e1gina del sitio constituye una aceptaci\u00f3n.<\/li>\n<li><strong>Esta carta de<\/strong> informaci\u00f3n, a la que puedes acceder en cualquier momento durante tu visita al Sitio, te informa de la posibilidad de configurar tus navegadores seg\u00fan tus preferencias, con excepci\u00f3n de las cookies necesarias para el funcionamiento del Sitio.<\/li>\n<\/ul>\n<h3>\u00bfCU\u00c1LES SON LOS FINES ASOCIADOS AL TRATAMIENTO DE COOKIES POR PARTE DE NUESTRO SITIO EN TU NAVEGADOR?<\/h3>\n<p>Cuando te conectas a nuestro sitio, nuestra empresa puede instalar varios tipos de cookies.<\/p>\n<p>Las cookies se utilizan en nuestros sitios web s\u00f3lo en los casos previstos y autorizados por la normativa vigente y para los fines descritos a continuaci\u00f3n:<\/p>\n<ul>\n<li>La ejecuci\u00f3n de un contrato o la tramitaci\u00f3n de tus solicitudes y pedidos<\/li>\n<li>Cumplimiento de una obligaci\u00f3n legal<\/li>\n<li>Tu consentimiento<\/li>\n<li>La existencia de un inter\u00e9s leg\u00edtimo en el tratamiento de los datos que te conciernen o en permitir que nuestros socios traten estos datos.<\/li>\n<\/ul>\n<h4>\u2756 Cookies necesarias<\/h4>\n<p>Algunas cookies son necesarias para el buen funcionamiento de nuestros sitios, en la medida en que te permiten navegar por el sitio, al mantener un seguimiento de tu conexi\u00f3n a tu cuenta o al permitirte conservar el contenido de tu cesta cuando cambias de p\u00e1gina o incluso si abandonas temporalmente nuestro sitio web, as\u00ed como seleccionar tus productos y validar tus pedidos.<\/p>\n<p>Estas cookies puramente funcionales son necesarias y no requieren tu consentimiento, ya que sin ellas el sitio no podr\u00eda funcionar o ser\u00eda imperfecto. Pueden colocarse y leerse en tu terminal sin necesidad de consentimiento y, por tanto, sin<br \/>espera a que contin\u00fae la navegaci\u00f3n.<\/p>\n<p>Est\u00e1n relacionadas con la ergonom\u00eda o el funcionamiento de nuestros sitios (cesta de la compra, cuenta, idioma, gesti\u00f3n del bolet\u00edn informativo, almacenamiento de tus preferencias de cookies, etc.).<\/p>\n<h4>\u2756 Funci\u00f3n opcional cookies<\/h4>\n<p>Las cookies funcionales son opcionales y sirven para optimizar, mejorar y hacer m\u00e1s ergon\u00f3mica la navegaci\u00f3n por nuestro sitio web, por ejemplo recordando algunas de tus preferencias o permitiendo que nuestras p\u00e1ginas se muestren m\u00e1s r\u00e1pidamente.<\/p>\n<p>Esto responde a nuestro inter\u00e9s leg\u00edtimo.<\/p>\n<p>Este es el caso de las cookies y rastreadores para relanzar cestas de la compra abandonadas, que nos permiten volver a ti cuando has mostrado inter\u00e9s por nuestros productos pero no has completado el proceso de pedido, para recordarte que tienes una cesta de la compra esperando en nuestro sitio que puedes recuperar en cualquier momento y, si es necesario, ofrecerte nuestros servicios y darte las explicaciones que necesites.<\/p>\n<p>No se requiere tu consentimiento para el uso de estas cookies funcionales, pero la ley te permite oponerte al tratamiento basado en intereses leg\u00edtimos. Para ello, s\u00f3lo tienes que desactivar las cookies que no deseas que se procesen, utilizando uno de los m\u00e9todos que se describen a continuaci\u00f3n.<\/p>\n<h4>\u2756 Cookies estad\u00edsticas, de medici\u00f3n de audiencia y de rendimiento<\/h4>\n<p>Estas cookies de an\u00e1lisis y medici\u00f3n de audiencia nos permiten comprender c\u00f3mo utilizan nuestros visitantes nuestros sitios, identificar qu\u00e9 p\u00e1ginas se ven con m\u00e1s y menos frecuencia y c\u00f3mo nos descubren los visitantes. Tambi\u00e9n cuentan el n\u00famero de visitantes, el tiempo que pasa cada visitante en el sitio y los motores de b\u00fasqueda del sitio. Estas cookies nos permiten optimizar el sitio y garantizar que cada p\u00e1gina se carga y se muestra de forma \u00f3ptima.<\/p>\n<p>Las cookies de an\u00e1lisis y medici\u00f3n de audiencia utilizadas en nuestros sitios son cookies de terceros que hemos seleccionado para fines espec\u00edficos.<\/p>\n<h4>\u2756 Cookies utilizadas para dirigir y personalizar la publicidad en nuestros sitios web y otras aplicaciones<\/h4>\n<p>Las cookies utilizadas para orientar y personalizar la publicidad se utilizan esencialmente para crear un historial de navegaci\u00f3n y deducir los intereses probables de los usuarios.<br \/>el usuario, que podremos vincular a identificadores o datos de contacto que permitan ponerse en contacto con el usuario, en particular su direcci\u00f3n de correo electr\u00f3nico, con el fin de poder presentarle ofertas de productos, servicios y anuncios susceptibles de corresponderle, as\u00ed como contenidos y anuncios adaptados a sus intereses.<\/p>\n<p>Tambi\u00e9n se puede utilizar para enviar un mensaje a un usuario de Internet que ha empezado a llenar su cesta de la compra en uno de nuestros sitios con vistas a hacernos un pedido, pero no ha finalizado su pedido ni ha vaciado su cesta.<\/p>\n<p>Tambi\u00e9n se utilizan para limitar la frecuencia con la que se muestra el mismo anuncio y para medir el impacto de una campa\u00f1a publicitaria. Instaladas por FRAN\u00c7OISE SAGET o por socios de nuestra red publicitaria, nos permiten ofrecerte publicidad adecuada en otros sitios web.<br \/>que visites.<\/p>\n<p>Nuestra empresa utiliza los servicios de una plataforma de publicidad personalizada.<\/p>\n<p><strong>Informaci\u00f3n importante:<\/strong><br \/>Para saber m\u00e1s sobre el uso de esta informaci\u00f3n o para cambiar tu configuraci\u00f3n en cuanto a la publicidad personalizada ofrecida por terceros, puedes visitar el sitio web de la Alianza Europea de Publicidad Digital Interactiva haciendo clic aqu\u00ed.<\/p>\n<p><strong>Advertencia:<\/strong> Desactivar las cookies de segmentaci\u00f3n no desactiva la publicidad. Cuando desactives uno o varios rastreadores de esta categor\u00eda, seguir\u00e1s viendo anuncios, pero ya no estar\u00e1n adaptados al an\u00e1lisis de tu comportamiento, sino que ser\u00e1n anuncios &#8220;gen\u00e9ricos&#8221;. La frecuencia con la que un<br \/>incluso la publicidad no se restringir\u00e1 en este caso.<\/p>\n<h4>\u2756 Cookies de redes sociales y aplicaciones de terceros integradas en nuestra web<\/h4>\n<p>LINVOSGES puede ofrecerte aplicaciones de redes sociales, que pueden utilizar cookies en nuestros sitios.<\/p>\n<p>Estas funciones utilizan cookies de terceros colocadas directamente por estos servicios, que permiten identificarte.<\/p>\n<p>La mayor\u00eda de estas cookies utilizan t\u00e9cnicas de seguimiento para reconocer al usuario (o al navegador del usuario).<\/p>\n<p>Llamamos tu atenci\u00f3n sobre el hecho de que es probable que la red social te identifique gracias a un bot\u00f3n de la aplicaci\u00f3n, si la utilizas, pero tambi\u00e9n si no la utilizas durante tu visita a uno de nuestros sitios, cuando se haya abierto en tu navegador una sesi\u00f3n en la red social. Si no deseas que tu navegaci\u00f3n en uno de nuestros sitios est\u00e9 vinculada a tu cuenta en una red social, puedes cerrar tus sesiones abiertas en la red social en cuesti\u00f3n y eliminar las cookies depositadas por los sitios de la red social antes de navegar por nuestros sitios. No podemos controlar el proceso utilizado por las redes sociales para recopilar informaci\u00f3n relativa a la navegaci\u00f3n en nuestros sitios y<br \/>asociados a los datos personales que han recopilado sobre ti.<\/p>\n<p>Te recomendamos que leas atentamente las pol\u00edticas de protecci\u00f3n de la privacidad de estas redes sociales para que conozcas los fines para los que se utilizan, en particular para la publicidad o para el seguimiento de los datos de navegaci\u00f3n mediante cookies colocadas por estas redes sociales, la gesti\u00f3n de las cookies y la informaci\u00f3n recogida por estas cookies, y que ejerzas tus opciones con las redes sociales, en particular configurando tus cuentas de usuario para cada una de estas redes.<\/p>\n<p>Para gestionar tus preferencias en relaci\u00f3n con las cookies de Facebook, consulta esta p\u00e1gina: https:\/\/www.facebook.com\/policies\/cookies\/<br \/>Para gestionar tus preferencias con respecto a las cookies de Pinterest, consulta esta p\u00e1gina: https:\/\/policy.pinterest.com\/fr\/cookies<br \/>Para gestionar tus preferencias con respecto a las cookies de Instagram, consulta esta p\u00e1gina: https:\/\/help.instagram.com\/1896641480634370<\/p>\n<h4>\u2756 Modificaci\u00f3n de las cookies en nuestros sitios web<\/h4>\n<p>La lista de cookies utilizadas cambia constantemente con el tiempo.<\/p>\n<h3>\u00bfCU\u00c1NTO TIEMPO SE ALMACENAN LAS COOKIES GENERADAS POR NUESTROS SITIOS?<\/h3>\n<p>Cookies utilizadas para ofrecerte contenidos personalizados generados directamente por<br \/>nuestros sitios web se conservan un m\u00e1ximo de 13 meses.<\/p>\n<h3>\u00bfC\u00d3MO CONFIGURAS LOS PAR\u00c1METROS DE LAS COOKIES, GESTIONAS TUS PREFERENCIAS Y DESACTIVAS LAS COOKIES QUE NO QUIERES?<\/h3>\n<h4>\u2756 Gesti\u00f3n de cookies seg\u00fan tus preferencias y aviso<\/h4>\n<p>Tienes la opci\u00f3n de aceptar o rechazar las cookies de varias maneras, como se describe a continuaci\u00f3n:<\/p>\n<p>Si las cookies innecesarias no se corresponden con tus preferencias o si te preocupa el uso de cookies, puedes modificar la configuraci\u00f3n de tu navegador para bloquear s\u00f3lo determinados tipos de cookies.<\/p>\n<h4>\u2756 La configuraci\u00f3n de tu navegador<\/h4>\n<p>Puedes configurar el software de tu navegador para aceptar o rechazar el dep\u00f3sito y almacenamiento sistem\u00e1tico u ocasional de cookies en tu terminal.<\/p>\n<p>Consulta la funci\u00f3n de ayuda de tu navegador o la siguiente p\u00e1gina para obtener m\u00e1s informaci\u00f3n: https:\/\/www.cnil.fr\/fr\/cookies-les-outils-pour-les-maitriser<\/p>\n<h4>\u2756 USO DE LA PLATAFORMA ONLINE YOURONLINECHOICES<\/h4>\n<p>Para controlar globalmente las cookies de terceros instaladas por otros sitios o servicios con fines de publicidad y contenidos espec\u00edficos, puedes utilizar la plataforma en l\u00ednea ofrecida por los profesionales de la publicidad digital agrupados en la asociaci\u00f3n europea EDAA y gestionada en Francia por la Oficina de Publicidad Interactiva de Francia :<\/p>\n<p>http:\/\/www.youronlinechoices.com\/fr\/controler-ses-cookies\/<\/p>\n<p>Cuando utilizas los servicios de la Alianza Europea de Publicidad Digital Interactiva para desactivar la publicidad comportamental de una plataforma determinada, esto tiene efecto en todos los sitios que implementan los servicios de esta plataforma. Tambi\u00e9n te permite<br \/>desactivar los rastreadores de todas las empresas afiliadas.<\/p>\n<p>Estas desactivaciones se realizan depositando cookies que registran el hecho de que no quieres ser rastreado por una empresa determinada. Por tanto, si eliminas las cookies correspondientes, tu baja de los programas de an\u00e1lisis de comportamiento se perder\u00e1 y tendr\u00e1s que repetir el proceso si quieres volver a darte de baja.<\/p>\n<p>Por \u00faltimo, ten en cuenta que esta plataforma no desactiva los anuncios: cuando desactives los rastreadores de una empresa a trav\u00e9s de esta plataforma, seguir\u00e1s viendo los anuncios ofrecidos por esa empresa, pero ya no se adaptar\u00e1n en funci\u00f3n de los an\u00e1lisis de tu comportamiento, sino que ser\u00e1n anuncios &#8220;gen\u00e9ricos&#8221;.<\/p>\n<h4>\u2756 EL USO DE PLUG-INS<\/h4>\n<p>Un plug-in es un software de aplicaci\u00f3n adicional que, combinado con un navegador web, act\u00faa autom\u00e1ticamente ante la presencia de un objeto multimedia, sin que el usuario tenga que intervenir.<\/p>\n<p>Puedes utilizar complementos que te permitan desactivar las cookies, sitio por sitio y, opcionalmente, globalmente. Para desactivar la mayor\u00eda de las cookies de seguimiento globalmente o s\u00f3lo en determinados sitios, puedes utilizar complementos del navegador como Ghostery, uBlock, disconnect y privacy badger.<\/p>\n<h3>\u00bfC\u00d3MO ACTUALIZAMOS NUESTRA POL\u00cdTICA DE COOKIES?<\/h3>\n<p>Actualizamos peri\u00f3dicamente nuestra pol\u00edtica de cookies para tener en cuenta los cambios en la legislaci\u00f3n y en nuestras pr\u00e1cticas, as\u00ed como la instalaci\u00f3n o eliminaci\u00f3n de nuevas cookies.<\/p>\n<p>Si se modifica nuestra pol\u00edtica, aparecer\u00e1 un nuevo banner cuando te conectes tras la actualizaci\u00f3n de nuestro documento informativo.<\/p>\n","protected":false},"excerpt":{"rendered":"<p>Como muchos sitios web, los sitios web de LINVOSGES pueden almacenar o recuperar informaci\u00f3n de tu navegador, normalmente en forma de cookies. Esta informaci\u00f3n, que puede referirse a tus datos de contacto, tus h\u00e1bitos de navegaci\u00f3n, tus preferencias o tu terminal (ordenador, tableta, dispositivo m\u00f3vil, etc.), nos permite adaptar nuestros sitios a tus expectativas. Una [&hellip;]<\/p>\n","protected":false},"author":1,"featured_media":10416,"parent":0,"menu_order":8,"comment_status":"closed","ping_status":"closed","template":"","meta":{"_acf_changed":false,"footnotes":""},"class_list":["post-28088","page","type-page","status-publish","has-post-thumbnail","hentry"],"acf":[],"_links":{"self":[{"href":"https:\/\/www.linvosges-hotellerie.com\/es\/wp-json\/wp\/v2\/pages\/28088","targetHints":{"allow":["GET"]}}],"collection":[{"href":"https:\/\/www.linvosges-hotellerie.com\/es\/wp-json\/wp\/v2\/pages"}],"about":[{"href":"https:\/\/www.linvosges-hotellerie.com\/es\/wp-json\/wp\/v2\/types\/page"}],"author":[{"embeddable":true,"href":"https:\/\/www.linvosges-hotellerie.com\/es\/wp-json\/wp\/v2\/users\/1"}],"replies":[{"embeddable":true,"href":"https:\/\/www.linvosges-hotellerie.com\/es\/wp-json\/wp\/v2\/comments?post=28088"}],"version-history":[{"count":0,"href":"https:\/\/www.linvosges-hotellerie.com\/es\/wp-json\/wp\/v2\/pages\/28088\/revisions"}],"wp:featuredmedia":[{"embeddable":true,"href":"https:\/\/www.linvosges-hotellerie.com\/es\/wp-json\/wp\/v2\/media\/10416"}],"wp:attachment":[{"href":"https:\/\/www.linvosges-hotellerie.com\/es\/wp-json\/wp\/v2\/media?parent=28088"}],"curies":[{"name":"wp","href":"https:\/\/api.w.org\/{rel}","templated":true}]}}