{"id":28191,"date":"2020-12-02T10:01:19","date_gmt":"2020-12-02T09:01:19","guid":{"rendered":"https:\/\/www.linvosges-hotellerie.com\/mi-cuenta-2\/"},"modified":"2025-03-19T12:05:56","modified_gmt":"2025-03-19T11:05:56","slug":"mi-cuenta-2","status":"publish","type":"page","link":"https:\/\/www.linvosges-hotellerie.com\/es\/mi-cuenta-2\/","title":{"rendered":"Mi cuenta"},"content":{"rendered":"<div class=\"woocommerce\"><\/div>\n<h2>Informaci\u00f3n profesional<\/h2>\n<p>Ver y actualizar la informaci\u00f3n de tu empresa<\/p>\n<p><br \/>\n\t\t\t<a href=\"\/mon-compte\/details\"><br \/>\n\t\t\t\t\t\t\t\t\tModificar la informaci\u00f3n<br \/>\n\t\t\t\t\t<\/a><\/p>\n<h2>Historial de pedidos<\/h2>\n<p>Encuentra aqu\u00ed todos tus pedidos, sigue tus entregas&#8230;<\/p>\n<p><br \/>\n\t\t\t<a href=\"\/mon-compte\/commandes\"><br \/>\n\t\t\t\t\t\t\t\t\tTodos los pedidos<br \/>\n\t\t\t\t\t<\/a><\/p>\n<h2>Formas de pago<\/h2>\n<p>Encuentra tus m\u00e9todos de pago registrados<\/p>\n<p>\t\t\t<a href=\"\/mon-compte\/moyens-de-paiement\"><br \/>\n\t\t\t\t\t\t\t\t\tVisita<br \/>\n\t\t\t\t\t<\/a><\/p>\n<h2>Datos de contacto<\/h2>\n<p>Ver y actualizar tus direcciones de entrega  <\/p>\n<p>\t\t\t<a href=\"\/mon-compte\/coordonnees\"><br \/>\n\t\t\t\t\t\t\t\t\tVisita<br \/>\n\t\t\t\t\t<\/a><\/p>\n<h2>Desconexi\u00f3n<\/h2>\n<p>Espero verte pronto<\/p>\n<p>\t\t\t<a href=\"\/mon-compte\/deconnexion\"><br \/>\n\t\t\t\t\t\t\t\t\tDesconexi\u00f3n<br \/>\n\t\t\t\t\t<\/a><\/p>\n","protected":false},"excerpt":{"rendered":"<p>Informaci\u00f3n profesional Ver y actualizar la informaci\u00f3n de tu empresa Modificar la informaci\u00f3n Historial de pedidos Encuentra aqu\u00ed todos tus pedidos, sigue tus entregas&#8230; Todos los pedidos Formas de pago Encuentra tus m\u00e9todos de pago registrados Visita Datos de contacto Ver y actualizar tus direcciones de entrega Visita Desconexi\u00f3n Espero verte pronto Desconexi\u00f3n<\/p>\n","protected":false},"author":1,"featured_media":10416,"parent":0,"menu_order":15,"comment_status":"closed","ping_status":"closed","template":"","meta":{"_acf_changed":false,"footnotes":""},"class_list":["post-28191","page","type-page","status-publish","has-post-thumbnail","hentry"],"acf":[],"_links":{"self":[{"href":"https:\/\/www.linvosges-hotellerie.com\/es\/wp-json\/wp\/v2\/pages\/28191","targetHints":{"allow":["GET"]}}],"collection":[{"href":"https:\/\/www.linvosges-hotellerie.com\/es\/wp-json\/wp\/v2\/pages"}],"about":[{"href":"https:\/\/www.linvosges-hotellerie.com\/es\/wp-json\/wp\/v2\/types\/page"}],"author":[{"embeddable":true,"href":"https:\/\/www.linvosges-hotellerie.com\/es\/wp-json\/wp\/v2\/users\/1"}],"replies":[{"embeddable":true,"href":"https:\/\/www.linvosges-hotellerie.com\/es\/wp-json\/wp\/v2\/comments?post=28191"}],"version-history":[{"count":1,"href":"https:\/\/www.linvosges-hotellerie.com\/es\/wp-json\/wp\/v2\/pages\/28191\/revisions"}],"predecessor-version":[{"id":60660,"href":"https:\/\/www.linvosges-hotellerie.com\/es\/wp-json\/wp\/v2\/pages\/28191\/revisions\/60660"}],"wp:featuredmedia":[{"embeddable":true,"href":"https:\/\/www.linvosges-hotellerie.com\/es\/wp-json\/wp\/v2\/media\/10416"}],"wp:attachment":[{"href":"https:\/\/www.linvosges-hotellerie.com\/es\/wp-json\/wp\/v2\/media?parent=28191"}],"curies":[{"name":"wp","href":"https:\/\/api.w.org\/{rel}","templated":true}]}}