{"id":28203,"date":"2020-09-17T14:09:57","date_gmt":"2020-09-17T12:09:57","guid":{"rendered":"https:\/\/www.linvosges-hotellerie.com\/informacion-legal\/"},"modified":"2024-06-06T10:36:12","modified_gmt":"2024-06-06T08:36:12","slug":"informacion-legal","status":"publish","type":"page","link":"https:\/\/www.linvosges-hotellerie.com\/es\/informacion-legal\/","title":{"rendered":"Informaci\u00f3n legal"},"content":{"rendered":"<p>Linvosges Soci\u00e9t\u00e9 Actions Simplifi\u00e9es con un capital de 627.000\u20ac cuyo domicilio social se encuentra en 6 place des d\u00e9port\u00e9s \/ 88400 G\u00e9rardmer \/ Francia &#8211; R.C.S. Epinal SIREN 475 682480<br \/>SIRET 475 682 480 00193<br \/>N\u00famero de identificaci\u00f3n a efectos del IVA: FR39475682480<br \/>Director de la publicaci\u00f3n :<\/p>\n<p>Sr. Patrick Pergament, Presidente de Linvosges<\/p>\n<p>Directora General: Sophie LERMAN<\/p>\n<h2>Contacta con nosotros<\/h2>\n<h3>Por tel\u00e9fono<\/h3>\n<p>Si quieres hacer un pedido, obtener informaci\u00f3n sobre la entrega, las garant\u00edas o presentar una reclamaci\u00f3n, nuestro equipo de Atenci\u00f3n al Cliente estar\u00e1 encantado de ayudarte en :<br \/>En Francia continental: 03 29 60 11 22 (el precio de una llamada local var\u00eda seg\u00fan el operador, sin recargo)<br \/>Desde el extranjero: 0033 329 601 122<\/p>\n<p>Estamos disponibles de lunes a viernes de 8.30 a 12.00 y de 14.00 a 17.00, y los viernes de 8.30 a 12.00 y de 14.00 a 16.30.<\/p>\n<h3>Por fax<\/h3>\n<p>Desde Francia continental: 0 329 601 123 Desde el extranjero: 00 33 329 601 123<\/p>\n<h3>Por correo postal<\/h3>\n<p>LINVOSGES<br \/>Departamento de Hosteler\u00eda<br \/>BP 09<br \/>88401 G\u00e9rardmer Cedex Francia<\/p>\n<p>Si tienes alg\u00fan comentario sobre el funcionamiento de este sitio, escribe al administrador del sitio: <a href=\"mailto:hotellerie@linvosges.com\" rel=\"sponsored nofollow\">hotellerie@linvosges.com<\/a>.<\/p>\n<h2>Desarrollo inform\u00e1tico y alojamiento<\/h2>\n<p>Desarrollo inform\u00e1tico: EKOUTE 3 rue du Devon BP 4407 44244 LA CHAPELLE SUR ERDRE CEDEX<br \/>+33(0) 2 40 29 73 73<br \/>Alojamiento: OVH 2 rue Kellermann 59100 ROUBAIX +33(0) 9 72 10 12 00<br \/>\u00c9tica<\/p>\n<p>Linvosges es miembro de la Federaci\u00f3n de Empresas de Venta a Distancia. Para acceder al sitio web de la FEVAD, <a href=\"https:\/\/www.mediateurfevad.fr\/\" rel=\"sponsored nofollow\">haz clic aqu\u00ed<\/a>.<\/p>\n<p>Nos comprometemos a respetar la \u00e9tica de la profesi\u00f3n y, en particular, el c\u00f3digo de conducta de la FEVAD para el comercio electr\u00f3nico y la venta a distancia.<\/p>\n<p>En su calidad de miembro de la FEVAD y de conformidad con la legislaci\u00f3n relativa a la resoluci\u00f3n amistosa de litigios a trav\u00e9s de la mediaci\u00f3n, LINVOSGES se ha adherido al Servicio de Mediaci\u00f3n de Comercio Electr\u00f3nico de la FEVAD (Federaci\u00f3n del Comercio Electr\u00f3nico y de la Venta a Distancia), con el que se puede contactar en las siguientes direcciones postales y electr\u00f3nicas: 60 rue la Bo\u00e9tie, 75008 Par\u00eds y  <a href=\"mailto:mediateurducommerce@fevad.com\" rel=\"sponsored nofollow\">mediateurducommerce@fevad.com.<\/a> El Mediador puede intervenir a petici\u00f3n tuya en cualquier litigio de consumo para el que no se haya encontrado una soluci\u00f3n amistosa. Para m\u00e1s detalles sobre c\u00f3mo ponerte en contacto con el Defensor del Pueblo, consulta <a href=\"https:\/\/www.mediateurfevad.fr\" rel=\"sponsored nofollow\">https:\/\/www.mediateurfevad.fr<\/a>.<\/p>\n<p>LINVOSGES es tambi\u00e9n Embajador de los Vosgos y miembro de <a href=\"https:\/\/www.vosges.com\" rel=\"sponsored nofollow\">www.vosges.com.<\/a><\/p>\n<h2>Derecho de marcas &#8211; Derechos de autor<\/h2>\n<p>Todas las marcas, siglas, nombres de colecciones, modelos y productos, elementos de este sitio y su arquitectura, se rigen por la legislaci\u00f3n francesa y europea sobre marcas, derechos de autor y propiedad intelectual. Todos los derechos de reproducci\u00f3n est\u00e1n reservados, incluso para los documentos descargables y las representaciones iconogr\u00e1ficas y fotogr\u00e1ficas.<\/p>\n<p>Queda terminantemente prohibida la reproducci\u00f3n total o parcial de este sitio en cualquier soporte electr\u00f3nico, a excepci\u00f3n de la impresi\u00f3n para uso estrictamente personal y privado y sin la autorizaci\u00f3n expresa del director de la publicaci\u00f3n.<\/p>\n<h2>Pol\u00edtica, privacidad y cookies datos personales<\/h2>\n<p>Los datos se recogen con fines de realizaci\u00f3n de pedidos, gesti\u00f3n de las relaciones con los clientes y prospecci\u00f3n.<\/p>\n<p>O por correo electr\u00f3nico, escribiendo a nuestro Responsable de Protecci\u00f3n de Datos: <a href=\"mailto:dpo@linvosges.com\">dpo@linvosges.com<\/a><\/p>\n<p>O por correo, escribiendo a la siguiente direcci\u00f3n<br \/>LINVOSGES<br \/>Departamento de Hosteler\u00eda<br \/>BP 09<br \/>88401 G\u00e9rardmer Cedex Francia<\/p>\n<p>Tambi\u00e9n tienes derecho a presentar una reclamaci\u00f3n ante la autoridad de control (la CNIL en Francia).<\/p>\n<p>Para obtener m\u00e1s informaci\u00f3n sobre nuestra pol\u00edtica de confidencialidad, el tratamiento de datos personales y nuestra carta sobre cookies, <a href=\"https:\/\/www.linvosges-hotellerie.com\/es\/carta-de-cookies\/\">haz clic aqu\u00ed<\/a>.<\/p>\n","protected":false},"excerpt":{"rendered":"<p>Linvosges Soci\u00e9t\u00e9 Actions Simplifi\u00e9es con un capital de 627.000\u20ac cuyo domicilio social se encuentra en 6 place des d\u00e9port\u00e9s \/ 88400 G\u00e9rardmer \/ Francia &#8211; R.C.S. Epinal SIREN 475 682480SIRET 475 682 480 00193N\u00famero de identificaci\u00f3n a efectos del IVA: FR39475682480Director de la publicaci\u00f3n : Sr. Patrick Pergament, Presidente de Linvosges Directora General: Sophie LERMAN [&hellip;]<\/p>\n","protected":false},"author":3,"featured_media":10416,"parent":0,"menu_order":29,"comment_status":"closed","ping_status":"closed","template":"","meta":{"_acf_changed":false,"footnotes":""},"class_list":["post-28203","page","type-page","status-publish","has-post-thumbnail","hentry"],"acf":[],"_links":{"self":[{"href":"https:\/\/www.linvosges-hotellerie.com\/es\/wp-json\/wp\/v2\/pages\/28203","targetHints":{"allow":["GET"]}}],"collection":[{"href":"https:\/\/www.linvosges-hotellerie.com\/es\/wp-json\/wp\/v2\/pages"}],"about":[{"href":"https:\/\/www.linvosges-hotellerie.com\/es\/wp-json\/wp\/v2\/types\/page"}],"author":[{"embeddable":true,"href":"https:\/\/www.linvosges-hotellerie.com\/es\/wp-json\/wp\/v2\/users\/3"}],"replies":[{"embeddable":true,"href":"https:\/\/www.linvosges-hotellerie.com\/es\/wp-json\/wp\/v2\/comments?post=28203"}],"version-history":[{"count":0,"href":"https:\/\/www.linvosges-hotellerie.com\/es\/wp-json\/wp\/v2\/pages\/28203\/revisions"}],"wp:featuredmedia":[{"embeddable":true,"href":"https:\/\/www.linvosges-hotellerie.com\/es\/wp-json\/wp\/v2\/media\/10416"}],"wp:attachment":[{"href":"https:\/\/www.linvosges-hotellerie.com\/es\/wp-json\/wp\/v2\/media?parent=28203"}],"curies":[{"name":"wp","href":"https:\/\/api.w.org\/{rel}","templated":true}]}}