{"id":28230,"date":"2020-09-17T14:09:34","date_gmt":"2020-09-17T12:09:34","guid":{"rendered":"https:\/\/www.linvosges-hotellerie.com\/condiciones-de-uso\/"},"modified":"2024-06-06T10:36:21","modified_gmt":"2024-06-06T08:36:21","slug":"condiciones-de-uso","status":"publish","type":"page","link":"https:\/\/www.linvosges-hotellerie.com\/es\/condiciones-de-uso\/","title":{"rendered":"Condiciones de uso"},"content":{"rendered":"<\/p>\n<p>Actualizado el 05 \/ 05 \/ 2023<\/p>\n<ul>\n<li>ART\u00cdCULO 1 &#8211; ACEPTACI\u00d3N PREVIA DE LAS CONDICIONES GENERALES DE USO DEL SITIO &#8211; MODIFICACI\u00d3N<\/li>\n<li>ART\u00cdCULO 2 &#8211; ACCESO AL EMPLAZAMIENTO &#8211; FUNCIONAMIENTO &#8211; SEGURIDAD<\/li>\n<li>ART\u00cdCULO 3 &#8211; RESPETO DE LOS DERECHOS DE LOS DEM\u00c1S<\/li>\n<li>ART\u00cdCULO 4 &#8211; CREACI\u00d3N DE ENLACES DE HIPERTEXTO<\/li>\n<li>ART\u00cdCULO 5 &#8211; DECLARACIONES &#8211; RESPONSABILIDAD<\/li>\n<li>ART\u00cdCULO 6 &#8211; INFRACCIONES DEL USUARIO<\/li>\n<li>ART\u00cdCULO 7 &#8211; DATOS PERSONALES &#8211; DATOS DE NAVEGACI\u00d3N<\/li>\n<li>ART\u00cdCULO 8 &#8211; RESPETO DE LOS DERECHOS DE PROPIEDAD INTELECTUAL<\/li>\n<li>ART\u00cdCULO 9 &#8211; ELECCI\u00d3N DE DOMICILIO Y LEY APLICABLE<\/li>\n<\/ul>\n<p>Las presentes Condiciones Generales de Uso (CGU) tienen por objeto definir las condiciones de visita y utilizaci\u00f3n del Sitio, as\u00ed como los derechos y obligaciones de Linvosges, en lo sucesivo &#8220;Linvosges&#8221;, el Editor del Sitio, y de cualquier visitante del Sitio, realice o no una compra en l\u00ednea (en lo sucesivo, el &#8220;Usuario&#8221;).<\/p>\n<h2>ART\u00cdCULO 1 &#8211; ACEPTACI\u00d3N DE LAS CONDICIONES GENERALES DE USO DEL SITIO &#8211; MODIFICACI\u00d3N<\/h2>\n<p>1.1. Las presentes Condiciones Generales de Utilizaci\u00f3n o abreviadamente &#8220;CGU&#8221; son aplicables a toda visita o utilizaci\u00f3n del\/de los sitio\/s web gestionado\/s por Linvosges, cuya direcci\u00f3n de Internet es www.linvosges-hotellerie.fr o cualquier otra direcci\u00f3n de Internet elegida por Linvosges, cualquiera que sea su finalidad, incluidas sus posibles modificaciones y todas las condiciones complementarias posteriores (en lo sucesivo, el Sitio). El uso del Sitio implica la aceptaci\u00f3n sin reservas por parte del Usuario de las Condiciones Generales de Uso, que s\u00f3lo podr\u00e1 utilizarlo en estricto cumplimiento de las mismas.<\/p>\n<p>1.2 Linvosges se reserva el derecho, en cualquier momento, de modificar total o parcialmente las Condiciones de Uso y\/o el Sitio Web. Cualquier adici\u00f3n o modificaci\u00f3n entrar\u00e1 en vigor inmediatamente en cuanto se publique en l\u00ednea, y se considerar\u00e1 que todos los Usuarios la han aceptado \u00fanicamente por el hecho de acceder y utilizar el Sitio en esa fecha.<\/p>\n<p>1.3 Si una o varias disposiciones de las Condiciones Generales de Uso son declaradas nulas por aplicaci\u00f3n de una ley, un contrato o a ra\u00edz de una decisi\u00f3n judicial o administrativa firme de un tribunal competente, las dem\u00e1s disposiciones no contradictorias conservar\u00e1n su fuerza y alcance.<\/p>\n<h2>ART\u00cdCULO 2 &#8211; ACCESO AL EMPLAZAMIENTO &#8211; FUNCIONAMIENTO &#8211; SEGURIDAD<\/h2>\n<p>2.1 Como Usuario de Internet, todo visitante y\/o Cliente declara conocer los peligros y contingencias de Internet, y en particular sus caracter\u00edsticas funcionales y prestaciones t\u00e9cnicas, los riesgos de interrupci\u00f3n, los plazos de respuesta para consultar, preguntar o transferir informaci\u00f3n, los riesgos en particular de violaci\u00f3n de datos, que pueden derivarse de una intrusi\u00f3n fraudulenta en el Sitio, a pesar de las medidas de seguridad que nos esforzamos por adoptar y desarrollar en funci\u00f3n de los avances.<br \/>t\u00e9cnicas.<\/p>\n<p>El Sitio es seguro.<\/p>\n<p>\u00bfC\u00f3mo puedes reconocerlo?<br \/>Por la menci\u00f3n https que precede a la direcci\u00f3n del Sitio y confirma que se trata del Sitio oficial. La &#8220;s&#8221; a\u00f1adida al habitual http significa &#8220;seguro&#8221; (Hyper Text Transfer Protocol Secure); el s\u00edmbolo de un candado cerrado tambi\u00e9n aparece en la barra de direcciones del sitio de comercio electr\u00f3nico con las palabras &#8220;seguro&#8221;. Recomendamos a los Usuarios que tomen la precauci\u00f3n de comprobar que la direcci\u00f3n del Sitio al que se conectan contiene estos avisos.<\/p>\n<p>2.2. Es responsabilidad del Usuario de Internet asegurarse de que dispone de los equipos inform\u00e1ticos, de telecomunicaciones y de seguridad adecuados y tomar todas las medidas para proteger sus datos y\/o software almacenados en sus equipos inform\u00e1ticos contra cualquier ataque, en particular realizando todas las impresiones, copias de seguridad y an\u00e1lisis de detecci\u00f3n de virus necesarios. En particular, habida cuenta de la tecnolog\u00eda de la comunicaci\u00f3n por Internet, debemos declinar toda responsabilidad por<br \/>responsabilidad en caso de :<\/p>\n<\/p>\n<ul>\n<li>Cualquier da\u00f1o resultante de una intrusi\u00f3n fraudulenta por parte de un tercero que no pueda atribuirse a nuestra Empresa,<br \/>que puedan haber provocado un cambio en la informaci\u00f3n disponible en el Sitio;<\/li>\n<li>De forma m\u00e1s general, cualquier da\u00f1o, directo o indirecto, material o inmaterial, independientemente de la causa del da\u00f1o.<br \/>causas, or\u00edgenes, naturalezas o consecuencias, provocadas por el acceso de una persona no autorizada al sitio.<br \/>Sitio, o la imposibilidad de acceder al mismo como consecuencia de su interrupci\u00f3n, suspensi\u00f3n o mal funcionamiento.<\/li>\n<\/ul>\n<p>2.3. Linvosges se esfuerza por mantener el Sitio Web accesible 24 horas al d\u00eda, 7 d\u00edas a la semana. No obstante, Linvosges podr\u00e1 llevar a cabo en cualquier momento operaciones de prueba, control y mantenimiento, as\u00ed como las intervenciones necesarias en caso de aver\u00edas, lo que puede provocar interrupciones en el servicio del Sitio.<\/p>\n<p>2.4 El Usuario se compromete a no obstaculizar en modo alguno el buen funcionamiento del Sitio y, en particular, a no sobrecargar abusivamente el ancho de banda, a no transmitir en o a trav\u00e9s del Sitio ning\u00fan elemento susceptible de contener un virus, un troyano, una bomba l\u00f3gica o cualquier otro elemento susceptible de da\u00f1ar los sistemas y\/o la informaci\u00f3n de los internautas.<\/p>\n<h2>ART\u00cdCULO 3 &#8211; RESPETO DE LOS DERECHOS DE LOS DEM\u00c1S<\/h2>\n<p>Debes comportarte de forma que respetes los derechos de terceros y de nuestra empresa cuando utilices Internet. En particular, se recuerda a los internautas que tienen prohibido escribir cualquier mensaje abusivo, racista, discriminatorio, inmoral o violento en cualquier forma, o cualquier mensaje que pueda da\u00f1ar la reputaci\u00f3n o la imagen de una persona, en las zonas de texto libre del Sitio y\/o en las p\u00e1ginas oficiales de Linvosges de las redes sociales, so pena de incurrir en responsabilidad.<\/p>\n<h2>ART\u00cdCULO 4 &#8211; CREACI\u00d3N DE ENLACES DE HIPERTEXTO<\/h2>\n<p>Los usuarios pueden crear enlaces de hipertexto al Sitio desde su(s) propio(s) sitio(s) web, siempre que (i) el establecimiento e implementaci\u00f3n de dicho enlace de hipertexto est\u00e1 sujeto a la notificaci\u00f3n previa a Linvosges y recibe su autorizaci\u00f3n expresa por escrito, (ii) los avisos de derechos de Linvosges o cualesquiera otros avisos contenidos en el Sitio no sean alterados u ocultados, (iii) el enlace hipertexto sea suprimido a simple notificaci\u00f3n, a la primera solicitud de Linvosges, incluso si el enlace ha sido autorizado previamente. Cualquier enlace de hipertexto al Sitio que utilice la t\u00e9cnica de framing o enlace en l\u00ednea est\u00e1 estrictamente prohibido.<\/p>\n<h2>ART\u00cdCULO 5 &#8211; DECLARACIONES &#8211; RESPONSABILIDAD<\/h2>\n<p>5.1 Los Usuarios son enteramente responsables de su conexi\u00f3n al Sitio.<\/p>\n<p>5.2 En el Sitio Web pueden aparecer enlaces de hipertexto que conducen a otros sitios web, incluidos los de los socios de Linvosges, como los socios y distribuidores de Linvosges. Se recuerda que Linvosges no tiene ning\u00fan control sobre el contenido de estos sitios web, en particular, sobre los Productos, servicios y otra informaci\u00f3n disponible en y\/o desde estos sitios web.<\/p>\n<h2>ART\u00cdCULO 6 &#8211; INFRACCIONES DEL USUARIO<\/h2>\n<p>Cualquier infracci\u00f3n de las Condiciones de Uso puede dar lugar a que se proh\u00edba al Usuario el uso del Sitio, a la entera discreci\u00f3n de Linvosges, sin perjuicio de los dem\u00e1s derechos y recursos de Linvosges en caso de da\u00f1os y\/o perjuicios al sistema.<\/p>\n<\/p>\n<h2>ART\u00cdCULO 7 &#8211; DATOS PERSONALES Y DATOS DE NAVEGACI\u00d3N<\/h2>\n<p>7.1 Linvosges recopila informaci\u00f3n personal y\/o de navegaci\u00f3n relativa al Usuario en el contexto de la utilizaci\u00f3n del Sitio Web, la realizaci\u00f3n de un pedido o la gesti\u00f3n de una cuenta de Cliente. Parte de esta informaci\u00f3n tambi\u00e9n puede destinarse a terceros, proveedores de servicios directa o indirectamente implicados en el funcionamiento del Sitio para permitir a Linvosges prestar el servicio solicitado por el Usuario, a nuestras tiendas y a nuestros socios comerciales, para que puedas beneficiarte de sus ofertas por correo o por tel\u00e9fono. Los clientes tambi\u00e9n pueden recibir ofertas de productos para el hogar por correo electr\u00f3nico a la direcci\u00f3n que nos hayan facilitado. El Usuario es susceptible de recibir por correo electr\u00f3nico los boletines de Linvosges h\u00f4tellerie, as\u00ed como las ofertas y mensajes de los socios de Linvosges, cuando sea cliente o cuando el Usuario haya dado su consentimiento para recibirlos, marcando espec\u00edficamente las casillas previstas a tal efecto en los formularios accesibles en el Sitio Web de Linvosges h\u00f4tellerie. Los usuarios que tienen una cuenta pueden a\u00f1adir, modificar o eliminar determinada informaci\u00f3n personal accediendo directamente a su cuenta.<\/p>\n<p>7.2 El Sitio puede almacenar o recuperar informaci\u00f3n del navegador del Usuario, generalmente en forma de cookies. Esta informaci\u00f3n, que puede referirse a los datos de contacto del Usuario, sus h\u00e1bitos de navegaci\u00f3n, sus preferencias o su dispositivo de Internet (ordenador, tableta o dispositivo m\u00f3vil, etc.), nos permite adaptar nuestro Sitio Web y\/o nuestras ofertas en funci\u00f3n de las expectativas de los Usuarios. Las cookies son colocadas por el Sitio visitado o sus socios con fines espec\u00edficos, como la medici\u00f3n de la audiencia, el an\u00e1lisis, la orientaci\u00f3n de las ofertas publicitarias, etc. Para m\u00e1s informaci\u00f3n sobre nuestra pol\u00edtica de confidencialidad y tratamiento de datos personales y el uso de cookies, <a href=\"https:\/\/www.linvosges-hotellerie.com\/es\/politica-de-privacidad\/\">haz clic aqu\u00ed<\/a>. Si tienes alguna pregunta sobre la protecci\u00f3n de datos personales, tambi\u00e9n puedes ponerte en contacto con nuestro Responsable de Protecci\u00f3n de Datos en la siguiente direcci\u00f3n de correo electr\u00f3nico: dpo@linvosges.com.<\/p>\n<h2>ART\u00cdCULO 8 &#8211; RESPETO DE LOS DERECHOS DE PROPIEDAD INTELECTUAL<\/h2>\n<p>8.1 Todas las marcas y logotipos son propiedad de Linvosges o de las entidades en cuesti\u00f3n y est\u00e1n protegidos por la ley de marcas. En particular, y esta lista no es exhaustiva, las marcas Linvosges\u00ae y Linvosges l&#8217;amour du beau linge\u00ae son marcas registradas de la empresa Linvosges. Los derechos de propiedad intelectual de los gr\u00e1ficos, dise\u00f1os, modelos, creaciones de productos y nombres de productos o nombres de colecciones y, en general, todos los elementos creativos, son propiedad exclusiva del<br \/>Linvosges o sus proveedores no conceden ninguna licencia ni ning\u00fan derecho que no sea el de consultar el Sitio.Se informa a los Usuarios de que el Sitio, su estructura de \u00e1rbol y su contenido (incluida toda la informaci\u00f3n accesible a trav\u00e9s del servicio, especialmente en forma de textos, fotos, im\u00e1genes, sonidos, datos, bases de datos y programas descargables, incluida la tecnolog\u00eda subyacente), as\u00ed como cada uno de los elementos que aparecen en el Sitio o creados para el Sitio, est\u00e1n protegidos por derechos de propiedad intelectual y\/o industrial, de los que Linvosges es titular o est\u00e1 autorizado a utilizar.<\/p>\n<p>8.2. El \u00fanico derecho concedido a cualquier Usuario es el de recibir temporalmente en su equipo, todo o parte del Sitio, con el fin de visitarlo. Los usuarios no pueden almacenar fuera de l\u00ednea, reproducir, publicar, transmitir, distribuir, mostrar, modificar, crear obras derivadas, vender o participar en cualquier venta de, o explotar de cualquier manera, en su totalidad o en parte, cualquiera de los contenidos, el sitio, o cualquier software relacionado, sin el permiso previo por escrito de Linvosges. Se autoriza la reproducci\u00f3n de cualquier documento publicado en el Sitio \u00fanicamente con fines informativos para uso personal y privado, quedando expresamente prohibida cualquier reproducci\u00f3n o utilizaci\u00f3n de copias realizadas con otros fines. En consecuencia, cualquier reproducci\u00f3n y\/o utilizaci\u00f3n y\/o representaci\u00f3n sin el consentimiento previo por escrito de Linvosges o de la entidad en cuesti\u00f3n constituir\u00e1 una infracci\u00f3n y ser\u00e1 perseguida y sancionada en virtud de la legislaci\u00f3n sobre marcas y derechos de autor, de conformidad con el C\u00f3digo de la Propiedad Intelectual. Tambi\u00e9n puede dar lugar a procedimientos por competencia desleal y parasitismo.<\/p>\n<h2>ART\u00cdCULO 9 &#8211; ELECCI\u00d3N DE DOMICILIO Y LEY APLICABLE<\/h2>\n<p>Para la aplicaci\u00f3n de las Condiciones Generales de Uso y sus consecuencias, Linvosges declara su domicilio social como su lugar de residencia.<\/p>\n<\/p>\n<p>La aplicaci\u00f3n, interpretaci\u00f3n y ejecuci\u00f3n de las presentes Condiciones de Uso se rigen por la legislaci\u00f3n francesa, correspondiente a la legislaci\u00f3n del pa\u00eds de origen del Editor del Sitio Web. Este sitio web est\u00e1 editado por Linvosges, sociedad de derecho franc\u00e9s y sujeta a la legislaci\u00f3n francesa sobre venta a distancia e informaci\u00f3n y protecci\u00f3n de los consumidores.<\/p><\/p>\n","protected":false},"excerpt":{"rendered":"<p>Actualizado el 05 \/ 05 \/ 2023 ART\u00cdCULO 1 &#8211; ACEPTACI\u00d3N PREVIA DE LAS CONDICIONES GENERALES DE USO DEL SITIO &#8211; MODIFICACI\u00d3N ART\u00cdCULO 2 &#8211; ACCESO AL EMPLAZAMIENTO &#8211; FUNCIONAMIENTO &#8211; SEGURIDAD ART\u00cdCULO 3 &#8211; RESPETO DE LOS DERECHOS DE LOS DEM\u00c1S ART\u00cdCULO 4 &#8211; CREACI\u00d3N DE ENLACES DE HIPERTEXTO ART\u00cdCULO 5 &#8211; DECLARACIONES &#8211; [&hellip;]<\/p>\n","protected":false},"author":3,"featured_media":10416,"parent":0,"menu_order":32,"comment_status":"closed","ping_status":"closed","template":"","meta":{"_acf_changed":false,"footnotes":""},"class_list":["post-28230","page","type-page","status-publish","has-post-thumbnail","hentry"],"acf":[],"_links":{"self":[{"href":"https:\/\/www.linvosges-hotellerie.com\/es\/wp-json\/wp\/v2\/pages\/28230","targetHints":{"allow":["GET"]}}],"collection":[{"href":"https:\/\/www.linvosges-hotellerie.com\/es\/wp-json\/wp\/v2\/pages"}],"about":[{"href":"https:\/\/www.linvosges-hotellerie.com\/es\/wp-json\/wp\/v2\/types\/page"}],"author":[{"embeddable":true,"href":"https:\/\/www.linvosges-hotellerie.com\/es\/wp-json\/wp\/v2\/users\/3"}],"replies":[{"embeddable":true,"href":"https:\/\/www.linvosges-hotellerie.com\/es\/wp-json\/wp\/v2\/comments?post=28230"}],"version-history":[{"count":0,"href":"https:\/\/www.linvosges-hotellerie.com\/es\/wp-json\/wp\/v2\/pages\/28230\/revisions"}],"wp:featuredmedia":[{"embeddable":true,"href":"https:\/\/www.linvosges-hotellerie.com\/es\/wp-json\/wp\/v2\/media\/10416"}],"wp:attachment":[{"href":"https:\/\/www.linvosges-hotellerie.com\/es\/wp-json\/wp\/v2\/media?parent=28230"}],"curies":[{"name":"wp","href":"https:\/\/api.w.org\/{rel}","templated":true}]}}