{"id":28232,"date":"2020-09-17T14:07:37","date_gmt":"2020-09-17T12:07:37","guid":{"rendered":"https:\/\/www.linvosges-hotellerie.com\/nuestros-logros\/"},"modified":"2025-03-19T11:24:20","modified_gmt":"2025-03-19T10:24:20","slug":"nuestros-logros","status":"publish","type":"page","link":"https:\/\/www.linvosges-hotellerie.com\/es\/ambiente-a-medida\/nuestros-logros\/","title":{"rendered":"Nuestros logros"},"content":{"rendered":"<h2>Hotel XO<\/h2>\n<p>PAR\u00cdS &#8211; <sup>17<\/sup><\/p>\n<p>Renovado en 2017 con elegancia y modernidad, el H\u00f4tel XO, situado en el distrito <sup>17<\/sup> de Par\u00eds, es un lugar \u00fanico que encarna la pasi\u00f3n por el vino y los licores.<\/p>\n<\/p>\n<p>Su director, Cyprien BOCHER, conoci\u00f3 Linvosges por el boca a boca, y fue la relaci\u00f3n calidad\/precio de nuestros productos* lo que marc\u00f3 la diferencia. No hay lugar para el compromiso cuando se trata de calidad, precio y est\u00e9tica.<\/p>\n<p>El hotel est\u00e1 equipado con las siguientes gamas:<\/p>\n<ul>\n<li>\n\t\t\t\t\t\t\t\t\t\t\t<a href=\"https:\/\/www.linvosges-hotellerie.com\/fr\/linge-de-lit\/linge-de-lit-satin-brunate-coton\/\"><br \/>\n\t\t\t\t\t\t\t\t\t\tRopa de cama de sat\u00e9n de algod\u00f3n BRUNATE<br \/>\n\t\t\t\t\t\t\t\t\t\t\t<\/a>\n\t\t\t\t\t\t\t\t\t<\/li>\n<li>\n\t\t\t\t\t\t\t\t\t\t\t<a href=\"https:\/\/www.linvosges-hotellerie.com\/fr\/eponges\/linge-de-bain-eponge-epure\/\"><br \/>\n\t\t\t\t\t\t\t\t\t\tToallas y s\u00e1banas \u00c9PURE de algod\u00f3n peinado<br \/>\n\t\t\t\t\t\t\t\t\t\t\t<\/a>\n\t\t\t\t\t\t\t\t\t<\/li>\n<li>\n\t\t\t\t\t\t\t\t\t\t\t<a href=\"https:\/\/www.linvosges-hotellerie.com\/fr\/la-literie\/oreiller-microconfort-original-ferme\/\"><br \/>\n\t\t\t\t\t\t\t\t\t\tAlmohadas MICROCONFORT<br \/>\n\t\t\t\t\t\t\t\t\t\t\t<\/a>\n\t\t\t\t\t\t\t\t\t<\/li>\n<li>\n\t\t\t\t\t\t\t\t\t\t\t<a href=\"https:\/\/www.linvosges-hotellerie.com\/fr\/la-literie\/alese\/alese-softimper-coton-enduit-200grs-m2\/\"><br \/>\n\t\t\t\t\t\t\t\t\t\tHojas inferiores SOFTIMPER<br \/>\n\t\t\t\t\t\t\t\t\t\t\t<\/a>\n\t\t\t\t\t\t\t\t\t<\/li>\n<\/ul>\n<p>M\u00e1s informaci\u00f3n en <strong><br \/>\n  <a href=\"https:\/\/xohotelparis.com\/\">xohotelparis.com<\/a><br \/>\n<\/strong><\/p>\n<h2>L&#8217;Assiette Champenoise<\/h2>\n<p>TINQUEUX (51)<\/p>\n<p>Creado en 1975 por Jean Pierre y Colette Lallement, Assiette Champenoise era originalmente un restaurante gastron\u00f3mico. Con los a\u00f1os, el negocio creci\u00f3 y se traslad\u00f3 a una magn\u00edfica mansi\u00f3n en Tinqueux para convertirse en un hotel-restaurante.<\/p>\n<\/p>\n<p>El establecimiento lo dirigen ahora los hijos: Arnaud, el hijo con tres estrellas Michelin, y su esposa Magali en el comedor, as\u00ed como M\u00e9lanie, la hija encargada del hotel de 5 estrellas.<\/p>\n<p>El hotel est\u00e1 equipado con las siguientes gamas:<\/p>\n<ul>\n<li>\n\t\t\t\t\t\t\t\t\t\t\t<a href=\"https:\/\/www.linvosges-hotellerie.com\/fr\/linge-de-lit\/linge-de-lit-bandes-satin-prelude\/\"><br \/>\n\t\t\t\t\t\t\t\t\t\tRopa de cama PR\u00c9LUDE<br \/>\n\t\t\t\t\t\t\t\t\t\t\t<\/a>\n\t\t\t\t\t\t\t\t\t<\/li>\n<li>\n\t\t\t\t\t\t\t\t\t\t\t<a href=\"https:\/\/www.linvosges-hotellerie.com\/fr\/linge-de-lit\/coton\/linge-de-lit-percale-seersucker-ecume-coton\/\"><br \/>\n\t\t\t\t\t\t\t\t\t\tRopa de cama \u00c9CUME<br \/>\n\t\t\t\t\t\t\t\t\t\t\t<\/a>\n\t\t\t\t\t\t\t\t\t<\/li>\n<li>\n\t\t\t\t\t\t\t\t\t\t\t<a href=\"https:\/\/www.linvosges-hotellerie.com\/fr\/la-literie\/oreiller-microconfort-confort-medium\/\"><br \/>\n\t\t\t\t\t\t\t\t\t\tAlmohadas MICROCONFORT<br \/>\n\t\t\t\t\t\t\t\t\t\t\t<\/a>\n\t\t\t\t\t\t\t\t\t<\/li>\n<li>\n\t\t\t\t\t\t\t\t\t\t\t<a href=\"https:\/\/www.linvosges-hotellerie.com\/fr\/la-literie\/couette-confortel-350grs-m2\/\"><br \/>\n\t\t\t\t\t\t\t\t\t\tEdredones CONFORTEL<br \/>\n\t\t\t\t\t\t\t\t\t\t\t<\/a>\n\t\t\t\t\t\t\t\t\t<\/li>\n<li>\n\t\t\t\t\t\t\t\t\t\t\t<a href=\"https:\/\/www.linvosges-hotellerie.com\/fr\/la-literie\/alese\/alese-softimper-coton-enduit-200grs-m2\/\"><br \/>\n\t\t\t\t\t\t\t\t\t\tHojas inferiores SOFTIMPER<br \/>\n\t\t\t\t\t\t\t\t\t\t\t<\/a>\n\t\t\t\t\t\t\t\t\t<\/li>\n<\/ul>\n<p>M\u00e1s informaci\u00f3n en <strong><br \/>\n  <a href=\"https:\/\/www.assiettechampenoise.com\/\">assiettechampenoise.com<\/a><br \/>\n<\/strong><\/p>\n<h2>La Granja Chozal<\/h2>\n<p>HAUTELUCE (73)<\/p>\n<p>La Ferme du Chozal es una antigua granja de alta monta\u00f1a reconvertida en hotel balneario de 4 estrellas. Las instalaciones de alta gama y las impresionantes vistas har\u00e1n las delicias de los amantes de la naturaleza.<\/p>\n<\/p>\n<p>Situados en un magn\u00edfico entorno natural en Hauteluce, los anfitriones, Anne Christine y Fr\u00e9d\u00e9ric BOULANGER, eligieron una decoraci\u00f3n que combina madera y piedra para crear un ambiente c\u00e1lido y aut\u00e9ntico.<\/p>\n<p>El hotel est\u00e1 equipado con las siguientes gamas:<\/p>\n<ul>\n<li>\n\t\t\t\t\t\t\t\t\t\t\t<a href=\"https:\/\/www.linvosges-hotellerie.com\/fr\/linge-de-lit\/linge-de-lit-percale-polycoton-anais\/\"><br \/>\n\t\t\t\t\t\t\t\t\t\tRopa de cama ANA\u00cfS<br \/>\n\t\t\t\t\t\t\t\t\t\t\t<\/a>\n\t\t\t\t\t\t\t\t\t<\/li>\n<li>\n\t\t\t\t\t\t\t\t\t\t\t<a href=\"https:\/\/www.linvosges-hotellerie.com\/fr\/eponges\/linge-de-bain-eponge-epure-bio\/\"><br \/>\n\t\t\t\t\t\t\t\t\t\tToallas y s\u00e1banas \u00c9PURE BIO<br \/>\n\t\t\t\t\t\t\t\t\t\t\t<\/a>\n\t\t\t\t\t\t\t\t\t<\/li>\n<li>\n\t\t\t\t\t\t\t\t\t\t\t<a href=\"https:\/\/www.linvosges-hotellerie.com\/fr\/eponges\/peignoir-kimono-spa-nid-dabeille\/\"><br \/>\n\t\t\t\t\t\t\t\t\t\tAlbornoces SPA<br \/>\n\t\t\t\t\t\t\t\t\t\t\t<\/a>\n\t\t\t\t\t\t\t\t\t<\/li>\n<li>\n\t\t\t\t\t\t\t\t\t\t\t<a href=\"https:\/\/www.linvosges-hotellerie.com\/fr\/la-literie\/oreiller-microconfort-confort-souple\/\"><br \/>\n\t\t\t\t\t\t\t\t\t\tAlmohadas MICROCONFORT<br \/>\n\t\t\t\t\t\t\t\t\t\t\t<\/a>\n\t\t\t\t\t\t\t\t\t<\/li>\n<\/ul>\n<p>M\u00e1s informaci\u00f3n en <a href=\"https:\/\/www.lafermeduchozal.com\/fr\/\"><br \/>\n  <strong>lafermeduchozal.com<\/strong><br \/>\n<\/a><\/p>\n<h2>La Table de Jacques<\/h2>\n<p>Mittelhausbergen (67)<\/p>\n<p>Nuestra experta en hosteler\u00eda Nathalie GASPARD aport\u00f3 su mirada profesional al Sr. LORENTZ, del establecimiento Au Tilleul de Mittelhausbergen (67), y le orient\u00f3 en sus elecciones para la renovaci\u00f3n de su restaurante la Table de Jacques.<\/p>\n<\/p>\n<p>Para la manteler\u00eda, eligieron la gama TRIESTE de color tomillo en jacquard de algod\u00f3n 100% con efecto flameado, contrastada con servilletas de algod\u00f3n puro de color morado totalmente personalizadas con una inscripci\u00f3n tejida con el nombre del establecimiento.<\/p>\n<\/p>\n<p>La decoraci\u00f3n contin\u00faa en tonos ciruela y morado, con paredes japonesas alternas. Algunas, fabricadas con la malla BRANDO de efecto met\u00e1lico tan de moda, dejan pasar la luz y ocultan la otra cara. Los segundos de tela ETERNAL, un magn\u00edfico estampado de hojas bordadas sobre un tejido aterciopelado, cubren las paredes para crear un ambiente rom\u00e1ntico y chic.<\/p>\n<\/p>\n<p>La oferta de <a href=\"https:\/\/www.linvosges-hotellerie.com\/fr\/louer-nos-produits\/\">alquiler de Linvosges<\/a> te da la tranquilidad de invertir preservando tu flujo de caja.<\/p>\n<p>El restaurante est\u00e1 equipado con las siguientes gamas:<\/p>\n<ul>\n<li>\n\t\t\t\t\t\t\t\t\t\t\t<a href=\"https:\/\/www.linvosges-hotellerie.com\/fr\/la-table\/linge-de-table\/linge-de-table-trieste\/\"><br \/>\n\t\t\t\t\t\t\t\t\t\tManteles TRIESTE<br \/>\n\t\t\t\t\t\t\t\t\t\t\t<\/a>\n\t\t\t\t\t\t\t\t\t<\/li>\n<li>\n\t\t\t\t\t\t\t\t\t\t\t<a href=\"https:\/\/www.linvosges-hotellerie.com\/fr\/ambiance-sur-mesure\/la-fenetre\/les-stores-parois-japonaises\/\"><br \/>\n\t\t\t\t\t\t\t\t\t\tMuros cortina japoneses BRANDO<br \/>\n\t\t\t\t\t\t\t\t\t\t\t<\/a>\n\t\t\t\t\t\t\t\t\t<\/li>\n<li>\n\t\t\t\t\t\t\t\t\t\t\t<a href=\"https:\/\/www.linvosges-hotellerie.com\/fr\/ambiance-sur-mesure\/la-fenetre\/les-stores-parois-japonaises\/\"><br \/>\n\t\t\t\t\t\t\t\t\t\tMuros japoneses en tejido ETERNO<br \/>\n\t\t\t\t\t\t\t\t\t\t\t<\/a>\n\t\t\t\t\t\t\t\t\t<\/li>\n<\/ul>\n<p>M\u00e1s informaci\u00f3n en <a href=\"https:\/\/www.autilleul.fr\/\"><br \/>\n  <strong>autilleul.fr<\/strong><br \/>\n<\/a><\/p>\n<h3>Descubre nuestros ambientes a medida<\/h3>\n<p>\t\t\t<a role=\"button\"><br \/>\n\t\t\t\t\t\t\t\t\tLa ventana<br \/>\n\t\t\t\t\t<\/a><br \/>\n\t\t\t<a role=\"button\"><br \/>\n\t\t\t\t\t\t\t\t\tLa cama<br \/>\n\t\t\t\t\t<\/a><br \/>\n\t\t\t<a href=\"https:\/\/www.linvosges-hotellerie.com\/fr\/esprit-linvosges\/#conseilinstallation\"><\/p>\n<h3>Del asesoramiento a la instalaci\u00f3n<\/h3>\n<p>\t\t\t\t\t<\/a><\/p>\n","protected":false},"excerpt":{"rendered":"<p>Hotel XO PAR\u00cdS &#8211; 17 Renovado en 2017 con elegancia y modernidad, el H\u00f4tel XO, situado en el distrito 17 de Par\u00eds, es un lugar \u00fanico que encarna la pasi\u00f3n por el vino y los licores. Su director, Cyprien BOCHER, conoci\u00f3 Linvosges por el boca a boca, y fue la relaci\u00f3n calidad\/precio de nuestros productos* [&hellip;]<\/p>\n","protected":false},"author":3,"featured_media":10416,"parent":28532,"menu_order":3,"comment_status":"closed","ping_status":"closed","template":"","meta":{"_acf_changed":false,"footnotes":""},"class_list":["post-28232","page","type-page","status-publish","has-post-thumbnail","hentry"],"acf":[],"_links":{"self":[{"href":"https:\/\/www.linvosges-hotellerie.com\/es\/wp-json\/wp\/v2\/pages\/28232","targetHints":{"allow":["GET"]}}],"collection":[{"href":"https:\/\/www.linvosges-hotellerie.com\/es\/wp-json\/wp\/v2\/pages"}],"about":[{"href":"https:\/\/www.linvosges-hotellerie.com\/es\/wp-json\/wp\/v2\/types\/page"}],"author":[{"embeddable":true,"href":"https:\/\/www.linvosges-hotellerie.com\/es\/wp-json\/wp\/v2\/users\/3"}],"replies":[{"embeddable":true,"href":"https:\/\/www.linvosges-hotellerie.com\/es\/wp-json\/wp\/v2\/comments?post=28232"}],"version-history":[{"count":1,"href":"https:\/\/www.linvosges-hotellerie.com\/es\/wp-json\/wp\/v2\/pages\/28232\/revisions"}],"predecessor-version":[{"id":60615,"href":"https:\/\/www.linvosges-hotellerie.com\/es\/wp-json\/wp\/v2\/pages\/28232\/revisions\/60615"}],"up":[{"embeddable":true,"href":"https:\/\/www.linvosges-hotellerie.com\/es\/wp-json\/wp\/v2\/pages\/28532"}],"wp:featuredmedia":[{"embeddable":true,"href":"https:\/\/www.linvosges-hotellerie.com\/es\/wp-json\/wp\/v2\/media\/10416"}],"wp:attachment":[{"href":"https:\/\/www.linvosges-hotellerie.com\/es\/wp-json\/wp\/v2\/media?parent=28232"}],"curies":[{"name":"wp","href":"https:\/\/api.w.org\/{rel}","templated":true}]}}