{"id":28312,"date":"2020-09-17T14:05:20","date_gmt":"2020-09-17T12:05:20","guid":{"rendered":"https:\/\/www.linvosges-hotellerie.com\/nuestras-colecciones-de-tejidos\/"},"modified":"2025-03-19T11:24:20","modified_gmt":"2025-03-19T10:24:20","slug":"nuestras-colecciones-de-tejidos","status":"publish","type":"page","link":"https:\/\/www.linvosges-hotellerie.com\/es\/ambiente-a-medida\/nuestras-colecciones-de-tejidos\/","title":{"rendered":"Nuestras colecciones de tejidos"},"content":{"rendered":"<p><img decoding=\"async\" width=\"800\" height=\"741\" src=\"https:\/\/www.linvosges-hotellerie.com\/wp-content\/uploads\/2020\/12\/collection-tissus-confection-sur-mesure-hotel-professionnel-linvosges-hotellerie-1024x948.jpg\" alt=\"Nos Collections De Tissus Linvosges H\u00f4tellerie\" srcset=\"https:\/\/www.linvosges-hotellerie.com\/wp-content\/uploads\/2020\/12\/collection-tissus-confection-sur-mesure-hotel-professionnel-linvosges-hotellerie-1024x948.jpg 1024w, https:\/\/www.linvosges-hotellerie.com\/wp-content\/uploads\/2020\/12\/collection-tissus-confection-sur-mesure-hotel-professionnel-linvosges-hotellerie-600x555.jpg 600w, https:\/\/www.linvosges-hotellerie.com\/wp-content\/uploads\/2020\/12\/collection-tissus-confection-sur-mesure-hotel-professionnel-linvosges-hotellerie-300x278.jpg 300w, https:\/\/www.linvosges-hotellerie.com\/wp-content\/uploads\/2020\/12\/collection-tissus-confection-sur-mesure-hotel-professionnel-linvosges-hotellerie-768x711.jpg 768w, https:\/\/www.linvosges-hotellerie.com\/wp-content\/uploads\/2020\/12\/collection-tissus-confection-sur-mesure-hotel-professionnel-linvosges-hotellerie-1536x1421.jpg 1536w, https:\/\/www.linvosges-hotellerie.com\/wp-content\/uploads\/2020\/12\/collection-tissus-confection-sur-mesure-hotel-professionnel-linvosges-hotellerie.jpg 1140w\" sizes=\"(max-width: 800px) 100vw, 800px\" \/>\t\t\t\t\t\t\t\t\t\t\t\t\t<\/p>\n<h1><\/br> Nuestros tejidos <strong>a medida para profesionales<\/strong><\/h1>\n<h2>La colecci\u00f3n Nativa<\/h2>\n<p>Una gama que cambia con las estaciones y las tendencias, ofreciendo visillos y telas de tapicer\u00eda desde las m\u00e1s ligeras a las m\u00e1s pesadas para vestir tus camas y ventanas con personalidad.<\/p>\n<h2>La colecci\u00f3n R\u00e9sist<br \/>\n<\/h2>\n<p>Esta colecci\u00f3n, que cumple las normas de seguridad NO FIRE y est\u00e1 recomendada para su uso en lugares p\u00fablicos, ofrece una gama muy amplia de tejidos, desde los m\u00e1s sobrios a los m\u00e1s atrevidos, que adem\u00e1s pueden equiparse con funciones adicionales inteligentes: atenuar el ruido, limitar la proliferaci\u00f3n de bacterias y captar los malos olores.<\/p>\n<h2>La colecci\u00f3n Creativa<\/h2>\n<p>Para el artista que todos llev\u00e1is dentro, esta colecci\u00f3n os ofrece la posibilidad de crear el tejido que m\u00e1s os guste, de dar rienda suelta a vuestras ideas y estampar el motivo que quer\u00e1is sobre un soporte elegido entre una gama de calidades de tejido diferentes.<\/p>\n<h3>Descubre nuestros ambientes a medida<\/h3>\n<p>\t\t\t<a role=\"button\"><br \/>\n\t\t\t\t\t\t\t\t\tLa ventana<br \/>\n\t\t\t\t\t<\/a><br \/>\n\t\t\t<a role=\"button\"><br \/>\n\t\t\t\t\t\t\t\t\tLa cama<br \/>\n\t\t\t\t\t<\/a><br \/>\n\t\t\t<a role=\"button\"><br \/>\n\t\t\t\t\t\t\t\t\tNuestros logros<br \/>\n\t\t\t\t\t<\/a><\/p>\n","protected":false},"excerpt":{"rendered":"<p>Nuestros tejidos a medida para profesionales La colecci\u00f3n Nativa Una gama que cambia con las estaciones y las tendencias, ofreciendo visillos y telas de tapicer\u00eda desde las m\u00e1s ligeras a las m\u00e1s pesadas para vestir tus camas y ventanas con personalidad. La colecci\u00f3n R\u00e9sist Esta colecci\u00f3n, que cumple las normas de seguridad NO FIRE y [&hellip;]<\/p>\n","protected":false},"author":3,"featured_media":10416,"parent":28532,"menu_order":2,"comment_status":"closed","ping_status":"closed","template":"","meta":{"_acf_changed":false,"footnotes":""},"class_list":["post-28312","page","type-page","status-publish","has-post-thumbnail","hentry"],"acf":[],"_links":{"self":[{"href":"https:\/\/www.linvosges-hotellerie.com\/es\/wp-json\/wp\/v2\/pages\/28312","targetHints":{"allow":["GET"]}}],"collection":[{"href":"https:\/\/www.linvosges-hotellerie.com\/es\/wp-json\/wp\/v2\/pages"}],"about":[{"href":"https:\/\/www.linvosges-hotellerie.com\/es\/wp-json\/wp\/v2\/types\/page"}],"author":[{"embeddable":true,"href":"https:\/\/www.linvosges-hotellerie.com\/es\/wp-json\/wp\/v2\/users\/3"}],"replies":[{"embeddable":true,"href":"https:\/\/www.linvosges-hotellerie.com\/es\/wp-json\/wp\/v2\/comments?post=28312"}],"version-history":[{"count":1,"href":"https:\/\/www.linvosges-hotellerie.com\/es\/wp-json\/wp\/v2\/pages\/28312\/revisions"}],"predecessor-version":[{"id":60614,"href":"https:\/\/www.linvosges-hotellerie.com\/es\/wp-json\/wp\/v2\/pages\/28312\/revisions\/60614"}],"up":[{"embeddable":true,"href":"https:\/\/www.linvosges-hotellerie.com\/es\/wp-json\/wp\/v2\/pages\/28532"}],"wp:featuredmedia":[{"embeddable":true,"href":"https:\/\/www.linvosges-hotellerie.com\/es\/wp-json\/wp\/v2\/media\/10416"}],"wp:attachment":[{"href":"https:\/\/www.linvosges-hotellerie.com\/es\/wp-json\/wp\/v2\/media?parent=28312"}],"curies":[{"name":"wp","href":"https:\/\/api.w.org\/{rel}","templated":true}]}}