{"id":28598,"date":"2020-09-17T13:56:11","date_gmt":"2020-09-17T11:56:11","guid":{"rendered":"https:\/\/www.linvosges-hotellerie.com\/ambiente-a-medida\/la-cama\/"},"modified":"2025-04-07T18:55:48","modified_gmt":"2025-04-07T16:55:48","slug":"la-cama","status":"publish","type":"page","link":"https:\/\/www.linvosges-hotellerie.com\/es\/ambiente-a-medida\/la-cama\/","title":{"rendered":"La cama"},"content":{"rendered":"<h1><\/br> La cama <strong>PERSONALIZADA<\/strong><\/h1>\n<p>Iniciar un proyecto<\/p>\n<p><strong> <a href=\"http:\/\/+33329601122\" data-wplink-url-error=\"true\">+33 (0) 3 29 60 11 22<\/a><\/strong><\/p>\n<p>\t\t\t<a role=\"button\"><br \/>\n\t\t\t\t\t\t\t\t\tSOLICITAR PRESUPUESTO<br \/>\n\t\t\t\t\t<\/a><br \/>\n\t\t\t<a role=\"button\"><\/p>\n<h2><\/br> Los cojines<\/h2>\n<p>\t\t\t\t\t<\/a><br \/>\n\t\t\t<a role=\"button\"><\/p>\n<h2><\/br> Los caminos de la cama<\/h2>\n<p>\t\t\t\t\t<\/a><br \/>\n\t\t\t<a role=\"button\"><\/p>\n<h2><\/br> Las colchas<\/h2>\n<p>\t\t\t\t\t<\/a><br \/>\n\t\t\t<a role=\"button\"><\/p>\n<h2><\/br> Las tapas<\/h2>\n<p>\t\t\t\t\t<\/a><br \/>\n\t\t\t<a role=\"button\"><\/p>\n<h2><\/br> Cabeceros<\/h2>\n<p>\t\t\t\t\t<\/a><\/p>\n<p>Los accesorios decorativos adornan la cama para resaltar lo mejor de tu hogar.<\/p>\n<p>un toque personal a tus s\u00e1banas blancas.<\/p>\n<p>Con colchas, cojines, bufandas y cabeceros a medida, podemos crear un ambiente a tu medida. Nuestra colecci\u00f3n de telas para tapicer\u00eda incluye una amplia gama de tejidos lisos, florales y geom\u00e9tricos en tonos sobrios o llamativos, combinados con una gran variedad de texturas para adaptarse a todos los estilos.<\/p>\n<h2>Una amplia gama de productos para vestir tus camas<\/h2>\n<p>Para que tus dormitorios sean \u00fanicos, la ropa de cama con accesorios es imprescindible. <a href=\"https:\/\/www.linvosges-hotellerie.com\/es\/ambiente-a-medida\/la-cama\/cojines\/\">Cojines<\/a>, <a href=\"https:\/\/www.linvosges-hotellerie.com\/es\/ambiente-a-medida\/la-cama\/caminos-de-camas\/\">rodapi\u00e9s<\/a>, colchas, cubrecamas&#8230; Linvosges te ofrece una <strong>amplia gama de textiles<\/strong> para vestir tu ropa de cama. Los cojines son ese peque\u00f1o toque de fantas\u00eda que puede marcar la diferencia en el ambiente de tu habitaci\u00f3n. Cuadradas o rectangulares, en gran n\u00famero o s\u00f3lo dos o tres, de sat\u00e9n o terciopelo sedoso, pueden vestir f\u00e1cilmente una cama para hacerla m\u00e1s acogedora.<br \/>El camino de cama colocado sobre el edred\u00f3n o la colcha tambi\u00e9n se ha convertido en un importante elemento de decoraci\u00f3n y confort. Esta tira de tela puede ser del mismo material que los cojines o de un discreto color blanco. Puede utilizarse para <strong>rematar<\/strong> la ropa de cama o para calentar a tus invitados si las noches son un poco fr\u00edas.<br \/>Las <a href=\"https:\/\/www.linvosges-hotellerie.com\/es\/ambiente-a-medida\/la-cama\/colchas\/\">colchas<\/a> tambi\u00e9n a\u00f1aden car\u00e1cter a tu dormitorio. Pueden ser coloridas, cubriendo una gran superficie de la cama, o lisas, con esquinas redondeadas y costuras decorativas. Protege la ropa de cama y proporciona un confort adicional a la hora de dormir.<br \/>En cuanto a la cama en s\u00ed, puedes a\u00f1adir un cabecero esencial para no da\u00f1ar la pared con el roce del armaz\u00f3n, pero tambi\u00e9n para vestir la cama. Y para un acabado perfecto, elige una funda de colch\u00f3n en los colores de tu decoraci\u00f3n.<\/p>\n<h2>Materiales y estampados para todos los estilos<\/h2>\n<p>Linvosges ofrece una amplia gama de productos acabados en diversos colores y materiales. Para los cojines, por ejemplo, puedes elegir entre una gama de formas, telas lisas o estampadas, con fundas desenfundables o cierres de cremallera. Tambi\u00e9n hay dise\u00f1os bimateriales que combinan un lado de terciopelo cosido con motivos geom\u00e9tricos con un reverso liso.<br \/>En cuanto a las colchas, puedes elegir entre <strong>seis colores de moda<\/strong> y un motivo \u00e9tnico que se adaptan a todos los estilos de decoraci\u00f3n. Puedes utilizarlo en verano en lugar de un edred\u00f3n para conseguir un efecto aut\u00e9ntico, o echarlo sobre la cama para <strong>completar un juego de s\u00e1banas<\/strong> blanco inmaculado. En cuanto a los caminos de cama, tambi\u00e9n est\u00e1n disponibles en telas estampadas, lisas o bimateriales para que combinen con el color de tus paredes o cortinas y den el toque final a tu decoraci\u00f3n.<br \/>Los<a href=\"https:\/\/www.linvosges-hotellerie.com\/es\/ambiente-a-medida\/la-cama\/cabeceros\/\"> cabeceros<\/a> est\u00e1n disponibles en <strong>multitud de tejidos y acabados<\/strong>. Sea cual sea el modelo que elijas, puedes elegir entre m\u00e1s de 200 referencias de color y dise\u00f1o para que se adapten lo mejor posible a tu estado de \u00e1nimo. Pero con la ropa de cama a medida, puedes crear el elemento que har\u00e1 \u00fanica tu decoraci\u00f3n.<\/p>\n<h2>Posibilidades infinitas gracias a la personalizaci\u00f3n<\/h2>\n<p>Si buscas un producto \u00fanico, recurre a los expertos de Linvosges para obtener <strong>ropa de cama a medida<\/strong>. Tras escuchar tus necesidades y limitaciones, los especialistas en el hogar te orientar\u00e1n hacia modelos que se ajusten a tu estilo. Gracias a su saber hacer, que combina tradici\u00f3n y modernidad, nuestra empresa puede ofrecer un servicio a medida para toda tu ropa de hogar. Por ejemplo, puedes elegir el acabado de tus cojines (ribete, bot\u00f3n decorativo, cierre de cartera&#8230;), as\u00ed como su tama\u00f1o, colores y materiales.<br \/>Lo mismo ocurre con las colchas y los cubrecamas, que pueden tener esquinas redondeadas, cuadradas o en forma de caja, y el acolchado puede tener puntadas decorativas o una guata m\u00e1s pesada o m\u00e1s ligera, seg\u00fan la ca\u00edda que desees.<br \/>En cuanto a la cama en s\u00ed, los cabeceros acabados se presentan en tres modelos: Eleo con su acabado tapizado, Cadr\u00e9o en forma de cuadro y Slim\u00e9o para un acabado sencillo y universal. Puedes elegir libremente el formato y el material, as\u00ed como el color de cada elemento. Y en cuanto a los<a href=\"https:\/\/www.linvosges-hotellerie.com\/es\/ambiente-a-medida\/la-cama\/fundas-para-somieres\/\"> cubrecamas<\/a>, se adaptan perfectamente a los marcos de cama que protegen, convirti\u00e9ndolos en un elemento decorativo por derecho propio con elegantes acabados como pliegues de caja, esquinas de caja, con o sin vuelta en la parte superior, volantes m\u00e1s altos o m\u00e1s bajos&#8230;<\/p>\n<h3><\/br> Consulta nuestros \u00faltimos proyectos a medida<\/h3>\n<p>\t\t\t<a role=\"button\"><br \/>\n\t\t\t\t\t\t\t\t\tVER NUESTROS LOGROS<br \/>\n\t\t\t\t\t<\/a><\/p>\n<p>Tambi\u00e9n te puede gustar<\/p>\n<h3>Suscr\u00edbete al bolet\u00edn de noticias de la Linvosges H\u00f4tellerie<br \/>\n<\/h3>\n<p>\u00a1y aprov\u00e9chate de ofertas exclusivas!<\/p>\n<p>Mi correo electr\u00f3nico<\/p>\n<p>ME INSCRIBO<\/p>\n","protected":false},"excerpt":{"rendered":"<p>La cama PERSONALIZADA Iniciar un proyecto +33 (0) 3 29 60 11 22 SOLICITAR PRESUPUESTO Los cojines Los caminos de la cama Las colchas Las tapas Cabeceros Los accesorios decorativos adornan la cama para resaltar lo mejor de tu hogar. un toque personal a tus s\u00e1banas blancas. Con colchas, cojines, bufandas y cabeceros a medida, [&hellip;]<\/p>\n","protected":false},"author":3,"featured_media":10416,"parent":28532,"menu_order":1,"comment_status":"closed","ping_status":"closed","template":"","meta":{"_acf_changed":false,"footnotes":""},"class_list":["post-28598","page","type-page","status-publish","has-post-thumbnail","hentry"],"acf":[],"_links":{"self":[{"href":"https:\/\/www.linvosges-hotellerie.com\/es\/wp-json\/wp\/v2\/pages\/28598","targetHints":{"allow":["GET"]}}],"collection":[{"href":"https:\/\/www.linvosges-hotellerie.com\/es\/wp-json\/wp\/v2\/pages"}],"about":[{"href":"https:\/\/www.linvosges-hotellerie.com\/es\/wp-json\/wp\/v2\/types\/page"}],"author":[{"embeddable":true,"href":"https:\/\/www.linvosges-hotellerie.com\/es\/wp-json\/wp\/v2\/users\/3"}],"replies":[{"embeddable":true,"href":"https:\/\/www.linvosges-hotellerie.com\/es\/wp-json\/wp\/v2\/comments?post=28598"}],"version-history":[{"count":1,"href":"https:\/\/www.linvosges-hotellerie.com\/es\/wp-json\/wp\/v2\/pages\/28598\/revisions"}],"predecessor-version":[{"id":60569,"href":"https:\/\/www.linvosges-hotellerie.com\/es\/wp-json\/wp\/v2\/pages\/28598\/revisions\/60569"}],"up":[{"embeddable":true,"href":"https:\/\/www.linvosges-hotellerie.com\/es\/wp-json\/wp\/v2\/pages\/28532"}],"wp:featuredmedia":[{"embeddable":true,"href":"https:\/\/www.linvosges-hotellerie.com\/es\/wp-json\/wp\/v2\/media\/10416"}],"wp:attachment":[{"href":"https:\/\/www.linvosges-hotellerie.com\/es\/wp-json\/wp\/v2\/media?parent=28598"}],"curies":[{"name":"wp","href":"https:\/\/api.w.org\/{rel}","templated":true}]}}