{"id":28608,"date":"2020-09-17T13:55:25","date_gmt":"2020-09-17T11:55:25","guid":{"rendered":"https:\/\/www.linvosges-hotellerie.com\/ambiente-a-medida\/la-ventana\/"},"modified":"2025-03-19T11:23:41","modified_gmt":"2025-03-19T10:23:41","slug":"la-ventana","status":"publish","type":"page","link":"https:\/\/www.linvosges-hotellerie.com\/es\/ambiente-a-medida\/la-ventana\/","title":{"rendered":"La ventana"},"content":{"rendered":"<h1><\/br> La ventana<\/h1>\n<p>Iniciar un proyecto<\/p>\n<p><strong> <a href=\"http:\/\/+33329601122\" data-wplink-url-error=\"true\">+33 (0) 3 29 60 11 22<\/a><\/strong><\/p>\n<p>\t\t\t<a role=\"button\"><br \/>\n\t\t\t\t\t\t\t\t\tSOLICITAR PRESUPUESTO<br \/>\n\t\t\t\t\t<\/a><br \/>\n\t\t\t<a role=\"button\"><\/p>\n<h2>Cortinas<\/h2>\n<p>\t\t\t\t\t<\/a><br \/>\n\t\t\t<a role=\"button\"><\/p>\n<h2>Cortinas<\/h2>\n<p>\t\t\t\t\t<\/a><br \/>\n\t\t\t<a role=\"button\"><\/p>\n<h2><\/br>Persianas y paredes japonesas<\/h2>\n<p>\t\t\t\t\t<\/a><br \/>\n\t\t\t<a role=\"button\"><\/p>\n<h2>Varillas<\/h2>\n<p>\t\t\t\t\t<\/a><\/p>\n<p>Abierta al exterior, la ventana est\u00e1 adornada con colgaduras para ofrecer<\/p>\n<p>un ambiente \u00fanico para tu hogar.<\/p>\n<p>Montadas en varillas aptas para uso profesional, nuestras cortinas, visillos, estores y biombos japoneses a medida, en las texturas, colores, materiales y acabados que elijas, se adaptan perfectamente al estilo y la ergonom\u00eda de tus dormitorios, salones y comedores. Tanto si quieres que sean oscurecedoras, aislantes o puramente decorativas, nuestros expertos te guiar\u00e1n y asesorar\u00e1n para llevar a buen puerto tu proyecto.<\/p>\n<h3><\/br> Consulta nuestros \u00faltimos proyectos a medida<\/h3>\n<p>\t\t\t<a role=\"button\"><br \/>\n\t\t\t\t\t\t\t\t\tVER NUESTROS LOGROS<br \/>\n\t\t\t\t\t<\/a><\/p>\n<h3>Suscr\u00edbete al bolet\u00edn de noticias de la Linvosges H\u00f4tellerie<br \/>\n<\/h3>\n<p>\u00a1y aprov\u00e9chate de ofertas exclusivas!<\/p>\n<p>Mi correo electr\u00f3nico<\/p>\n<p>ME INSCRIBO<\/p>\n","protected":false},"excerpt":{"rendered":"<p>La ventana Iniciar un proyecto +33 (0) 3 29 60 11 22 SOLICITAR PRESUPUESTO Cortinas Cortinas Persianas y paredes japonesas Varillas Abierta al exterior, la ventana est\u00e1 adornada con colgaduras para ofrecer un ambiente \u00fanico para tu hogar. Montadas en varillas aptas para uso profesional, nuestras cortinas, visillos, estores y biombos japoneses a medida, en [&hellip;]<\/p>\n","protected":false},"author":3,"featured_media":10416,"parent":28532,"menu_order":0,"comment_status":"closed","ping_status":"closed","template":"","meta":{"_acf_changed":false,"footnotes":""},"class_list":["post-28608","page","type-page","status-publish","has-post-thumbnail","hentry"],"acf":[],"_links":{"self":[{"href":"https:\/\/www.linvosges-hotellerie.com\/es\/wp-json\/wp\/v2\/pages\/28608","targetHints":{"allow":["GET"]}}],"collection":[{"href":"https:\/\/www.linvosges-hotellerie.com\/es\/wp-json\/wp\/v2\/pages"}],"about":[{"href":"https:\/\/www.linvosges-hotellerie.com\/es\/wp-json\/wp\/v2\/types\/page"}],"author":[{"embeddable":true,"href":"https:\/\/www.linvosges-hotellerie.com\/es\/wp-json\/wp\/v2\/users\/3"}],"replies":[{"embeddable":true,"href":"https:\/\/www.linvosges-hotellerie.com\/es\/wp-json\/wp\/v2\/comments?post=28608"}],"version-history":[{"count":1,"href":"https:\/\/www.linvosges-hotellerie.com\/es\/wp-json\/wp\/v2\/pages\/28608\/revisions"}],"predecessor-version":[{"id":60560,"href":"https:\/\/www.linvosges-hotellerie.com\/es\/wp-json\/wp\/v2\/pages\/28608\/revisions\/60560"}],"up":[{"embeddable":true,"href":"https:\/\/www.linvosges-hotellerie.com\/es\/wp-json\/wp\/v2\/pages\/28532"}],"wp:featuredmedia":[{"embeddable":true,"href":"https:\/\/www.linvosges-hotellerie.com\/es\/wp-json\/wp\/v2\/media\/10416"}],"wp:attachment":[{"href":"https:\/\/www.linvosges-hotellerie.com\/es\/wp-json\/wp\/v2\/media?parent=28608"}],"curies":[{"name":"wp","href":"https:\/\/api.w.org\/{rel}","templated":true}]}}