{"id":28924,"date":"2020-12-20T04:36:47","date_gmt":"2020-12-20T03:36:47","guid":{"rendered":"https:\/\/www.linvosges-hotellerie.com\/solicitar-un-catalogo\/"},"modified":"2025-03-19T11:24:35","modified_gmt":"2025-03-19T10:24:35","slug":"solicitar-un-catalogo","status":"publish","type":"page","link":"https:\/\/www.linvosges-hotellerie.com\/es\/solicitar-un-catalogo\/","title":{"rendered":"Solicitar un cat\u00e1logo"},"content":{"rendered":"<h2>Descubre las nuevas colecciones de hoteles Linvosges en nuestro cat\u00e1logo interactivo<\/h2>\n<p>De la decoraci\u00f3n a la ropa de ba\u00f1o, de la manteler\u00eda a la ropa de cama, d\u00e9jate inspirar, aconsejar y guiar mientras navegas por las p\u00e1ginas y vas directamente a las fichas de producto.<\/p>\n<div style=\"text-align: center; width:560px; margin: 12px auto;\"><iframe loading=\"lazy\" src=\"\/\/v.calameo.com\/?bkcode=00746889776d18b71f7d4&amp;language=es&amp;page=&amp;showsharemenu=true&amp;clickTo=view&amp;clickTarget=_blank&amp;clickToUrl=&amp;autoFlip=0&amp;mode=mini&amp;wmode=transparent\" width=\"560\" height=\"350\" style=\"width:560px;height:350px\" frameborder=\"0\" scrolling=\"no\" allowtransparency allowfullscreen><\/iframe><\/div>\n<p>Descubre la colecci\u00f3n de colchones y bases, fruto de nuestra colaboraci\u00f3n con Bellecour Literie.<\/p>\n<div style=\"text-align: center; width:480px; margin: 12px auto;\"><iframe loading=\"lazy\" src=\"\/\/v.calameo.com\/?bkcode=007468897a54c7f1fc8fb&amp;language=es&amp;page=&amp;showsharemenu=true&amp;clickTo=view&amp;clickTarget=_blank&amp;clickToUrl=&amp;autoFlip=0&amp;mode=mini&amp;wmode=transparent\" width=\"480\" height=\"300\" style=\"width:480px;height:300px\" frameborder=\"0\" scrolling=\"no\" allowtransparency allowfullscreen><\/iframe><\/div>\n<p>Para recibir nuestra<\/p>\n<h1>Cat\u00e1logo del Hotel Linvosges<\/h1>\n<p>por correo<\/p>\n<p>Rellena este formulario<\/p>\n<form action=\"https:\/\/crm.zoho.eu\/crm\/WebForm\" name=\"WebForm110749000030611237\" method=\"POST\" onsubmit=\"javascript:document.charset=\"UTF-8\"; return checkMandatory110749000030611237()\" accept-charset=\"UTF-8\">\n\t<input type=\"text\" style=\"display:none;\" name=\"xnQsjsdp\" value=\"6a0445a9ff00e12d39b7c1ecac528f6b39bd2b01db711ada1a9cf34f2cb68039\"><br \/>\n\t<input type=\"hidden\" name=\"zc_gad\" id=\"zc_gad\" value=\"\"><br \/>\n\t<input type=\"text\" style=\"display:none;\" name=\"xmIwtLD\" value=\"e3f3f054e8e8c2b9b815a1b59b902d1194605c042c6f95fd52336b44188eab91\"><br \/>\n\t<input type=\"text\" style=\"display:none;\" name=\"actionType\" value=\"Q3VzdG9tTW9kdWxlNQ==\"><br \/>\n\t<input type=\"text\" style=\"display:none;\" name=\"returnURL\" value=\"https:\/\/www.linvosges-hotellerie.com\/\"><br \/>\n\t\t<label for=\"NAME\">Nombre del  establecimiento<\/label><br \/>\n\t\t<input type=\"text\" id=\"NAME\" name=\"NAME\" maxlength=\"120\"><br \/>\n\t\t<label for=\"COBJ5CF8\">Civismo*<\/label><br \/>\n\t\t<select id=\"COBJ5CF8\" name=\"COBJ5CF8\"><option value=\"\"><\/option><option value=\"Sr.\">Sr.<\/option><option value=\"Sra.\">Sra.<\/option><option value=\"Srta.\">Srta.<\/option><\/select><br \/>\n\t\t<label for=\"COBJ5CF9\">Nombre<\/label><br \/>\n\t\t<input type=\"text\" id=\"COBJ5CF9\" name=\"COBJ5CF9\" maxlength=\"255\"><br \/>\n\t\t<label for=\"COBJ5CF2\">Nombre<\/label><br \/>\n\t\t<input type=\"text\" id=\"COBJ5CF2\" name=\"COBJ5CF2\" maxlength=\"255\"><br \/>\n\t\t<label for=\"COBJ5CF1\">N\u00famero de  tel\u00e9fono<\/label><br \/>\n\t\t<input type=\"text\" id=\"COBJ5CF1\" name=\"COBJ5CF1\" maxlength=\"255\"><br \/>\n\t\t<label for=\"Email\">Direcci\u00f3n de  correo electr\u00f3nico<\/label><br \/>\n\t\t<input type=\"text\" ftype=\"email\" id=\"Email\" name=\"Email\" maxlength=\"100\"><br \/>\n\t\t<label for=\"COBJ5CF3\">Direcci\u00f3n  para correspondencia<\/label><br \/>\n\t\t<input type=\"text\" id=\"COBJ5CF3\" name=\"COBJ5CF3\" maxlength=\"255\"><br \/>\n\t\t<label for=\"COBJ5CF4\">C\u00f3digo postal<\/label><br \/>\n\t\t<input type=\"text\" id=\"COBJ5CF4\" name=\"COBJ5CF4\" maxlength=\"255\"><br \/>\n\t\t<label for=\"COBJ5CF5\">Ciudad<\/label><br \/>\n\t\t<input type=\"text\" id=\"COBJ5CF5\" name=\"COBJ5CF5\" maxlength=\"255\"><br \/>\n\t\t<label for=\"COBJ5CF6\">Pa\u00eds<\/label><br \/>\n\t\t<input type=\"text\" id=\"COBJ5CF6\" name=\"COBJ5CF6\" maxlength=\"255\"><br \/>\n\t\t<label>Introduce el Captcha<\/label><br \/>\n\t\t<input type=\"text\" maxlength=\"10\" name=\"enterdigest\"><br \/>\n\t\t<img decoding=\"async\" id=\"imgid\" src=\"https:\/\/crm.zoho.eu\/crm\/CaptchaServlet?formId=e3f3f054e8e8c2b9b815a1b59b902d1194605c042c6f95fd52336b44188eab91&amp;grpid=6a0445a9ff00e12d39b7c1ecac528f6b39bd2b01db711ada1a9cf34f2cb68039\"><br \/>\n\t\t\t<a href=\"javascript:;\" onclick=\"reloadImg()\">Relanzar<\/a><\/p>\n<hr>\n<p>\t\t<input type=\"submit\" id=\"formsubmit\" value=\"Env\u00eda\" title=\"Env\u00eda\"><br \/>\n<\/form>\n<p>*Camposobligatorios. Los datos recogidos en este formulario est\u00e1n destinados a que Linvosges, responsable del tratamiento, gestione la relaci\u00f3n contigo y te proporcione las respuestas y la informaci\u00f3n que solicitas. De acuerdo con la ley, tienes derecho a acceder, rectificar y oponerte a los datos que te conciernen. Para saber m\u00e1s, consulta nuestra <a href=\"https:\/\/www.linvosges-hotellerie.com\/es\/politica-de-privacidad\/\" target=\"_blank\" rel=\"noopener noreferrer\">pol\u00edtica de privacidad<\/a>.<\/p>\n","protected":false},"excerpt":{"rendered":"<p>Descubre las nuevas colecciones de hoteles Linvosges en nuestro cat\u00e1logo interactivo De la decoraci\u00f3n a la ropa de ba\u00f1o, de la manteler\u00eda a la ropa de cama, d\u00e9jate inspirar, aconsejar y guiar mientras navegas por las p\u00e1ginas y vas directamente a las fichas de producto. Descubre la colecci\u00f3n de colchones y bases, fruto de nuestra [&hellip;]<\/p>\n","protected":false},"author":1,"featured_media":10416,"parent":0,"menu_order":7,"comment_status":"closed","ping_status":"closed","template":"","meta":{"_acf_changed":false,"footnotes":""},"class_list":["post-28924","page","type-page","status-publish","has-post-thumbnail","hentry"],"acf":[],"_links":{"self":[{"href":"https:\/\/www.linvosges-hotellerie.com\/es\/wp-json\/wp\/v2\/pages\/28924","targetHints":{"allow":["GET"]}}],"collection":[{"href":"https:\/\/www.linvosges-hotellerie.com\/es\/wp-json\/wp\/v2\/pages"}],"about":[{"href":"https:\/\/www.linvosges-hotellerie.com\/es\/wp-json\/wp\/v2\/types\/page"}],"author":[{"embeddable":true,"href":"https:\/\/www.linvosges-hotellerie.com\/es\/wp-json\/wp\/v2\/users\/1"}],"replies":[{"embeddable":true,"href":"https:\/\/www.linvosges-hotellerie.com\/es\/wp-json\/wp\/v2\/comments?post=28924"}],"version-history":[{"count":1,"href":"https:\/\/www.linvosges-hotellerie.com\/es\/wp-json\/wp\/v2\/pages\/28924\/revisions"}],"predecessor-version":[{"id":60635,"href":"https:\/\/www.linvosges-hotellerie.com\/es\/wp-json\/wp\/v2\/pages\/28924\/revisions\/60635"}],"wp:featuredmedia":[{"embeddable":true,"href":"https:\/\/www.linvosges-hotellerie.com\/es\/wp-json\/wp\/v2\/media\/10416"}],"wp:attachment":[{"href":"https:\/\/www.linvosges-hotellerie.com\/es\/wp-json\/wp\/v2\/media?parent=28924"}],"curies":[{"name":"wp","href":"https:\/\/api.w.org\/{rel}","templated":true}]}}