{"id":28941,"date":"2020-12-20T04:36:35","date_gmt":"2020-12-20T03:36:35","guid":{"rendered":"https:\/\/www.linvosges-hotellerie.com\/pide-un-presupuesto-6\/"},"modified":"2025-03-19T11:24:35","modified_gmt":"2025-03-19T10:24:35","slug":"pide-un-presupuesto-6","status":"publish","type":"page","link":"https:\/\/www.linvosges-hotellerie.com\/es\/pide-un-presupuesto-6\/","title":{"rendered":"Pide un presupuesto"},"content":{"rendered":"<h2>\u00bfTienes un proyecto a medida?<\/h2>\n<h1>Obtener presupuesto Linvosges H\u00f4tellerie<\/h1>\n<p><strong> <a href=\"http:\/\/+33329601122\" data-wplink-url-error=\"true\">+33 (0) 3 29 60 11 22<\/a><\/strong><\/p>\n<form action=\"https:\/\/crm.zoho.eu\/crm\/WebForm\" name=\"WebForm110749000038568206\" method=\"POST\" onsubmit=\"javascript:document.charset=\"UTF-8\"; return checkMandatory110749000038568206()\" accept-charset=\"UTF-8\">\n\t<input type=\"text\" style=\"display:none;\" name=\"xnQsjsdp\" value=\"6a0445a9ff00e12d39b7c1ecac528f6b39bd2b01db711ada1a9cf34f2cb68039\"><br \/>\n\t<input type=\"hidden\" name=\"zc_gad\" id=\"zc_gad\" value=\"\"><br \/>\n\t<input type=\"text\" style=\"display:none;\" name=\"xmIwtLD\" value=\"e3f3f054e8e8c2b9b815a1b59b902d114c532fc040eb6404091df61f113280a0\"><br \/>\n\t<input type=\"text\" style=\"display:none;\" name=\"actionType\" value=\"Q3VzdG9tTW9kdWxlMTY=\"><br \/>\n\t<input type=\"text\" style=\"display:none;\" name=\"returnURL\" value=\"https:\/\/www.linvosges-hotellerie.com\/\"><br \/>\n\t    <label for=\"NAME\">Nombre del  establecimiento<\/label><br \/>\n\t    <input type=\"text\" id=\"NAME\" name=\"NAME\" maxlength=\"120\"><br \/>\n    \t<label for=\"COBJ16CF1\">Nombre<\/label><br \/>\n    \t<input type=\"text\" id=\"COBJ16CF1\" name=\"COBJ16CF1\" maxlength=\"255\"><br \/>\n    \t<label for=\"COBJ16CF2\">Nombre<\/label><br \/>\n    \t<input type=\"text\" id=\"COBJ16CF2\" name=\"COBJ16CF2\" maxlength=\"255\"><br \/>\n    \t<label for=\"COBJ16CF3\">N\u00famero de  tel\u00e9fono<\/label><br \/>\n    \t<input type=\"text\" id=\"COBJ16CF3\" name=\"COBJ16CF3\" maxlength=\"30\"><br \/>\n    \t<label for=\"Email\">Correo electr\u00f3nico<\/label><br \/>\n    \t<input type=\"text\" ftype=\"email\" id=\"Email\" name=\"Email\" maxlength=\"100\"><br \/>\n    \t<label for=\"COBJ16CF4\">C\u00f3digo postal<\/label><br \/>\n    \t<input type=\"text\" id=\"COBJ16CF4\" name=\"COBJ16CF4\" maxlength=\"255\"><br \/>\n    \t<label for=\"COBJ16CF5\">Ciudad<\/label><br \/>\n    \t<input type=\"text\" id=\"COBJ16CF5\" name=\"COBJ16CF5\" maxlength=\"255\"><br \/>\n\t    <label for=\"COBJ16CF6\">Descripci\u00f3n<\/label><br \/>\n\t\t<textarea id=\"COBJ16CF6\" name=\"COBJ16CF6\"><\/textarea><br \/>\n\t    <input type=\"submit\" id=\"formsubmit\" value=\"Env\u00eda\" title=\"Env\u00eda\"><br \/>\n\t\t<!-- Do not remove this --- Analytics Tracking code starts --><!----><!-- Do not remove this --- Analytics Tracking code ends. --><\/form>\n<p>*Camposobligatorios. Los datos recogidos en este formulario est\u00e1n destinados a que Linvosges, responsable del tratamiento, gestione la relaci\u00f3n contigo y te proporcione las respuestas y la informaci\u00f3n que solicitas. De acuerdo con la ley, tienes derecho a acceder, rectificar y oponerte a los datos que te conciernen. Para saber m\u00e1s, consulta nuestra <a href=\"https:\/\/www.linvosges-hotellerie.com\/es\/politica-de-privacidad\/\" target=\"_blank\" rel=\"noopener noreferrer\">pol\u00edtica de privacidad<\/a>.<\/p>\n","protected":false},"excerpt":{"rendered":"<p>\u00bfTienes un proyecto a medida? Obtener presupuesto Linvosges H\u00f4tellerie +33 (0) 3 29 60 11 22 Nombre del establecimiento Nombre Nombre N\u00famero de tel\u00e9fono Correo electr\u00f3nico C\u00f3digo postal Ciudad Descripci\u00f3n *Camposobligatorios. Los datos recogidos en este formulario est\u00e1n destinados a que Linvosges, responsable del tratamiento, gestione la relaci\u00f3n contigo y te proporcione las respuestas y [&hellip;]<\/p>\n","protected":false},"author":1,"featured_media":10416,"parent":0,"menu_order":6,"comment_status":"closed","ping_status":"closed","template":"","meta":{"_acf_changed":false,"footnotes":""},"class_list":["post-28941","page","type-page","status-publish","has-post-thumbnail","hentry"],"acf":[],"_links":{"self":[{"href":"https:\/\/www.linvosges-hotellerie.com\/es\/wp-json\/wp\/v2\/pages\/28941","targetHints":{"allow":["GET"]}}],"collection":[{"href":"https:\/\/www.linvosges-hotellerie.com\/es\/wp-json\/wp\/v2\/pages"}],"about":[{"href":"https:\/\/www.linvosges-hotellerie.com\/es\/wp-json\/wp\/v2\/types\/page"}],"author":[{"embeddable":true,"href":"https:\/\/www.linvosges-hotellerie.com\/es\/wp-json\/wp\/v2\/users\/1"}],"replies":[{"embeddable":true,"href":"https:\/\/www.linvosges-hotellerie.com\/es\/wp-json\/wp\/v2\/comments?post=28941"}],"version-history":[{"count":1,"href":"https:\/\/www.linvosges-hotellerie.com\/es\/wp-json\/wp\/v2\/pages\/28941\/revisions"}],"predecessor-version":[{"id":60634,"href":"https:\/\/www.linvosges-hotellerie.com\/es\/wp-json\/wp\/v2\/pages\/28941\/revisions\/60634"}],"wp:featuredmedia":[{"embeddable":true,"href":"https:\/\/www.linvosges-hotellerie.com\/es\/wp-json\/wp\/v2\/media\/10416"}],"wp:attachment":[{"href":"https:\/\/www.linvosges-hotellerie.com\/es\/wp-json\/wp\/v2\/media?parent=28941"}],"curies":[{"name":"wp","href":"https:\/\/api.w.org\/{rel}","templated":true}]}}