{"id":29083,"date":"2020-12-16T00:47:33","date_gmt":"2020-12-15T23:47:33","guid":{"rendered":"https:\/\/www.linvosges-hotellerie.com\/sin categor\u00eda\/sabana-de-ducha-de-rizo-tendance\/"},"modified":"2020-12-16T00:47:33","modified_gmt":"2020-12-15T23:47:33","slug":"sabana-de-ducha-de-rizo-tendance","status":"publish","type":"product","link":"https:\/\/www.linvosges-hotellerie.com\/es\/esponjas\/ropa-de-bano\/sabana-de-ducha-de-rizo-tendance\/","title":{"rendered":"S\u00e1bana de ducha de rizo Tendance"},"content":{"rendered":"<p>S\u00e1bana de ducha de algod\u00f3n liso decorada con 2 colchas tejidas con monograma en la parte superior e inferior. Tejido de rizo de 500 g\/m\u00b2 con bucles retorcidos para una excelente absorci\u00f3n. Disponible en 3 colores, blanco, topo y antracita, lavable a 95\u00b0. Acabado reforzado de doble costura en todo el contorno para cumplir los requisitos profesionales.<\/p>\n<p>Linvosges se compromete a fabricar sus productos sin sustancias en los umbrales que puedan ser perjudiciales para tu salud. Un instituto independiente ha concedido a la marca la etiqueta Oeko-Tex\u00ae, tras una serie de pruebas que cumplen unas especificaciones muy estrictas.<\/p>\n<p>Certificado Oeko-Tex\u00ae Standard 100 &#8211; Confianza en los textiles &#8211; XXXXXX\/XX IFTH.<\/p>\n<p>Existencias limitadas<\/p>\n","protected":false},"excerpt":{"rendered":"<p>Lavar a m\u00e1quina a 95\u00b0.<br \/>\nProhibidos el cloro y los agentes blanqueadores<br \/>\nSecar en secadora a 60\u00b0.<br \/>\nPlanchado a una temperatura m\u00e1xima de 200\u00b0 C<br \/>\nProhibida la limpieza en seco<\/p>\n<p><span class=\"ginetex\">  2 o s v U  <\/span><\/p>\n","protected":false},"featured_media":29089,"template":"","meta":{"_acf_changed":false},"label":[],"product_brand":[],"product_cat":[1573,1571,1572,1537],"product_tag":[],"gamme":[1568],"matiere":[1524],"class_list":{"0":"post-29083","1":"product","2":"type-product","3":"status-publish","4":"has-post-thumbnail","6":"product_cat-500-g-m","7":"product_cat-esponjas","8":"product_cat-ropa-de-bano","9":"product_cat-salida-todo-al-50-descuento","10":"pa_couleur-antracita","11":"pa_couleur-blanco","12":"pa_couleur-topo","13":"pa_dimensions-70x140-cm","14":"pa_grammage-500grs-m","15":"pa_matiere-100-algodon","16":"gamme-tendencia","17":"matiere-algodon","19":"first","20":"outofstock","21":"taxable","22":"shipping-taxable","23":"product-type-variable","24":"has-default-attributes"},"acf":[],"df_price":"","df_sale_price":"","df_regular_price":"","df_image_link":"https:\/\/www.linvosges-hotellerie.com\/wp-content\/uploads\/2020\/12\/linge-de-bain-tendance-linvosges-hotellerie-2-300x300.jpg","_links":{"self":[{"href":"https:\/\/www.linvosges-hotellerie.com\/es\/wp-json\/wp\/v2\/product\/29083","targetHints":{"allow":["GET"]}}],"collection":[{"href":"https:\/\/www.linvosges-hotellerie.com\/es\/wp-json\/wp\/v2\/product"}],"about":[{"href":"https:\/\/www.linvosges-hotellerie.com\/es\/wp-json\/wp\/v2\/types\/product"}],"wp:featuredmedia":[{"embeddable":true,"href":"https:\/\/www.linvosges-hotellerie.com\/es\/wp-json\/wp\/v2\/media\/29089"}],"wp:attachment":[{"href":"https:\/\/www.linvosges-hotellerie.com\/es\/wp-json\/wp\/v2\/media?parent=29083"}],"wp:term":[{"taxonomy":"label","embeddable":true,"href":"https:\/\/www.linvosges-hotellerie.com\/es\/wp-json\/wp\/v2\/label?post=29083"},{"taxonomy":"product_brand","embeddable":true,"href":"https:\/\/www.linvosges-hotellerie.com\/es\/wp-json\/wp\/v2\/product_brand?post=29083"},{"taxonomy":"product_cat","embeddable":true,"href":"https:\/\/www.linvosges-hotellerie.com\/es\/wp-json\/wp\/v2\/product_cat?post=29083"},{"taxonomy":"product_tag","embeddable":true,"href":"https:\/\/www.linvosges-hotellerie.com\/es\/wp-json\/wp\/v2\/product_tag?post=29083"},{"taxonomy":"gamme","embeddable":true,"href":"https:\/\/www.linvosges-hotellerie.com\/es\/wp-json\/wp\/v2\/gamme?post=29083"},{"taxonomy":"matiere","embeddable":true,"href":"https:\/\/www.linvosges-hotellerie.com\/es\/wp-json\/wp\/v2\/matiere?post=29083"}],"curies":[{"name":"wp","href":"https:\/\/api.w.org\/{rel}","templated":true}]}}