{"id":29133,"date":"2020-12-16T00:47:42","date_gmt":"2020-12-15T23:47:42","guid":{"rendered":"https:\/\/www.linvosges-hotellerie.com\/sin categor\u00eda\/sabana-de-ducha-de-rizo-epure\/"},"modified":"2020-12-16T00:47:42","modified_gmt":"2020-12-15T23:47:42","slug":"sabana-de-ducha-de-rizo-epure","status":"publish","type":"product","link":"https:\/\/www.linvosges-hotellerie.com\/es\/esponjas\/ropa-de-bano\/sabana-de-ducha-de-rizo-epure\/","title":{"rendered":"S\u00e1bana de ducha de rizo \u00c9pure"},"content":{"rendered":"<p>S\u00e1bana de ducha de rizo de 600 g\/m\u00b2 con pelo de un hilo de puro algod\u00f3n peinado. Acabado integral de doble costura para cumplir los requisitos profesionales<\/p>\n","protected":false},"excerpt":{"rendered":"<p>Lavar a m\u00e1quina a 60\u00b0.<br \/>\nProhibidos el cloro y los agentes blanqueadores<br \/>\nSecar en secadora a 60\u00b0.<br \/>\nPlanchado a una temperatura m\u00e1xima de 150\u00b0 C<br \/>\nProductos autorizados para la limpieza en seco: Hidrocarburos<\/p>\n<p><span class=\"ginetex\">  4 o s b W  <\/span><\/p>\n","protected":false},"featured_media":29134,"template":"","meta":{"_acf_changed":false},"label":[],"product_brand":[],"product_cat":[1599,1571,1572],"product_tag":[],"gamme":[1597],"matiere":[1524],"class_list":{"0":"post-29133","1":"product","2":"type-product","3":"status-publish","4":"has-post-thumbnail","6":"product_cat-600-g-m","7":"product_cat-esponjas","8":"product_cat-ropa-de-bano","9":"pa_couleur-blanco","10":"pa_dimensions-70x140-cm","11":"pa_grammage-600-grs-m","12":"pa_matiere-100-algodon","13":"gamme-epure-es","14":"matiere-algodon","16":"first","17":"instock","18":"taxable","19":"shipping-taxable","20":"purchasable","21":"product-type-variable","22":"has-default-attributes"},"acf":[],"df_price":9.7,"df_sale_price":"","df_regular_price":9.7,"df_image_link":"https:\/\/www.linvosges-hotellerie.com\/wp-content\/uploads\/2020\/12\/linge-de-bain-epure-linvosges-hotellerie-300x300.jpg","_links":{"self":[{"href":"https:\/\/www.linvosges-hotellerie.com\/es\/wp-json\/wp\/v2\/product\/29133","targetHints":{"allow":["GET"]}}],"collection":[{"href":"https:\/\/www.linvosges-hotellerie.com\/es\/wp-json\/wp\/v2\/product"}],"about":[{"href":"https:\/\/www.linvosges-hotellerie.com\/es\/wp-json\/wp\/v2\/types\/product"}],"wp:featuredmedia":[{"embeddable":true,"href":"https:\/\/www.linvosges-hotellerie.com\/es\/wp-json\/wp\/v2\/media\/29134"}],"wp:attachment":[{"href":"https:\/\/www.linvosges-hotellerie.com\/es\/wp-json\/wp\/v2\/media?parent=29133"}],"wp:term":[{"taxonomy":"label","embeddable":true,"href":"https:\/\/www.linvosges-hotellerie.com\/es\/wp-json\/wp\/v2\/label?post=29133"},{"taxonomy":"product_brand","embeddable":true,"href":"https:\/\/www.linvosges-hotellerie.com\/es\/wp-json\/wp\/v2\/product_brand?post=29133"},{"taxonomy":"product_cat","embeddable":true,"href":"https:\/\/www.linvosges-hotellerie.com\/es\/wp-json\/wp\/v2\/product_cat?post=29133"},{"taxonomy":"product_tag","embeddable":true,"href":"https:\/\/www.linvosges-hotellerie.com\/es\/wp-json\/wp\/v2\/product_tag?post=29133"},{"taxonomy":"gamme","embeddable":true,"href":"https:\/\/www.linvosges-hotellerie.com\/es\/wp-json\/wp\/v2\/gamme?post=29133"},{"taxonomy":"matiere","embeddable":true,"href":"https:\/\/www.linvosges-hotellerie.com\/es\/wp-json\/wp\/v2\/matiere?post=29133"}],"curies":[{"name":"wp","href":"https:\/\/api.w.org\/{rel}","templated":true}]}}