{"id":29432,"date":"2020-12-16T03:50:46","date_gmt":"2020-12-16T02:50:46","guid":{"rendered":"https:\/\/www.linvosges-hotellerie.com\/sin categor\u00eda\/sabana-bajera-prelude-2\/"},"modified":"2020-12-16T03:50:46","modified_gmt":"2020-12-16T02:50:46","slug":"sabana-bajera-prelude-2","status":"publish","type":"product","link":"https:\/\/www.linvosges-hotellerie.com\/es\/salida-todo-al-50-descuento\/sabana-bajera-prelude-2\/","title":{"rendered":"S\u00e1bana bajera Pr\u00e9lude"},"content":{"rendered":"<p>S\u00e1bana bajera de tacto suave y flexible. Este modelo atemporal est\u00e1 confeccionado en polialgod\u00f3n de 300 hilos rayado con rayas de raso de 20 mm.<br \/>\nLa mezcla de algod\u00f3n y poli\u00e9ster facilita el cuidado de tu ropa, sec\u00e1ndola m\u00e1s r\u00e1pidamente y planch\u00e1ndola con m\u00e1s facilidad.<\/p>\n<p>Dobladillo de la cabeza y los pies de 3 cm<br \/>\nHilo de color en el pie para identificar las distintas tallas y facilitar el cuidado y almacenamiento de tu ropa. Ahorro de tiempo para el personal de habitaciones y lavander\u00eda<\/p>\n<p>Colores de los cables seg\u00fan las dimensiones :<br \/>\n180&#215;310 : rojo<br \/>\n240&#215;310 : azul<br \/>\n280&#215;310 : verde<\/p>\n<p>Existencias limitadas<\/p>\n","protected":false},"excerpt":{"rendered":"<p>Lavar a m\u00e1quina a 60\u00b0.<br \/>\nPosible blanqueamiento<br \/>\nSecar en secadora a 60\u00b0.<br \/>\nPlancha a una temperatura m\u00e1xima de 150\u00b0.<br \/>\nProhibida la limpieza en seco<\/p>\n<p><span class=\"ginetex\"> 4 u s b U <\/span><\/p>\n","protected":false},"featured_media":29433,"template":"","meta":{"_acf_changed":false},"label":[],"product_brand":[],"product_cat":[1537],"product_tag":[],"gamme":[1662],"matiere":[1625],"class_list":{"0":"post-29432","1":"product","2":"type-product","3":"status-publish","4":"has-post-thumbnail","6":"product_cat-salida-todo-al-50-descuento","7":"pa_couleur-blanco","8":"pa_dimensions-180-310-cm","9":"pa_dimensions-240-310-cm","10":"pa_dimensions-280-310-cm","11":"pa_grammage-110grs-m","12":"pa_matiere-80-algodon-20-poliester","13":"gamme-preludio","14":"matiere-polialgodon","16":"first","17":"outofstock","18":"sale","19":"taxable","20":"shipping-taxable","21":"purchasable","22":"product-type-variable","23":"has-default-attributes"},"acf":[],"df_price":15.35,"df_sale_price":"","df_regular_price":15.35,"df_image_link":"https:\/\/www.linvosges-hotellerie.com\/wp-content\/uploads\/2020\/12\/linge-de-lit-bandes-satin-prelude-110-grs-m2-hotel-professionnel-linvosges-hotellerie-300x300.jpg","_links":{"self":[{"href":"https:\/\/www.linvosges-hotellerie.com\/es\/wp-json\/wp\/v2\/product\/29432","targetHints":{"allow":["GET"]}}],"collection":[{"href":"https:\/\/www.linvosges-hotellerie.com\/es\/wp-json\/wp\/v2\/product"}],"about":[{"href":"https:\/\/www.linvosges-hotellerie.com\/es\/wp-json\/wp\/v2\/types\/product"}],"wp:featuredmedia":[{"embeddable":true,"href":"https:\/\/www.linvosges-hotellerie.com\/es\/wp-json\/wp\/v2\/media\/29433"}],"wp:attachment":[{"href":"https:\/\/www.linvosges-hotellerie.com\/es\/wp-json\/wp\/v2\/media?parent=29432"}],"wp:term":[{"taxonomy":"label","embeddable":true,"href":"https:\/\/www.linvosges-hotellerie.com\/es\/wp-json\/wp\/v2\/label?post=29432"},{"taxonomy":"product_brand","embeddable":true,"href":"https:\/\/www.linvosges-hotellerie.com\/es\/wp-json\/wp\/v2\/product_brand?post=29432"},{"taxonomy":"product_cat","embeddable":true,"href":"https:\/\/www.linvosges-hotellerie.com\/es\/wp-json\/wp\/v2\/product_cat?post=29432"},{"taxonomy":"product_tag","embeddable":true,"href":"https:\/\/www.linvosges-hotellerie.com\/es\/wp-json\/wp\/v2\/product_tag?post=29432"},{"taxonomy":"gamme","embeddable":true,"href":"https:\/\/www.linvosges-hotellerie.com\/es\/wp-json\/wp\/v2\/gamme?post=29432"},{"taxonomy":"matiere","embeddable":true,"href":"https:\/\/www.linvosges-hotellerie.com\/es\/wp-json\/wp\/v2\/matiere?post=29432"}],"curies":[{"name":"wp","href":"https:\/\/api.w.org\/{rel}","templated":true}]}}