{"id":29504,"date":"2020-12-16T03:50:49","date_gmt":"2020-12-16T02:50:49","guid":{"rendered":"https:\/\/www.linvosges-hotellerie.com\/sin categor\u00eda\/sabana-bajera-come\/"},"modified":"2020-12-16T03:50:49","modified_gmt":"2020-12-16T02:50:49","slug":"sabana-bajera-come","status":"publish","type":"product","link":"https:\/\/www.linvosges-hotellerie.com\/es\/sabana-ajustable\/sabana-bajera-come\/","title":{"rendered":"S\u00e1bana bajera C\u00f4me"},"content":{"rendered":"<p>S\u00e1bana bajera de polialgod\u00f3n de 300 hilos. Una combinaci\u00f3n de rayas mates y satinadas de 10 mm y 24 mm dan a este tejido un aspecto chic.<br \/>\nLa mezcla de algod\u00f3n y poli\u00e9ster facilita el cuidado de tu ropa, sec\u00e1ndola m\u00e1s r\u00e1pidamente y planch\u00e1ndola con m\u00e1s facilidad.<\/p>\n<p>Tapa de 30 cm, adecuada para colchones de hasta 22 cm de grosor.<br \/>\nTapa de 35 cm, adecuada para colchones de hasta 27 cm de grosor.<\/p>\n<p>Hilo de colores en todo el contorno para identificar las distintas tallas y facilitar el cuidado y almacenamiento de tu ropa. Ahorro de tiempo para el personal de habitaciones y lavander\u00eda<\/p>\n<p>Colores de los cables seg\u00fan las dimensiones :<br \/>\n80&#215;200 : marr\u00f3n<br \/>\n90&#215;200 : naranja<br \/>\n140&#215;190 : azul<br \/>\n160&#215;200 : verde<br \/>\n180&#215;200 : gris oscuro<br \/>\n200&#215;200 : negro<\/p>\n","protected":false},"excerpt":{"rendered":"<p>Lavar a m\u00e1quina a 95\u00b0.<br \/>\nProhibidos el cloro y los agentes blanqueadores<br \/>\nSecado en secadora a 80\u00b0 C<br \/>\nPlancha a una temperatura m\u00e1xima de 150\u00b0.<br \/>\nProhibida la limpieza en seco<\/p>\n<p><span class=\"ginetex\">  2 o a b U  <\/span><\/p>\n","protected":false},"featured_media":29506,"template":"","meta":{"_acf_changed":false},"label":[],"product_brand":[],"product_cat":[1629],"product_tag":[],"gamme":[1668],"matiere":[1625],"class_list":{"0":"post-29504","1":"product","2":"type-product","3":"status-publish","4":"has-post-thumbnail","6":"product_cat-sabana-ajustable","7":"pa_couleur-blanco","8":"pa_dimensions-160-200-cm","9":"pa_dimensions-180x200-cm","10":"pa_dimensions-200-200-cm","11":"pa_dimensions-80-200-cm","12":"pa_dimensions-90-200-cm","13":"pa_forme-forma-de-la-tapa-del-sombrero-30-cm","14":"pa_forme-forma-de-la-tapa-del-sombrero-35-cm","15":"pa_grammage-148grs-m","16":"pa_matiere-50-algodon-50-poliester","17":"gamme-come-es","18":"matiere-polialgodon","20":"first","21":"instock","22":"taxable","23":"shipping-taxable","24":"purchasable","25":"product-type-variable","26":"has-default-attributes"},"acf":[],"df_price":14.08,"df_sale_price":"","df_regular_price":14.08,"df_image_link":"https:\/\/www.linvosges-hotellerie.com\/wp-content\/uploads\/2020\/12\/linge-de-lit-bandes-satin-come-148-grs-m2-hotel-professionnel-linvosges-hotellerie-300x300.jpg","_links":{"self":[{"href":"https:\/\/www.linvosges-hotellerie.com\/es\/wp-json\/wp\/v2\/product\/29504","targetHints":{"allow":["GET"]}}],"collection":[{"href":"https:\/\/www.linvosges-hotellerie.com\/es\/wp-json\/wp\/v2\/product"}],"about":[{"href":"https:\/\/www.linvosges-hotellerie.com\/es\/wp-json\/wp\/v2\/types\/product"}],"wp:featuredmedia":[{"embeddable":true,"href":"https:\/\/www.linvosges-hotellerie.com\/es\/wp-json\/wp\/v2\/media\/29506"}],"wp:attachment":[{"href":"https:\/\/www.linvosges-hotellerie.com\/es\/wp-json\/wp\/v2\/media?parent=29504"}],"wp:term":[{"taxonomy":"label","embeddable":true,"href":"https:\/\/www.linvosges-hotellerie.com\/es\/wp-json\/wp\/v2\/label?post=29504"},{"taxonomy":"product_brand","embeddable":true,"href":"https:\/\/www.linvosges-hotellerie.com\/es\/wp-json\/wp\/v2\/product_brand?post=29504"},{"taxonomy":"product_cat","embeddable":true,"href":"https:\/\/www.linvosges-hotellerie.com\/es\/wp-json\/wp\/v2\/product_cat?post=29504"},{"taxonomy":"product_tag","embeddable":true,"href":"https:\/\/www.linvosges-hotellerie.com\/es\/wp-json\/wp\/v2\/product_tag?post=29504"},{"taxonomy":"gamme","embeddable":true,"href":"https:\/\/www.linvosges-hotellerie.com\/es\/wp-json\/wp\/v2\/gamme?post=29504"},{"taxonomy":"matiere","embeddable":true,"href":"https:\/\/www.linvosges-hotellerie.com\/es\/wp-json\/wp\/v2\/matiere?post=29504"}],"curies":[{"name":"wp","href":"https:\/\/api.w.org\/{rel}","templated":true}]}}