{"id":29626,"date":"2020-12-16T03:50:57","date_gmt":"2020-12-16T02:50:57","guid":{"rendered":"https:\/\/www.linvosges-hotellerie.com\/sin categor\u00eda\/sabana-bajera-le-metis\/"},"modified":"2020-12-16T03:50:57","modified_gmt":"2020-12-16T02:50:57","slug":"sabana-bajera-le-metis","status":"publish","type":"product","link":"https:\/\/www.linvosges-hotellerie.com\/es\/sabana-ajustable\/sabana-bajera-le-metis\/","title":{"rendered":"S\u00e1bana bajera Le M\u00e9tis"},"content":{"rendered":"<p>S\u00e1bana bajera con un tacto y una textura aut\u00e9nticos gracias a la combinaci\u00f3n de algod\u00f3n y lino. Metis combina la suavidad del algod\u00f3n con la frescura del lino. 100 hilosxin\u00b2.<\/p>\n<p>Tapa de 30 cm, adecuada para colchones de hasta 22 cm de grosor.<\/p>\n<p>Dimensiones :<br \/>\n90&#215;190<br \/>\n140&#215;190<br \/>\n160&#215;200<\/p>\n","protected":false},"excerpt":{"rendered":"<p>Lavar a m\u00e1quina a 60\u00b0.<br \/>\nProhibidos el cloro y los agentes blanqueadores<br \/>\nNo secar en secadora<br \/>\nPlanchado a una temperatura m\u00e1xima de 200\u00b0C<br \/>\nProhibida la limpieza en seco<\/p>\n<p><span class=\"ginetex\">  4 o d v U  <\/span><\/p>\n","protected":false},"featured_media":29628,"template":"","meta":{"_acf_changed":false},"label":[],"product_brand":[],"product_cat":[1629],"product_tag":[],"gamme":[1676],"matiere":[],"class_list":{"0":"post-29626","1":"product","2":"type-product","3":"status-publish","4":"has-post-thumbnail","6":"product_cat-sabana-ajustable","7":"pa_couleur-blanco","8":"pa_dimensions-140-190-cm","9":"pa_dimensions-160-200-cm","10":"pa_dimensions-90-190-cm","11":"pa_grammage-190grs-m","12":"pa_matiere-50-lino-50-algodon","13":"gamme-los-metis","15":"first","16":"instock","17":"taxable","18":"shipping-taxable","19":"purchasable","20":"product-type-variable","21":"has-default-attributes"},"acf":[],"df_price":53.15,"df_sale_price":"","df_regular_price":53.15,"df_image_link":"https:\/\/www.linvosges-hotellerie.com\/wp-content\/uploads\/2020\/12\/linge-de-lit-metis-190-grs-m2-blanc-hotel-professionnel-linvosges-hotellerie-300x300.jpg","_links":{"self":[{"href":"https:\/\/www.linvosges-hotellerie.com\/es\/wp-json\/wp\/v2\/product\/29626","targetHints":{"allow":["GET"]}}],"collection":[{"href":"https:\/\/www.linvosges-hotellerie.com\/es\/wp-json\/wp\/v2\/product"}],"about":[{"href":"https:\/\/www.linvosges-hotellerie.com\/es\/wp-json\/wp\/v2\/types\/product"}],"wp:featuredmedia":[{"embeddable":true,"href":"https:\/\/www.linvosges-hotellerie.com\/es\/wp-json\/wp\/v2\/media\/29628"}],"wp:attachment":[{"href":"https:\/\/www.linvosges-hotellerie.com\/es\/wp-json\/wp\/v2\/media?parent=29626"}],"wp:term":[{"taxonomy":"label","embeddable":true,"href":"https:\/\/www.linvosges-hotellerie.com\/es\/wp-json\/wp\/v2\/label?post=29626"},{"taxonomy":"product_brand","embeddable":true,"href":"https:\/\/www.linvosges-hotellerie.com\/es\/wp-json\/wp\/v2\/product_brand?post=29626"},{"taxonomy":"product_cat","embeddable":true,"href":"https:\/\/www.linvosges-hotellerie.com\/es\/wp-json\/wp\/v2\/product_cat?post=29626"},{"taxonomy":"product_tag","embeddable":true,"href":"https:\/\/www.linvosges-hotellerie.com\/es\/wp-json\/wp\/v2\/product_tag?post=29626"},{"taxonomy":"gamme","embeddable":true,"href":"https:\/\/www.linvosges-hotellerie.com\/es\/wp-json\/wp\/v2\/gamme?post=29626"},{"taxonomy":"matiere","embeddable":true,"href":"https:\/\/www.linvosges-hotellerie.com\/es\/wp-json\/wp\/v2\/matiere?post=29626"}],"curies":[{"name":"wp","href":"https:\/\/api.w.org\/{rel}","templated":true}]}}