{"id":29642,"date":"2020-12-16T03:50:55","date_gmt":"2020-12-16T02:50:55","guid":{"rendered":"https:\/\/www.linvosges-hotellerie.com\/sin categor\u00eda\/sabana-en-polialgodon-51\/"},"modified":"2020-12-16T03:50:55","modified_gmt":"2020-12-16T02:50:55","slug":"sabana-en-polialgodon-51","status":"publish","type":"product","link":"https:\/\/www.linvosges-hotellerie.com\/es\/sin categor\u00eda\/sabana-en-polialgodon-51\/","title":{"rendered":"S\u00e1bana en polialgod\u00f3n 51"},"content":{"rendered":"<p>S\u00e1bana bajera de polialgod\u00f3n de 130 hilos. Un cl\u00e1sico con una excelente relaci\u00f3n calidad-precio<br \/>\nLa mezcla de algod\u00f3n y poli\u00e9ster facilita el cuidado de tu ropa, sec\u00e1ndola m\u00e1s r\u00e1pidamente y planch\u00e1ndola con m\u00e1s facilidad.<\/p>\n<p>Acabados :<br \/>\nDobladillo de la cabeza y los pies de 3 cm<\/p>\n<p>Dimensiones :<br \/>\n180&#215;310<br \/>\n240&#215;310<br \/>\n280&#215;310<\/p>\n","protected":false},"excerpt":{"rendered":"<p>Lavar a m\u00e1quina a 95\u00b0.<br \/>\nPosible blanqueamiento<br \/>\nSecar en secadora a 60\u00b0.<br \/>\nPlanchado a una temperatura m\u00e1xima de 200\u00b0C<br \/>\nProductos autorizados para la limpieza en seco: Hidrocarburos<\/p>\n<p><span class=\"ginetex\"> 2 u s v W <\/span><\/p>\n","protected":false},"featured_media":29562,"template":"","meta":{"_acf_changed":false},"label":[],"product_brand":[],"product_cat":[],"product_tag":[],"gamme":[1672],"matiere":[1625],"class_list":{"0":"post-29642","1":"product","2":"type-product","3":"status-publish","4":"has-post-thumbnail","6":"pa_couleur-blanco","7":"pa_dimensions-180-310-cm","8":"pa_dimensions-240-310-cm","9":"pa_dimensions-280-310-cm","10":"pa_grammage-130grs-m","11":"pa_matiere-50-algodon-50-poliester","12":"gamme-polialgodon-51","13":"matiere-polialgodon","15":"first","16":"outofstock","17":"taxable","18":"shipping-taxable","19":"product-type-variable","20":"has-default-attributes"},"acf":[],"df_price":"","df_sale_price":"","df_regular_price":"","df_image_link":"https:\/\/www.linvosges-hotellerie.com\/wp-content\/uploads\/2020\/12\/linge-de-lit-polycoton-51-fils-130-grs-m2-hotel-professionnel-linvosges-hotellerie-300x300.jpg","_links":{"self":[{"href":"https:\/\/www.linvosges-hotellerie.com\/es\/wp-json\/wp\/v2\/product\/29642","targetHints":{"allow":["GET"]}}],"collection":[{"href":"https:\/\/www.linvosges-hotellerie.com\/es\/wp-json\/wp\/v2\/product"}],"about":[{"href":"https:\/\/www.linvosges-hotellerie.com\/es\/wp-json\/wp\/v2\/types\/product"}],"wp:featuredmedia":[{"embeddable":true,"href":"https:\/\/www.linvosges-hotellerie.com\/es\/wp-json\/wp\/v2\/media\/29562"}],"wp:attachment":[{"href":"https:\/\/www.linvosges-hotellerie.com\/es\/wp-json\/wp\/v2\/media?parent=29642"}],"wp:term":[{"taxonomy":"label","embeddable":true,"href":"https:\/\/www.linvosges-hotellerie.com\/es\/wp-json\/wp\/v2\/label?post=29642"},{"taxonomy":"product_brand","embeddable":true,"href":"https:\/\/www.linvosges-hotellerie.com\/es\/wp-json\/wp\/v2\/product_brand?post=29642"},{"taxonomy":"product_cat","embeddable":true,"href":"https:\/\/www.linvosges-hotellerie.com\/es\/wp-json\/wp\/v2\/product_cat?post=29642"},{"taxonomy":"product_tag","embeddable":true,"href":"https:\/\/www.linvosges-hotellerie.com\/es\/wp-json\/wp\/v2\/product_tag?post=29642"},{"taxonomy":"gamme","embeddable":true,"href":"https:\/\/www.linvosges-hotellerie.com\/es\/wp-json\/wp\/v2\/gamme?post=29642"},{"taxonomy":"matiere","embeddable":true,"href":"https:\/\/www.linvosges-hotellerie.com\/es\/wp-json\/wp\/v2\/matiere?post=29642"}],"curies":[{"name":"wp","href":"https:\/\/api.w.org\/{rel}","templated":true}]}}