{"id":29680,"date":"2020-12-16T03:50:57","date_gmt":"2020-12-16T02:50:57","guid":{"rendered":"https:\/\/www.linvosges-hotellerie.com\/sin categor\u00eda\/sabana-bajera-le-metis-2\/"},"modified":"2020-12-16T03:50:57","modified_gmt":"2020-12-16T02:50:57","slug":"sabana-bajera-le-metis-2","status":"publish","type":"product","link":"https:\/\/www.linvosges-hotellerie.com\/es\/sin categor\u00eda\/sabana-bajera-le-metis-2\/","title":{"rendered":"S\u00e1bana bajera Le M\u00e9tis"},"content":{"rendered":"<p>S\u00e1bana bajera con un tacto y una textura aut\u00e9nticos gracias a la combinaci\u00f3n de algod\u00f3n y lino. Metis combina la suavidad del algod\u00f3n con la frescura del lino. 100 hilosxin\u00b2.<\/p>\n<p>Dimensiones :<br \/>\n240&#215;310<br \/>\n270&#215;310<\/p>\n<p>Volantes blancos en la cabeza + pies y dobladillos laterales<\/p>\n","protected":false},"excerpt":{"rendered":"<p>Lavar a m\u00e1quina a 60\u00b0.<br \/>\nProhibidos el cloro y los agentes blanqueadores<br \/>\nNo secar en secadora<br \/>\nPlanchado a una temperatura m\u00e1xima de 200\u00b0C<br \/>\nProhibida la limpieza en seco<\/p>\n<p><span class=\"ginetex\">  4 o d v U  <\/span><\/p>\n","protected":false},"featured_media":29628,"template":"","meta":{"_acf_changed":false},"label":[],"product_brand":[],"product_cat":[],"product_tag":[],"gamme":[1676],"matiere":[],"class_list":{"0":"post-29680","1":"product","2":"type-product","3":"status-publish","4":"has-post-thumbnail","6":"pa_couleur-blanco","7":"pa_dimensions-240-310-cm","8":"pa_dimensions-270-310-cm","9":"pa_grammage-190grs-m","10":"pa_matiere-50-lino-50-algodon","11":"gamme-los-metis","13":"first","14":"instock","15":"taxable","16":"shipping-taxable","17":"purchasable","18":"product-type-variable","19":"has-default-attributes"},"acf":[],"df_price":110.91,"df_sale_price":"","df_regular_price":110.91,"df_image_link":"https:\/\/www.linvosges-hotellerie.com\/wp-content\/uploads\/2020\/12\/linge-de-lit-metis-190-grs-m2-blanc-hotel-professionnel-linvosges-hotellerie-300x300.jpg","_links":{"self":[{"href":"https:\/\/www.linvosges-hotellerie.com\/es\/wp-json\/wp\/v2\/product\/29680","targetHints":{"allow":["GET"]}}],"collection":[{"href":"https:\/\/www.linvosges-hotellerie.com\/es\/wp-json\/wp\/v2\/product"}],"about":[{"href":"https:\/\/www.linvosges-hotellerie.com\/es\/wp-json\/wp\/v2\/types\/product"}],"wp:featuredmedia":[{"embeddable":true,"href":"https:\/\/www.linvosges-hotellerie.com\/es\/wp-json\/wp\/v2\/media\/29628"}],"wp:attachment":[{"href":"https:\/\/www.linvosges-hotellerie.com\/es\/wp-json\/wp\/v2\/media?parent=29680"}],"wp:term":[{"taxonomy":"label","embeddable":true,"href":"https:\/\/www.linvosges-hotellerie.com\/es\/wp-json\/wp\/v2\/label?post=29680"},{"taxonomy":"product_brand","embeddable":true,"href":"https:\/\/www.linvosges-hotellerie.com\/es\/wp-json\/wp\/v2\/product_brand?post=29680"},{"taxonomy":"product_cat","embeddable":true,"href":"https:\/\/www.linvosges-hotellerie.com\/es\/wp-json\/wp\/v2\/product_cat?post=29680"},{"taxonomy":"product_tag","embeddable":true,"href":"https:\/\/www.linvosges-hotellerie.com\/es\/wp-json\/wp\/v2\/product_tag?post=29680"},{"taxonomy":"gamme","embeddable":true,"href":"https:\/\/www.linvosges-hotellerie.com\/es\/wp-json\/wp\/v2\/gamme?post=29680"},{"taxonomy":"matiere","embeddable":true,"href":"https:\/\/www.linvosges-hotellerie.com\/es\/wp-json\/wp\/v2\/matiere?post=29680"}],"curies":[{"name":"wp","href":"https:\/\/api.w.org\/{rel}","templated":true}]}}