{"id":29720,"date":"2020-12-16T03:51:00","date_gmt":"2020-12-16T02:51:00","guid":{"rendered":"https:\/\/www.linvosges-hotellerie.com\/sin categor\u00eda\/sabana-bajera-le-pur-fil-de-lin-2\/"},"modified":"2020-12-16T03:51:00","modified_gmt":"2020-12-16T02:51:00","slug":"sabana-bajera-le-pur-fil-de-lin-2","status":"publish","type":"product","link":"https:\/\/www.linvosges-hotellerie.com\/es\/sabana-ajustable\/sabana-bajera-le-pur-fil-de-lin-2\/","title":{"rendered":"S\u00e1bana bajera Le Pur Fil De Lin"},"content":{"rendered":"<p>S\u00e1bana bajera confeccionada con un refinado tejido de lino que evoca la elegancia y la fuerza del lino de anta\u00f1o. El lino es una fibra muy resistente con un tacto \u00fanico. Aislante y transpirable, tiene la particularidad de regular el calor de forma natural. 100 hilosxin\u00b2.<\/p>\n<p>Tapa de 30 cm, adecuada para colchones de hasta 22 cm de grosor.<\/p>\n<p>Dimensiones :<br \/>\n90&#215;190<br \/>\n140&#215;190<br \/>\n160&#215;200<\/p>\n","protected":false},"excerpt":{"rendered":"<p>Lavar a m\u00e1quina a 60\u00b0.<br \/>\nProhibidos el cloro y los agentes blanqueadores<br \/>\nNo secar en secadora<br \/>\nPlanchado a una temperatura m\u00e1xima de 200\u00b0C<br \/>\nProhibida la limpieza en seco<\/p>\n<p><span class=\"ginetex\">  4 o d v U  <\/span><\/p>\n","protected":false},"featured_media":29721,"template":"","meta":{"_acf_changed":false},"label":[],"product_brand":[],"product_cat":[1629],"product_tag":[],"gamme":[1694],"matiere":[],"class_list":{"0":"post-29720","1":"product","2":"type-product","3":"status-publish","4":"has-post-thumbnail","6":"product_cat-sabana-ajustable","7":"pa_couleur-blanco","8":"pa_dimensions-140-190-cm","9":"pa_dimensions-160-200-cm","10":"pa_dimensions-90-190-cm","11":"pa_grammage-165grs-m","12":"pa_matiere-100-lino","13":"gamme-le-pur-fil-de-lin-es","15":"first","16":"instock","17":"taxable","18":"shipping-taxable","19":"purchasable","20":"product-type-variable","21":"has-default-attributes"},"acf":[],"df_price":61.57,"df_sale_price":"","df_regular_price":61.57,"df_image_link":"https:\/\/www.linvosges-hotellerie.com\/wp-content\/uploads\/2020\/12\/linge-de-lit-pur-fil-de-lin-165-grs-m2-blanc-hotel-professionnel-linvosges-hotellerie-300x300.jpg","_links":{"self":[{"href":"https:\/\/www.linvosges-hotellerie.com\/es\/wp-json\/wp\/v2\/product\/29720","targetHints":{"allow":["GET"]}}],"collection":[{"href":"https:\/\/www.linvosges-hotellerie.com\/es\/wp-json\/wp\/v2\/product"}],"about":[{"href":"https:\/\/www.linvosges-hotellerie.com\/es\/wp-json\/wp\/v2\/types\/product"}],"wp:featuredmedia":[{"embeddable":true,"href":"https:\/\/www.linvosges-hotellerie.com\/es\/wp-json\/wp\/v2\/media\/29721"}],"wp:attachment":[{"href":"https:\/\/www.linvosges-hotellerie.com\/es\/wp-json\/wp\/v2\/media?parent=29720"}],"wp:term":[{"taxonomy":"label","embeddable":true,"href":"https:\/\/www.linvosges-hotellerie.com\/es\/wp-json\/wp\/v2\/label?post=29720"},{"taxonomy":"product_brand","embeddable":true,"href":"https:\/\/www.linvosges-hotellerie.com\/es\/wp-json\/wp\/v2\/product_brand?post=29720"},{"taxonomy":"product_cat","embeddable":true,"href":"https:\/\/www.linvosges-hotellerie.com\/es\/wp-json\/wp\/v2\/product_cat?post=29720"},{"taxonomy":"product_tag","embeddable":true,"href":"https:\/\/www.linvosges-hotellerie.com\/es\/wp-json\/wp\/v2\/product_tag?post=29720"},{"taxonomy":"gamme","embeddable":true,"href":"https:\/\/www.linvosges-hotellerie.com\/es\/wp-json\/wp\/v2\/gamme?post=29720"},{"taxonomy":"matiere","embeddable":true,"href":"https:\/\/www.linvosges-hotellerie.com\/es\/wp-json\/wp\/v2\/matiere?post=29720"}],"curies":[{"name":"wp","href":"https:\/\/api.w.org\/{rel}","templated":true}]}}