{"id":29924,"date":"2020-12-16T03:51:13","date_gmt":"2020-12-16T02:51:13","guid":{"rendered":"https:\/\/www.linvosges-hotellerie.com\/sin categor\u00eda\/sabana-bajera-ecume\/"},"modified":"2025-08-01T00:00:46","modified_gmt":"2025-07-31T22:00:46","slug":"sabana-bajera-ecume","status":"publish","type":"product","link":"https:\/\/www.linvosges-hotellerie.com\/es\/ropa-de-cama\/algodon\/sabana-bajera-ecume\/","title":{"rendered":"S\u00e1bana bajera \u00c9cume"},"content":{"rendered":"<p>S\u00e1bana bajera de percal liso con revestimiento de seersucker. El tejido en relieve a\u00f1ade un toque de originalidad a esta sobria gama de percal de 200filsxin\u00b2. El seersucker es el resultado de una t\u00e9cnica de tejido en la que se aplican diferentes tensiones para producir un tejido que es a la vez liso en la parte inferior y con relieve en la superficie. Este relieve hace que el tejido sea transpirable y ligero, de ah\u00ed el nombre de nuestra gama Ecume.<br \/>\nMaterial noble por excelencia, la fibra de algod\u00f3n es naturalmente c\u00f3moda y resistente.<\/p>\n<p>Hilo de color en el pie para identificar las distintas tallas y facilitar el cuidado y almacenamiento de tu ropa. Ahorro de tiempo para el personal de habitaciones y lavander\u00eda<\/p>\n<p>Colores de los cables seg\u00fan las dimensiones :<br \/>\n180&#215;310 : rojo<br \/>\n240&#215;310 : azul<br \/>\n280&#215;310 : verde<\/p>\n","protected":false},"excerpt":{"rendered":"<p>Lavar a m\u00e1quina a 60\u00b0.<br \/>\nProhibidos el cloro y los agentes blanqueadores<br \/>\nSecar en secadora a 60\u00b0.<br \/>\nPlancha a una temperatura m\u00e1xima de 150\u00b0.<br \/>\nProhibida la limpieza en seco<\/p>\n<p><span class=\"ginetex\">  4 o s b U  <\/span><\/p>\n","protected":false},"featured_media":57821,"template":"","meta":{"_acf_changed":false},"label":[],"product_brand":[],"product_cat":[1704,1649,1629],"product_tag":[],"gamme":[],"matiere":[1524],"class_list":{"0":"post-29924","1":"product","2":"type-product","3":"status-publish","4":"has-post-thumbnail","6":"product_cat-algodon","7":"product_cat-ropa-de-cama","8":"product_cat-sabana-ajustable","9":"pa_couleur-natural-es","10":"pa_couleur-niebla","11":"pa_dimensions-140-190-cm","12":"pa_dimensions-160-200-cm","13":"pa_dimensions-180x200-cm","14":"pa_dimensions-90-190-cm","15":"pa_dimensions-90-200-cm","16":"pa_grammage-120grs-m","17":"pa_matiere-100-algodon","18":"matiere-algodon","20":"first","21":"instock","22":"taxable","23":"shipping-taxable","24":"purchasable","25":"product-type-variable","26":"has-default-attributes"},"acf":[],"df_price":23.06,"df_sale_price":"","df_regular_price":23.06,"df_image_link":"https:\/\/www.linvosges-hotellerie.com\/wp-content\/uploads\/2024\/09\/linge-de-lit-morphee-seersucker-linvosges-hotellerie-300x300.jpg","_links":{"self":[{"href":"https:\/\/www.linvosges-hotellerie.com\/es\/wp-json\/wp\/v2\/product\/29924","targetHints":{"allow":["GET"]}}],"collection":[{"href":"https:\/\/www.linvosges-hotellerie.com\/es\/wp-json\/wp\/v2\/product"}],"about":[{"href":"https:\/\/www.linvosges-hotellerie.com\/es\/wp-json\/wp\/v2\/types\/product"}],"wp:featuredmedia":[{"embeddable":true,"href":"https:\/\/www.linvosges-hotellerie.com\/es\/wp-json\/wp\/v2\/media\/57821"}],"wp:attachment":[{"href":"https:\/\/www.linvosges-hotellerie.com\/es\/wp-json\/wp\/v2\/media?parent=29924"}],"wp:term":[{"taxonomy":"label","embeddable":true,"href":"https:\/\/www.linvosges-hotellerie.com\/es\/wp-json\/wp\/v2\/label?post=29924"},{"taxonomy":"product_brand","embeddable":true,"href":"https:\/\/www.linvosges-hotellerie.com\/es\/wp-json\/wp\/v2\/product_brand?post=29924"},{"taxonomy":"product_cat","embeddable":true,"href":"https:\/\/www.linvosges-hotellerie.com\/es\/wp-json\/wp\/v2\/product_cat?post=29924"},{"taxonomy":"product_tag","embeddable":true,"href":"https:\/\/www.linvosges-hotellerie.com\/es\/wp-json\/wp\/v2\/product_tag?post=29924"},{"taxonomy":"gamme","embeddable":true,"href":"https:\/\/www.linvosges-hotellerie.com\/es\/wp-json\/wp\/v2\/gamme?post=29924"},{"taxonomy":"matiere","embeddable":true,"href":"https:\/\/www.linvosges-hotellerie.com\/es\/wp-json\/wp\/v2\/matiere?post=29924"}],"curies":[{"name":"wp","href":"https:\/\/api.w.org\/{rel}","templated":true}]}}