{"id":30100,"date":"2020-12-16T03:51:23","date_gmt":"2020-12-16T02:51:23","guid":{"rendered":"https:\/\/www.linvosges-hotellerie.com\/sin categor\u00eda\/sabana-bajera-evora\/"},"modified":"2026-05-17T00:08:42","modified_gmt":"2026-05-16T22:08:42","slug":"sabana-bajera-evora","status":"publish","type":"product","link":"https:\/\/www.linvosges-hotellerie.com\/es\/sin categor\u00eda\/sabana-bajera-evora\/","title":{"rendered":"S\u00e1bana bajera Evora"},"content":{"rendered":"<p>S\u00e1bana bajera de tacto aterciopelado y acabado mate ligeramente arrugado para un estilo contempor\u00e1neo. Es superf\u00e1cil de planchar, lo que te ahorra mucho tiempo<br \/>\nTejido satinado muy tupido de 300 hilos para mayor suavidad y flexibilidad.<br \/>\nMaterial noble por excelencia, la fibra de algod\u00f3n es naturalmente confortable y resistente<\/p>\n<p>Dobladillo de la cabeza y los pies de 5 cm<br \/>\nHilo de color en el pie para identificar las distintas tallas y facilitar el cuidado y almacenamiento de tu ropa. Ahorro de tiempo para el personal de habitaciones y lavander\u00eda<\/p>\n<p>Colores de los cables seg\u00fan las dimensiones :<br \/>\n180&#215;310 : rojo<br \/>\n240&#215;310 : azul<br \/>\n280&#215;310 : verde<\/p>\n","protected":false},"excerpt":{"rendered":"<p>Lavar a m\u00e1quina a 40\u00b0.<br \/>\nProhibidos el cloro y los agentes blanqueadores<br \/>\nSecar en secadora a 60\u00b0.<br \/>\nPlanchado a una temperatura m\u00e1xima de 110\u00b0 sin vapor<br \/>\nProhibida la limpieza en seco<\/p>\n<p><span class=\"ginetex\">  8 o s n U  <\/span><\/p>\n","protected":false},"featured_media":30106,"template":"","meta":{"_acf_changed":false},"label":[],"product_brand":[],"product_cat":[],"product_tag":[],"gamme":[1737],"matiere":[1524],"class_list":{"0":"post-30100","1":"product","2":"type-product","3":"status-publish","4":"has-post-thumbnail","6":"pa_couleur-blanco","7":"pa_dimensions-180-310-cm","8":"pa_dimensions-240-310-cm","9":"pa_dimensions-270-310-cm","10":"pa_grammage-120grs-m","11":"pa_matiere-100-algodon","12":"gamme-evora-es","13":"matiere-algodon","15":"first","16":"instock","17":"taxable","18":"shipping-taxable","19":"purchasable","20":"product-type-variable","21":"has-default-attributes"},"acf":[],"df_price":39.06,"df_sale_price":"","df_regular_price":39.06,"df_image_link":"https:\/\/www.linvosges-hotellerie.com\/wp-content\/uploads\/2020\/12\/linge-de-lit-satin-lave-evora-coton-120-grs-m2-hotel-professionnel-linvosges-hotellerie-2-300x300.jpg","_links":{"self":[{"href":"https:\/\/www.linvosges-hotellerie.com\/es\/wp-json\/wp\/v2\/product\/30100","targetHints":{"allow":["GET"]}}],"collection":[{"href":"https:\/\/www.linvosges-hotellerie.com\/es\/wp-json\/wp\/v2\/product"}],"about":[{"href":"https:\/\/www.linvosges-hotellerie.com\/es\/wp-json\/wp\/v2\/types\/product"}],"wp:featuredmedia":[{"embeddable":true,"href":"https:\/\/www.linvosges-hotellerie.com\/es\/wp-json\/wp\/v2\/media\/30106"}],"wp:attachment":[{"href":"https:\/\/www.linvosges-hotellerie.com\/es\/wp-json\/wp\/v2\/media?parent=30100"}],"wp:term":[{"taxonomy":"label","embeddable":true,"href":"https:\/\/www.linvosges-hotellerie.com\/es\/wp-json\/wp\/v2\/label?post=30100"},{"taxonomy":"product_brand","embeddable":true,"href":"https:\/\/www.linvosges-hotellerie.com\/es\/wp-json\/wp\/v2\/product_brand?post=30100"},{"taxonomy":"product_cat","embeddable":true,"href":"https:\/\/www.linvosges-hotellerie.com\/es\/wp-json\/wp\/v2\/product_cat?post=30100"},{"taxonomy":"product_tag","embeddable":true,"href":"https:\/\/www.linvosges-hotellerie.com\/es\/wp-json\/wp\/v2\/product_tag?post=30100"},{"taxonomy":"gamme","embeddable":true,"href":"https:\/\/www.linvosges-hotellerie.com\/es\/wp-json\/wp\/v2\/gamme?post=30100"},{"taxonomy":"matiere","embeddable":true,"href":"https:\/\/www.linvosges-hotellerie.com\/es\/wp-json\/wp\/v2\/matiere?post=30100"}],"curies":[{"name":"wp","href":"https:\/\/api.w.org\/{rel}","templated":true}]}}