{"id":30235,"date":"2020-12-16T03:51:28","date_gmt":"2020-12-16T02:51:28","guid":{"rendered":"https:\/\/www.linvosges-hotellerie.com\/sin categor\u00eda\/sabana-bajera-dove\/"},"modified":"2020-12-16T03:51:28","modified_gmt":"2020-12-16T02:51:28","slug":"sabana-bajera-dove","status":"publish","type":"product","link":"https:\/\/www.linvosges-hotellerie.com\/es\/sabana-ajustable\/sabana-bajera-dove\/","title":{"rendered":"S\u00e1bana bajera Dove"},"content":{"rendered":"<p>S\u00e1bana bajera de percal de algod\u00f3n puro. Fabricado con las fibras m\u00e1s largas de algod\u00f3n peinado y tejido muy tupido, el percal de 200 hilos ofrece una gran suavidad y una sujeci\u00f3n perfecta.<br \/>\nMaterial noble por excelencia, la fibra de algod\u00f3n es naturalmente confortable y resistente<\/p>\n<p>Tapa de 30 cm, adecuada para colchones de hasta 22 cm de grosor.<br \/>\nTapa de 35 cm, adecuada para colchones de hasta 27 cm de grosor.<\/p>\n<p>Hilo de colores en todo el contorno para identificar las distintas tallas y facilitar el cuidado y almacenamiento de tu ropa. Ahorro de tiempo para el personal de habitaciones y lavander\u00eda<\/p>\n<p>Colores de los cables seg\u00fan las dimensiones :<br \/>\n80&#215;190 : parma<br \/>\n80&#215;200 : marr\u00f3n<br \/>\n90&#215;190 : rojo<br \/>\n90&#215;200 : naranja<br \/>\n140&#215;190 : azul<br \/>\n140&#215;200 : amarillo<br \/>\n160&#215;200 : verde<br \/>\n180&#215;200 : gris oscuro<\/p>\n","protected":false},"excerpt":{"rendered":"<p>Lavar a m\u00e1quina a 95\u00b0.<br \/>\nPosible blanqueamiento<br \/>\nSecado en secadora a 80\u00b0 C<br \/>\nPlanchado a una temperatura m\u00e1xima de 200\u00b0C<br \/>\nProductos autorizados para la limpieza en seco: Hidrocarburos<\/p>\n<p><span class=\"ginetex\">  2 u a v W  <\/span><\/p>\n","protected":false},"featured_media":30244,"template":"","meta":{"_acf_changed":false},"label":[],"product_brand":[],"product_cat":[1629],"product_tag":[],"gamme":[1751],"matiere":[1524],"class_list":{"0":"post-30235","1":"product","2":"type-product","3":"status-publish","4":"has-post-thumbnail","6":"product_cat-sabana-ajustable","7":"pa_couleur-blanco","8":"pa_dimensions-140-190-cm","9":"pa_dimensions-140-200-cm","10":"pa_dimensions-160-200-cm","11":"pa_dimensions-180x200-cm","12":"pa_dimensions-80-190-cm","13":"pa_dimensions-80-200-cm","14":"pa_dimensions-90-190-cm","15":"pa_dimensions-90-200-cm","16":"pa_forme-forma-de-la-tapa-del-sombrero-30-cm","17":"pa_forme-forma-de-la-tapa-del-sombrero-35-cm","18":"pa_grammage-115grs-m","19":"pa_matiere-100-algodon","20":"gamme-colombe-es","21":"matiere-algodon","23":"first","24":"instock","25":"taxable","26":"shipping-taxable","27":"purchasable","28":"product-type-variable","29":"has-default-attributes"},"acf":[],"df_price":10.07,"df_sale_price":"","df_regular_price":10.07,"df_image_link":"https:\/\/www.linvosges-hotellerie.com\/wp-content\/uploads\/2020\/12\/linge-de-lit-percale-colombe-coton-115-grs-m2-hotel-professionnel-linvosges-hotellerie-300x300.jpg","_links":{"self":[{"href":"https:\/\/www.linvosges-hotellerie.com\/es\/wp-json\/wp\/v2\/product\/30235","targetHints":{"allow":["GET"]}}],"collection":[{"href":"https:\/\/www.linvosges-hotellerie.com\/es\/wp-json\/wp\/v2\/product"}],"about":[{"href":"https:\/\/www.linvosges-hotellerie.com\/es\/wp-json\/wp\/v2\/types\/product"}],"wp:featuredmedia":[{"embeddable":true,"href":"https:\/\/www.linvosges-hotellerie.com\/es\/wp-json\/wp\/v2\/media\/30244"}],"wp:attachment":[{"href":"https:\/\/www.linvosges-hotellerie.com\/es\/wp-json\/wp\/v2\/media?parent=30235"}],"wp:term":[{"taxonomy":"label","embeddable":true,"href":"https:\/\/www.linvosges-hotellerie.com\/es\/wp-json\/wp\/v2\/label?post=30235"},{"taxonomy":"product_brand","embeddable":true,"href":"https:\/\/www.linvosges-hotellerie.com\/es\/wp-json\/wp\/v2\/product_brand?post=30235"},{"taxonomy":"product_cat","embeddable":true,"href":"https:\/\/www.linvosges-hotellerie.com\/es\/wp-json\/wp\/v2\/product_cat?post=30235"},{"taxonomy":"product_tag","embeddable":true,"href":"https:\/\/www.linvosges-hotellerie.com\/es\/wp-json\/wp\/v2\/product_tag?post=30235"},{"taxonomy":"gamme","embeddable":true,"href":"https:\/\/www.linvosges-hotellerie.com\/es\/wp-json\/wp\/v2\/gamme?post=30235"},{"taxonomy":"matiere","embeddable":true,"href":"https:\/\/www.linvosges-hotellerie.com\/es\/wp-json\/wp\/v2\/matiere?post=30235"}],"curies":[{"name":"wp","href":"https:\/\/api.w.org\/{rel}","templated":true}]}}