{"id":30417,"date":"2021-09-03T11:32:59","date_gmt":"2021-09-03T09:32:59","guid":{"rendered":"https:\/\/www.linvosges-hotellerie.com\/sin categor\u00eda\/sabana-de-masaje-sweet-life-spa\/"},"modified":"2026-05-10T00:14:09","modified_gmt":"2026-05-09T22:14:09","slug":"sabana-de-masaje-sweet-life-spa","status":"publish","type":"product","link":"https:\/\/www.linvosges-hotellerie.com\/es\/esponjas\/ropa-de-bano\/sabana-de-masaje-sweet-life-spa\/","title":{"rendered":"S\u00e1bana de masaje Sweet life Spa"},"content":{"rendered":"<p>Esta s\u00e1bana de masaje bienestar est\u00e1 hecha de rizo de microfibra blanco. Es ligero y barato de lavar, y superabsorbente. Gracias a su composici\u00f3n de algod\u00f3n\/poli\u00e9ster, es de secado r\u00e1pido, por lo que es ideal para uso profesional.<br \/>\nAcabado con bies de poli\u00e9ster en todo el contorno y doble costura. Abertura transversal para la cabeza<\/p>\n","protected":false},"excerpt":{"rendered":"<p>Lavar a m\u00e1quina a 60\u00b0.<br \/>\nBlanqueo de capitales autorizado<br \/>\nSecar en secadora a 60\u00b0.<br \/>\nPlanchado a una temperatura m\u00e1xima de 110\u00b0 sin vapor<br \/>\nProhibida la limpieza en seco<\/p>\n<p><span class=\"ginetex\">  4 u s n U  <\/span><\/p>\n","protected":false},"featured_media":30422,"template":"","meta":{"_acf_changed":false},"label":[],"product_brand":[],"product_cat":[1571,1572,1762],"product_tag":[],"gamme":[1756],"matiere":[1625],"class_list":{"0":"post-30417","1":"product","2":"type-product","3":"status-publish","4":"has-post-thumbnail","6":"product_cat-esponjas","7":"product_cat-ropa-de-bano","8":"product_cat-spa-y-piscina","9":"pa_couleur-blanco","10":"pa_couleur-chocolate-es","11":"pa_dimensions-140x230-cm","12":"pa_grammage-300grs-m","13":"pa_matiere-50-algodon-50-poliester","14":"gamme-dulce-vida","15":"matiere-polialgodon","17":"first","18":"instock","19":"taxable","20":"shipping-taxable","21":"purchasable","22":"product-type-variable","23":"has-default-attributes"},"acf":[],"df_price":27.71,"df_sale_price":"","df_regular_price":27.71,"df_image_link":"https:\/\/www.linvosges-hotellerie.com\/wp-content\/uploads\/2021\/09\/drap-de-massage-sweet-life-spa-piscine-hotel-professionnel-linvosges-hotellerie-300x300.png","_links":{"self":[{"href":"https:\/\/www.linvosges-hotellerie.com\/es\/wp-json\/wp\/v2\/product\/30417","targetHints":{"allow":["GET"]}}],"collection":[{"href":"https:\/\/www.linvosges-hotellerie.com\/es\/wp-json\/wp\/v2\/product"}],"about":[{"href":"https:\/\/www.linvosges-hotellerie.com\/es\/wp-json\/wp\/v2\/types\/product"}],"wp:featuredmedia":[{"embeddable":true,"href":"https:\/\/www.linvosges-hotellerie.com\/es\/wp-json\/wp\/v2\/media\/30422"}],"wp:attachment":[{"href":"https:\/\/www.linvosges-hotellerie.com\/es\/wp-json\/wp\/v2\/media?parent=30417"}],"wp:term":[{"taxonomy":"label","embeddable":true,"href":"https:\/\/www.linvosges-hotellerie.com\/es\/wp-json\/wp\/v2\/label?post=30417"},{"taxonomy":"product_brand","embeddable":true,"href":"https:\/\/www.linvosges-hotellerie.com\/es\/wp-json\/wp\/v2\/product_brand?post=30417"},{"taxonomy":"product_cat","embeddable":true,"href":"https:\/\/www.linvosges-hotellerie.com\/es\/wp-json\/wp\/v2\/product_cat?post=30417"},{"taxonomy":"product_tag","embeddable":true,"href":"https:\/\/www.linvosges-hotellerie.com\/es\/wp-json\/wp\/v2\/product_tag?post=30417"},{"taxonomy":"gamme","embeddable":true,"href":"https:\/\/www.linvosges-hotellerie.com\/es\/wp-json\/wp\/v2\/gamme?post=30417"},{"taxonomy":"matiere","embeddable":true,"href":"https:\/\/www.linvosges-hotellerie.com\/es\/wp-json\/wp\/v2\/matiere?post=30417"}],"curies":[{"name":"wp","href":"https:\/\/api.w.org\/{rel}","templated":true}]}}