{"id":30457,"date":"2022-11-16T16:43:17","date_gmt":"2022-11-16T15:43:17","guid":{"rendered":"https:\/\/www.linvosges-hotellerie.com\/sin categor\u00eda\/sabana-de-ducha-de-rizo-dome\/"},"modified":"2026-02-01T10:32:33","modified_gmt":"2026-02-01T09:32:33","slug":"sabana-de-ducha-de-rizo-dome","status":"publish","type":"product","link":"https:\/\/www.linvosges-hotellerie.com\/es\/esponjas\/ropa-de-bano\/sabana-de-ducha-de-rizo-dome\/","title":{"rendered":"S\u00e1bana de ducha de rizo D\u00f4me"},"content":{"rendered":"<p>Compuesta por un n\u00facleo denso de 700 g\/m\u00b2 y unos laterales aireados de 360 g\/m\u00b2, esta s\u00e1bana de ducha tejida con bucles de torsi\u00f3n cero atrae a lavanderos y hoteleros que se ven manteniendo esponjas menos pesadas a la vez que ofrecen a los usuarios comodidad y suavidad. La adici\u00f3n de lyocell, una fibra vegetal hecha de pulpa de madera, aumenta la absorbencia de la esponja, permitiendo que se seque m\u00e1s r\u00e1pidamente y proporcionando suavidad y turgencia.<\/p>\n","protected":false},"excerpt":{"rendered":"<p>Lavar a m\u00e1quina a 60\u00b0.<br \/>\nProhibidos el cloro y los agentes blanqueadores<br \/>\nSecar en secadora a 60\u00b0.<br \/>\nPlancha a una temperatura m\u00e1xima de 150\u00b0.<br \/>\nProductos autorizados para la limpieza en seco: Hidrocarburos<\/p>\n<p><span class=\"ginetex\">  4 o s b W  <\/span><\/p>\n","protected":false},"featured_media":30446,"template":"","meta":{"_acf_changed":false},"label":[],"product_brand":[],"product_cat":[1614,1571,1572],"product_tag":[],"gamme":[1775],"matiere":[1524,1776],"class_list":{"0":"post-30457","1":"product","2":"type-product","3":"status-publish","4":"has-post-thumbnail","6":"product_cat-700-g-m","7":"product_cat-esponjas","8":"product_cat-ropa-de-bano","9":"pa_couleur-blanco","10":"pa_dimensions-70x140-cm","11":"pa_grammage-700-grs-m","12":"pa_matiere-70-algodon-30-lyocell","13":"gamme-cupula","14":"matiere-algodon","15":"matiere-lyocell-es","17":"first","18":"instock","19":"taxable","20":"shipping-taxable","21":"purchasable","22":"product-type-variable","23":"has-default-attributes"},"acf":[],"df_price":15.42,"df_sale_price":"","df_regular_price":15.42,"df_image_link":"https:\/\/www.linvosges-hotellerie.com\/wp-content\/uploads\/2022\/11\/linge-de-bain-dome-hotel-professionnel-linvosges-hotellerie-300x300.jpg","_links":{"self":[{"href":"https:\/\/www.linvosges-hotellerie.com\/es\/wp-json\/wp\/v2\/product\/30457","targetHints":{"allow":["GET"]}}],"collection":[{"href":"https:\/\/www.linvosges-hotellerie.com\/es\/wp-json\/wp\/v2\/product"}],"about":[{"href":"https:\/\/www.linvosges-hotellerie.com\/es\/wp-json\/wp\/v2\/types\/product"}],"wp:featuredmedia":[{"embeddable":true,"href":"https:\/\/www.linvosges-hotellerie.com\/es\/wp-json\/wp\/v2\/media\/30446"}],"wp:attachment":[{"href":"https:\/\/www.linvosges-hotellerie.com\/es\/wp-json\/wp\/v2\/media?parent=30457"}],"wp:term":[{"taxonomy":"label","embeddable":true,"href":"https:\/\/www.linvosges-hotellerie.com\/es\/wp-json\/wp\/v2\/label?post=30457"},{"taxonomy":"product_brand","embeddable":true,"href":"https:\/\/www.linvosges-hotellerie.com\/es\/wp-json\/wp\/v2\/product_brand?post=30457"},{"taxonomy":"product_cat","embeddable":true,"href":"https:\/\/www.linvosges-hotellerie.com\/es\/wp-json\/wp\/v2\/product_cat?post=30457"},{"taxonomy":"product_tag","embeddable":true,"href":"https:\/\/www.linvosges-hotellerie.com\/es\/wp-json\/wp\/v2\/product_tag?post=30457"},{"taxonomy":"gamme","embeddable":true,"href":"https:\/\/www.linvosges-hotellerie.com\/es\/wp-json\/wp\/v2\/gamme?post=30457"},{"taxonomy":"matiere","embeddable":true,"href":"https:\/\/www.linvosges-hotellerie.com\/es\/wp-json\/wp\/v2\/matiere?post=30457"}],"curies":[{"name":"wp","href":"https:\/\/api.w.org\/{rel}","templated":true}]}}