{"id":30473,"date":"2023-01-04T16:17:45","date_gmt":"2023-01-04T15:17:45","guid":{"rendered":"https:\/\/www.linvosges-hotellerie.com\/sin categor\u00eda\/sabana-bajera-edito\/"},"modified":"2023-01-04T16:17:45","modified_gmt":"2023-01-04T15:17:45","slug":"sabana-bajera-edito","status":"publish","type":"product","link":"https:\/\/www.linvosges-hotellerie.com\/es\/sabana-ajustable\/sabana-bajera-edito\/","title":{"rendered":"S\u00e1bana bajera Edito"},"content":{"rendered":"<p>S\u00e1bana bajera de polialgod\u00f3n satinado blanco liso de 230 hilos. Adem\u00e1s de sus cualidades est\u00e9ticas, esta ropa de cama, fabricada con una mezcla \u00edntima de algod\u00f3n y poli\u00e9ster, tiene un tacto suave y fluido y una excelente durabilidad.<\/p>\n<p>Dimensiones s\u00e1bana bajera 30cm :<br \/>\n80&#215;190, 90&#215;190, 90&#215;200, 140&#215;190, 140&#215;200, 160&#215;200, 180&#215;200, 200&#215;200<br \/>\nDimensiones de la s\u00e1bana bajera 35cm :<br \/>\n80&#215;190, 90&#215;190, 90&#215;200, 140&#215;190, 140&#215;200, 160&#215;200, 180&#215;200, 200&#215;200<\/p>\n<p>Acabado de la s\u00e1bana bajera :<br \/>\n&#8211; El\u00e1stico en forma de U en toda la anchura + 30 cm a cada lado<br \/>\n&#8211; dobladillo<br \/>\n&#8211; hilo de color en el pie (el color del hilo depende del tama\u00f1o: 80&#215;190: violeta, 90&#215;190: rojo, 90&#215;200: naranja, 140&#215;190: azul, 140\/200: amarillo, 160&#215;200: verde, 180&#215;200: gris oscuro, 200&#215;200: negro)<\/p>\n","protected":false},"excerpt":{"rendered":"<p>Lavar a m\u00e1quina a 95\u00b0.<br \/>\nProhibidos el cloro y los agentes blanqueadores<br \/>\nSecado en secadora a 80\u00b0 C<br \/>\nPlanchado a una temperatura m\u00e1xima de 200\u00b0C<br \/>\nProhibida la limpieza en seco<\/p>\n<p><span class=\"ginetex\">  2 o a v U  <\/span><\/p>\n","protected":false},"featured_media":30475,"template":"","meta":{"_acf_changed":false},"label":[],"product_brand":[],"product_cat":[1629],"product_tag":[],"gamme":[1784],"matiere":[1625],"class_list":{"0":"post-30473","1":"product","2":"type-product","3":"status-publish","4":"has-post-thumbnail","6":"product_cat-sabana-ajustable","7":"pa_couleur-blanco-liso","8":"pa_dimensions-140-190-cm","9":"pa_dimensions-140-200-cm","10":"pa_dimensions-160-200-cm","11":"pa_dimensions-180x200-cm","12":"pa_dimensions-200-200-cm","13":"pa_dimensions-80-190-cm","14":"pa_dimensions-90-190-cm","15":"pa_dimensions-90-200-cm","16":"pa_forme-forma-de-la-tapa-del-sombrero-30-cm","17":"pa_forme-forma-de-la-tapa-del-sombrero-35-cm","18":"pa_grammage-135grs-m","19":"pa_matiere-80-algodon-20-poliester-es","20":"gamme-editorial","21":"matiere-polialgodon","23":"first","24":"instock","25":"taxable","26":"shipping-taxable","27":"purchasable","28":"product-type-variable"},"acf":[],"df_price":13.05,"df_sale_price":"","df_regular_price":13.05,"df_image_link":"https:\/\/www.linvosges-hotellerie.com\/wp-content\/uploads\/2023\/01\/Linge-de-lit-edito-uni-hotel-professionnel-linvosges-hotellerie-282x300.jpg","_links":{"self":[{"href":"https:\/\/www.linvosges-hotellerie.com\/es\/wp-json\/wp\/v2\/product\/30473","targetHints":{"allow":["GET"]}}],"collection":[{"href":"https:\/\/www.linvosges-hotellerie.com\/es\/wp-json\/wp\/v2\/product"}],"about":[{"href":"https:\/\/www.linvosges-hotellerie.com\/es\/wp-json\/wp\/v2\/types\/product"}],"wp:featuredmedia":[{"embeddable":true,"href":"https:\/\/www.linvosges-hotellerie.com\/es\/wp-json\/wp\/v2\/media\/30475"}],"wp:attachment":[{"href":"https:\/\/www.linvosges-hotellerie.com\/es\/wp-json\/wp\/v2\/media?parent=30473"}],"wp:term":[{"taxonomy":"label","embeddable":true,"href":"https:\/\/www.linvosges-hotellerie.com\/es\/wp-json\/wp\/v2\/label?post=30473"},{"taxonomy":"product_brand","embeddable":true,"href":"https:\/\/www.linvosges-hotellerie.com\/es\/wp-json\/wp\/v2\/product_brand?post=30473"},{"taxonomy":"product_cat","embeddable":true,"href":"https:\/\/www.linvosges-hotellerie.com\/es\/wp-json\/wp\/v2\/product_cat?post=30473"},{"taxonomy":"product_tag","embeddable":true,"href":"https:\/\/www.linvosges-hotellerie.com\/es\/wp-json\/wp\/v2\/product_tag?post=30473"},{"taxonomy":"gamme","embeddable":true,"href":"https:\/\/www.linvosges-hotellerie.com\/es\/wp-json\/wp\/v2\/gamme?post=30473"},{"taxonomy":"matiere","embeddable":true,"href":"https:\/\/www.linvosges-hotellerie.com\/es\/wp-json\/wp\/v2\/matiere?post=30473"}],"curies":[{"name":"wp","href":"https:\/\/api.w.org\/{rel}","templated":true}]}}