{"id":30614,"date":"2023-01-04T16:38:43","date_gmt":"2023-01-04T15:38:43","guid":{"rendered":"https:\/\/www.linvosges-hotellerie.com\/sin categor\u00eda\/sabana-bajera-edito-2\/"},"modified":"2023-01-04T16:38:43","modified_gmt":"2023-01-04T15:38:43","slug":"sabana-bajera-edito-2","status":"publish","type":"product","link":"https:\/\/www.linvosges-hotellerie.com\/es\/sin categor\u00eda\/sabana-bajera-edito-2\/","title":{"rendered":"S\u00e1bana bajera Edito"},"content":{"rendered":"<p>S\u00e1bana en polialgod\u00f3n satinado de 230 hilos. Lisa, tejida con rayas anchas, l\u00edneas finas o peque\u00f1os cuadros, esta gama seduce con sus diferentes motivos, que pueden utilizarse solos o mezclados, para aportar dinamismo y modernidad a tus estancias. Adem\u00e1s de sus cualidades est\u00e9ticas, esta ropa de cama, fabricada con una mezcla \u00edntima de algod\u00f3n y poli\u00e9ster, tiene un tacto suave y fluido y una excelente durabilidad.<\/p>\n<p>Tama\u00f1o de la hoja :<br \/>\n180&#215;310, 240&#215;310, 280&#215;310<\/p>\n<p>Acabado de la chapa :<br \/>\n&#8211; Dobladillo de la cabeza y los pies de 3 cm<br \/>\n&#8211; bordes laterales<br \/>\n&#8211; hilo de color en el pie (el color del hilo depende del tama\u00f1o: 180&#215;310: rojo, 240&#215;310: azul, 280&#215;310: verde)<\/p>\n","protected":false},"excerpt":{"rendered":"<p>Lavar a m\u00e1quina a 95\u00b0.<br \/>\nProhibidos el cloro y los agentes blanqueadores<br \/>\nSecado en secadora a 80\u00b0 C<br \/>\nPlanchado a una temperatura m\u00e1xima de 200\u00b0C<br \/>\nProhibida la limpieza en seco<\/p>\n<p><span class=\"ginetex\">  2 o a v U  <\/span><\/p>\n","protected":false},"featured_media":30625,"template":"","meta":{"_acf_changed":false},"label":[],"product_brand":[],"product_cat":[],"product_tag":[],"gamme":[1784],"matiere":[1625],"class_list":{"0":"post-30614","1":"product","2":"type-product","3":"status-publish","4":"has-post-thumbnail","6":"pa_couleur-blanco-liso","7":"pa_couleur-cheque-blanco","8":"pa_couleur-rayas-blancas-05-cm","9":"pa_couleur-rayas-blancas-20-cm","10":"pa_dimensions-180-310-cm","11":"pa_dimensions-240-310-cm","12":"pa_dimensions-280-310-cm","13":"pa_grammage-135grs-m","14":"pa_matiere-80-algodon-20-poliester-es","15":"gamme-editorial","16":"matiere-polialgodon","18":"first","19":"instock","20":"taxable","21":"shipping-taxable","22":"purchasable","23":"product-type-variable"},"acf":[],"df_price":29.17,"df_sale_price":"","df_regular_price":29.17,"df_image_link":"https:\/\/www.linvosges-hotellerie.com\/wp-content\/uploads\/2023\/01\/Linge-de-lit-edito-hotel-professionnel-linvosges-hotellerie-300x300.jpg","_links":{"self":[{"href":"https:\/\/www.linvosges-hotellerie.com\/es\/wp-json\/wp\/v2\/product\/30614","targetHints":{"allow":["GET"]}}],"collection":[{"href":"https:\/\/www.linvosges-hotellerie.com\/es\/wp-json\/wp\/v2\/product"}],"about":[{"href":"https:\/\/www.linvosges-hotellerie.com\/es\/wp-json\/wp\/v2\/types\/product"}],"wp:featuredmedia":[{"embeddable":true,"href":"https:\/\/www.linvosges-hotellerie.com\/es\/wp-json\/wp\/v2\/media\/30625"}],"wp:attachment":[{"href":"https:\/\/www.linvosges-hotellerie.com\/es\/wp-json\/wp\/v2\/media?parent=30614"}],"wp:term":[{"taxonomy":"label","embeddable":true,"href":"https:\/\/www.linvosges-hotellerie.com\/es\/wp-json\/wp\/v2\/label?post=30614"},{"taxonomy":"product_brand","embeddable":true,"href":"https:\/\/www.linvosges-hotellerie.com\/es\/wp-json\/wp\/v2\/product_brand?post=30614"},{"taxonomy":"product_cat","embeddable":true,"href":"https:\/\/www.linvosges-hotellerie.com\/es\/wp-json\/wp\/v2\/product_cat?post=30614"},{"taxonomy":"product_tag","embeddable":true,"href":"https:\/\/www.linvosges-hotellerie.com\/es\/wp-json\/wp\/v2\/product_tag?post=30614"},{"taxonomy":"gamme","embeddable":true,"href":"https:\/\/www.linvosges-hotellerie.com\/es\/wp-json\/wp\/v2\/gamme?post=30614"},{"taxonomy":"matiere","embeddable":true,"href":"https:\/\/www.linvosges-hotellerie.com\/es\/wp-json\/wp\/v2\/matiere?post=30614"}],"curies":[{"name":"wp","href":"https:\/\/api.w.org\/{rel}","templated":true}]}}