{"id":30775,"date":"2023-09-22T16:20:36","date_gmt":"2023-09-22T14:20:36","guid":{"rendered":"https:\/\/www.linvosges-hotellerie.com\/sin categor\u00eda\/sabana-bajera-de-punto\/"},"modified":"2023-09-22T16:20:36","modified_gmt":"2023-09-22T14:20:36","slug":"sabana-bajera-de-punto","status":"publish","type":"product","link":"https:\/\/www.linvosges-hotellerie.com\/es\/ropa-de-cama\/algodon\/sabana-bajera-de-punto\/","title":{"rendered":"S\u00e1bana bajera de punto"},"content":{"rendered":"<p>S\u00e1bana bajera de punto de algod\u00f3n puro, de f\u00e1cil cuidado y sin necesidad de plancha.<\/p>\n<p>Tapa de 35 cm, adecuada para colchones de hasta 30 cm de grosor.<\/p>\n<p>Existencias limitadas<\/p>\n","protected":false},"excerpt":{"rendered":"<p>Lavar a m\u00e1quina a 60\u00b0.<br \/>\nProhibici\u00f3n del blanqueo de capitales<br \/>\nSecado en secadora a 60\u00b0 como m\u00e1ximo<br \/>\nPlancha a una temperatura m\u00e1xima de 110\u00b0.<br \/>\nProductos autorizados para la limpieza en seco: Percloroetileno, Hidrocarburos<\/p>\n<p><span class=\"ginetex\">  4 o s n W  <\/span><\/p>\n","protected":false},"featured_media":30777,"template":"","meta":{"_acf_changed":false},"label":[],"product_brand":[],"product_cat":[1704,1649],"product_tag":[],"gamme":[1837],"matiere":[1524],"class_list":{"0":"post-30775","1":"product","2":"type-product","3":"status-publish","4":"has-post-thumbnail","6":"product_cat-algodon","7":"product_cat-ropa-de-cama","8":"pa_couleur-blanco","9":"pa_dimensions-100-200-cm","10":"pa_dimensions-140-190-cm","11":"pa_dimensions-140-200-cm","12":"pa_dimensions-90-190-cm","13":"pa_dimensions-90-200-cm","14":"pa_forme-forma-de-la-tapa-del-sombrero-35-cm","15":"pa_matiere-100-algodon","16":"gamme-jersey-es","17":"matiere-algodon","19":"first","20":"instock","21":"taxable","22":"shipping-taxable","23":"purchasable","24":"product-type-variable","25":"has-default-attributes"},"acf":[],"df_price":11.8,"df_sale_price":"","df_regular_price":11.8,"df_image_link":"https:\/\/www.linvosges-hotellerie.com\/wp-content\/uploads\/2023\/09\/DRAP-HOUSSE_JERSEY_BLANC-1-300x300.png","_links":{"self":[{"href":"https:\/\/www.linvosges-hotellerie.com\/es\/wp-json\/wp\/v2\/product\/30775","targetHints":{"allow":["GET"]}}],"collection":[{"href":"https:\/\/www.linvosges-hotellerie.com\/es\/wp-json\/wp\/v2\/product"}],"about":[{"href":"https:\/\/www.linvosges-hotellerie.com\/es\/wp-json\/wp\/v2\/types\/product"}],"wp:featuredmedia":[{"embeddable":true,"href":"https:\/\/www.linvosges-hotellerie.com\/es\/wp-json\/wp\/v2\/media\/30777"}],"wp:attachment":[{"href":"https:\/\/www.linvosges-hotellerie.com\/es\/wp-json\/wp\/v2\/media?parent=30775"}],"wp:term":[{"taxonomy":"label","embeddable":true,"href":"https:\/\/www.linvosges-hotellerie.com\/es\/wp-json\/wp\/v2\/label?post=30775"},{"taxonomy":"product_brand","embeddable":true,"href":"https:\/\/www.linvosges-hotellerie.com\/es\/wp-json\/wp\/v2\/product_brand?post=30775"},{"taxonomy":"product_cat","embeddable":true,"href":"https:\/\/www.linvosges-hotellerie.com\/es\/wp-json\/wp\/v2\/product_cat?post=30775"},{"taxonomy":"product_tag","embeddable":true,"href":"https:\/\/www.linvosges-hotellerie.com\/es\/wp-json\/wp\/v2\/product_tag?post=30775"},{"taxonomy":"gamme","embeddable":true,"href":"https:\/\/www.linvosges-hotellerie.com\/es\/wp-json\/wp\/v2\/gamme?post=30775"},{"taxonomy":"matiere","embeddable":true,"href":"https:\/\/www.linvosges-hotellerie.com\/es\/wp-json\/wp\/v2\/matiere?post=30775"}],"curies":[{"name":"wp","href":"https:\/\/api.w.org\/{rel}","templated":true}]}}