{"id":33644,"date":"2020-12-16T05:44:09","date_gmt":"2020-12-16T04:44:09","guid":{"rendered":"https:\/\/www.linvosges-hotellerie.com\/sin categor\u00eda\/servilleta-ribes\/"},"modified":"2020-12-16T05:44:09","modified_gmt":"2020-12-16T04:44:09","slug":"servilleta-ribes","status":"publish","type":"product","link":"https:\/\/www.linvosges-hotellerie.com\/es\/la-mesa\/manteleria-a-medida\/servilleta-ribes\/","title":{"rendered":"Servilleta Ribes"},"content":{"rendered":"<p>Mantel jacquard de polialgod\u00f3n texturizado con un tejido irregular para un aspecto aut\u00e9ntico.<br \/>\nLa mezcla de algod\u00f3n y poli\u00e9ster confiere al tejido suavidad y resistencia, y hace que sea m\u00e1s f\u00e1cil de cuidar, sec\u00e1ndose m\u00e1s r\u00e1pido y planch\u00e1ndose m\u00e1s f\u00e1cilmente.<\/p>\n<p>4 acabados a elegir :<br \/>\n&#8211; dobladillo sencillo: cosido a 2 cm del borde para los manteles y a 1 cm para las servilletas &#8211; acabado cl\u00e1sico tradicional<br \/>\n&#8211; Esquinas a inglete de 2 cm: los dobladillos de 2 cm est\u00e1n unidos por una costura de 45\u00b0 para conseguir puntos perfectos &#8211; acabado refinado<br \/>\n&#8211; Esquinas a inglete de 5 cm: los dobladillos de 5 cm est\u00e1n unidos por una costura de 45\u00b0 para conseguir puntos perfectos &#8211; acabado muy refinado<br \/>\n&#8211; bies interior: bies de 18 mm cosido por el rev\u00e9s para hacerlo invisible &#8211; acabado reservado a los manteles redondos para seguir las curvas del tejido<\/p>\n","protected":false},"excerpt":{"rendered":"<p>Lavar a m\u00e1quina a 95\u00b0.<br \/>\nPosible blanqueamiento<br \/>\nNo secar en secadora<br \/>\nPlancha a una temperatura m\u00e1xima de 150\u00b0.<br \/>\nProductos autorizados para la limpieza en seco: Percloroetileno, Hidrocarburos<\/p>\n<p><span class=\"ginetex\"> 2 u d b W <\/span><\/p>\n","protected":false},"featured_media":31933,"template":"","meta":{"_acf_changed":false},"label":[],"product_brand":[],"product_cat":[1876,1874,1900],"product_tag":[],"gamme":[2213],"matiere":[1625],"class_list":{"0":"post-33644","1":"product","2":"type-product","3":"status-publish","4":"has-post-thumbnail","6":"product_cat-la-mesa","7":"product_cat-manteleria-a-medida","8":"product_cat-polialgodon-es","9":"pa_couleur-antracita","10":"pa_couleur-blanco-arena","11":"pa_couleur-chocolate-es","12":"pa_couleur-perla","13":"pa_dimensions-40x40-cm","14":"pa_dimensions-45x45-cm","15":"pa_dimensions-50x50-cm","16":"pa_finition-esquinas-ingleteadas-2-cm","17":"pa_finition-ourlet-simple-es","18":"pa_grammage-280grs-m","19":"pa_matiere-51-algodon-49-poliester","20":"gamme-ribes-es","21":"matiere-polialgodon","23":"first","24":"instock","25":"taxable","26":"shipping-taxable","27":"purchasable","28":"product-type-variable","29":"has-default-attributes"},"acf":[],"df_price":"","df_sale_price":"","df_regular_price":"","df_image_link":"https:\/\/www.linvosges-hotellerie.com\/wp-content\/uploads\/2020\/12\/linge-de-table-ribes-anthracite-51-pour-cent-coton-49-pour-cent-polyester-280-grs-m2-professionnel-restaurant-linvosges-hotellerie-300x300.jpg","_links":{"self":[{"href":"https:\/\/www.linvosges-hotellerie.com\/es\/wp-json\/wp\/v2\/product\/33644","targetHints":{"allow":["GET"]}}],"collection":[{"href":"https:\/\/www.linvosges-hotellerie.com\/es\/wp-json\/wp\/v2\/product"}],"about":[{"href":"https:\/\/www.linvosges-hotellerie.com\/es\/wp-json\/wp\/v2\/types\/product"}],"wp:featuredmedia":[{"embeddable":true,"href":"https:\/\/www.linvosges-hotellerie.com\/es\/wp-json\/wp\/v2\/media\/31933"}],"wp:attachment":[{"href":"https:\/\/www.linvosges-hotellerie.com\/es\/wp-json\/wp\/v2\/media?parent=33644"}],"wp:term":[{"taxonomy":"label","embeddable":true,"href":"https:\/\/www.linvosges-hotellerie.com\/es\/wp-json\/wp\/v2\/label?post=33644"},{"taxonomy":"product_brand","embeddable":true,"href":"https:\/\/www.linvosges-hotellerie.com\/es\/wp-json\/wp\/v2\/product_brand?post=33644"},{"taxonomy":"product_cat","embeddable":true,"href":"https:\/\/www.linvosges-hotellerie.com\/es\/wp-json\/wp\/v2\/product_cat?post=33644"},{"taxonomy":"product_tag","embeddable":true,"href":"https:\/\/www.linvosges-hotellerie.com\/es\/wp-json\/wp\/v2\/product_tag?post=33644"},{"taxonomy":"gamme","embeddable":true,"href":"https:\/\/www.linvosges-hotellerie.com\/es\/wp-json\/wp\/v2\/gamme?post=33644"},{"taxonomy":"matiere","embeddable":true,"href":"https:\/\/www.linvosges-hotellerie.com\/es\/wp-json\/wp\/v2\/matiere?post=33644"}],"curies":[{"name":"wp","href":"https:\/\/api.w.org\/{rel}","templated":true}]}}