{"id":33671,"date":"2020-12-16T05:44:24","date_gmt":"2020-12-16T04:44:24","guid":{"rendered":"https:\/\/www.linvosges-hotellerie.com\/sin categor\u00eda\/servilleta-monza\/"},"modified":"2020-12-16T05:44:24","modified_gmt":"2020-12-16T04:44:24","slug":"servilleta-monza","status":"publish","type":"product","link":"https:\/\/www.linvosges-hotellerie.com\/es\/la-mesa\/manteleria-a-medida\/servilleta-monza\/","title":{"rendered":"Servilleta Monza"},"content":{"rendered":"<p>Mantel de polialgod\u00f3n mate con tacto de algod\u00f3n. Su elevado gramaje de 233grs\/m\u00b2 le confiere una buena sujeci\u00f3n<br \/>\nLa mezcla de algod\u00f3n y poli\u00e9ster confiere al tejido suavidad y resistencia, y hace que sea m\u00e1s f\u00e1cil de cuidar, sec\u00e1ndose m\u00e1s r\u00e1pido y planch\u00e1ndose m\u00e1s f\u00e1cilmente.<\/p>\n<p>4 acabados a elegir :<br \/>\n&#8211; dobladillo sencillo: cosido a 2 cm del borde para los manteles y a 1 cm para las servilletas &#8211; acabado cl\u00e1sico tradicional<br \/>\n&#8211; Esquinas a inglete de 2 cm: los dobladillos de 2 cm est\u00e1n unidos por una costura de 45\u00b0 para conseguir puntos perfectos &#8211; acabado refinado<br \/>\n&#8211; Esquinas a inglete de 5 cm: los dobladillos de 5 cm est\u00e1n unidos por una costura de 45\u00b0 para conseguir puntos perfectos &#8211; acabado muy refinado<br \/>\n&#8211; bies interior: bies de 18 mm cosido por el rev\u00e9s para hacerlo invisible &#8211; acabado reservado a los manteles redondos para seguir las curvas del tejido<\/p>\n","protected":false},"excerpt":{"rendered":"<p>Lavar a m\u00e1quina a 70\u00b0.<br \/>\nPosible blanqueamiento<br \/>\nSecar en secadora a 60\u00b0.<br \/>\nPlanchado a una temperatura m\u00e1xima de 200\u00b0C<br \/>\nProductos autorizados para la limpieza en seco: Percloroetileno, Hidrocarburos<\/p>\n<p><span class=\"ginetex\"> 3 u s v W <\/span><\/p>\n","protected":false},"featured_media":31671,"template":"","meta":{"_acf_changed":false},"label":[],"product_brand":[],"product_cat":[1876,1874,1900],"product_tag":[],"gamme":[2154],"matiere":[1625],"class_list":{"0":"post-33671","1":"product","2":"type-product","3":"status-publish","4":"has-post-thumbnail","6":"product_cat-la-mesa","7":"product_cat-manteleria-a-medida","8":"product_cat-polialgodon-es","9":"pa_couleur-blanco","10":"pa_couleur-burdeos","11":"pa_couleur-chocolate-es","12":"pa_couleur-dirige","13":"pa_couleur-gris-es","14":"pa_couleur-negro","15":"pa_couleur-pierre-es","16":"pa_dimensions-40x40-cm","17":"pa_dimensions-45x45-cm","18":"pa_dimensions-50x50-cm","19":"pa_finition-esquinas-ingleteadas-2-cm","20":"pa_finition-ourlet-simple-es","21":"pa_grammage-233grs-m","22":"pa_matiere-50-poliester-50-algodon","23":"gamme-monza-es","24":"matiere-polialgodon","26":"first","27":"outofstock","28":"taxable","29":"shipping-taxable","30":"purchasable","31":"product-type-variable","32":"has-default-attributes"},"acf":[],"df_price":"","df_sale_price":"","df_regular_price":"","df_image_link":"https:\/\/www.linvosges-hotellerie.com\/wp-content\/uploads\/2020\/12\/linge-de-table-monza-blanc-50-pour-cent-polyester-50-pour-cent-coton-233-grs-m2-professionnel-restaurant-linvosges-hotellerie-300x300.jpg","_links":{"self":[{"href":"https:\/\/www.linvosges-hotellerie.com\/es\/wp-json\/wp\/v2\/product\/33671","targetHints":{"allow":["GET"]}}],"collection":[{"href":"https:\/\/www.linvosges-hotellerie.com\/es\/wp-json\/wp\/v2\/product"}],"about":[{"href":"https:\/\/www.linvosges-hotellerie.com\/es\/wp-json\/wp\/v2\/types\/product"}],"wp:featuredmedia":[{"embeddable":true,"href":"https:\/\/www.linvosges-hotellerie.com\/es\/wp-json\/wp\/v2\/media\/31671"}],"wp:attachment":[{"href":"https:\/\/www.linvosges-hotellerie.com\/es\/wp-json\/wp\/v2\/media?parent=33671"}],"wp:term":[{"taxonomy":"label","embeddable":true,"href":"https:\/\/www.linvosges-hotellerie.com\/es\/wp-json\/wp\/v2\/label?post=33671"},{"taxonomy":"product_brand","embeddable":true,"href":"https:\/\/www.linvosges-hotellerie.com\/es\/wp-json\/wp\/v2\/product_brand?post=33671"},{"taxonomy":"product_cat","embeddable":true,"href":"https:\/\/www.linvosges-hotellerie.com\/es\/wp-json\/wp\/v2\/product_cat?post=33671"},{"taxonomy":"product_tag","embeddable":true,"href":"https:\/\/www.linvosges-hotellerie.com\/es\/wp-json\/wp\/v2\/product_tag?post=33671"},{"taxonomy":"gamme","embeddable":true,"href":"https:\/\/www.linvosges-hotellerie.com\/es\/wp-json\/wp\/v2\/gamme?post=33671"},{"taxonomy":"matiere","embeddable":true,"href":"https:\/\/www.linvosges-hotellerie.com\/es\/wp-json\/wp\/v2\/matiere?post=33671"}],"curies":[{"name":"wp","href":"https:\/\/api.w.org\/{rel}","templated":true}]}}