{"id":36517,"date":"2020-12-16T05:50:16","date_gmt":"2020-12-16T04:50:16","guid":{"rendered":"https:\/\/www.linvosges-hotellerie.com\/sin categor\u00eda\/mantel-individual-tribeca\/"},"modified":"2020-12-16T05:50:16","modified_gmt":"2020-12-16T04:50:16","slug":"mantel-individual-tribeca","status":"publish","type":"product","link":"https:\/\/www.linvosges-hotellerie.com\/es\/la-mesa\/manteleria-a-medida\/mantel-individual-tribeca\/","title":{"rendered":"Mantel individual Tribeca"},"content":{"rendered":"<p>Mantel de polialgod\u00f3n punteado con un peque\u00f1o dibujo geom\u00e9trico<br \/>\nLa mezcla de algod\u00f3n y poli\u00e9ster confiere al tejido suavidad y resistencia, y hace que sea m\u00e1s f\u00e1cil de cuidar, sec\u00e1ndose m\u00e1s r\u00e1pido y planch\u00e1ndose m\u00e1s f\u00e1cilmente.<\/p>\n<p>4 acabados a elegir :<br \/>\n&#8211; dobladillo sencillo: cosido a 2 cm del borde para manteles &#8211; acabado cl\u00e1sico tradicional<br \/>\n&#8211; Esquinas a inglete de 2 cm: los dobladillos de 2 cm est\u00e1n unidos por una costura de 45\u00b0 para conseguir puntos perfectos &#8211; acabado refinado<br \/>\n&#8211; Esquinas a inglete de 5 cm: los dobladillos de 5 cm est\u00e1n unidos por una costura de 45\u00b0 para conseguir puntos perfectos &#8211; acabado muy refinado<br \/>\n&#8211; bies interior: bies de 18 mm cosido por el rev\u00e9s para hacerlo invisible &#8211; acabado reservado a los manteles redondos para seguir las curvas del tejido<\/p>\n","protected":false},"excerpt":{"rendered":"<p>Lavar a m\u00e1quina a 70\u00b0.<br \/>\nProhibidos el cloro y los agentes blanqueadores<br \/>\nSecar en secadora a 60\u00b0.<br \/>\nPlancha a una temperatura m\u00e1xima de 150\u00b0.<br \/>\nProductos autorizados para la limpieza en seco: Percloroetileno, Hidrocarburos<\/p>\n<p><span class=\"ginetex\">  4 o s b W  <\/span><\/p>\n","protected":false},"featured_media":31967,"template":"","meta":{"_acf_changed":false},"label":[],"product_brand":[],"product_cat":[1876,2298,1874,1900],"product_tag":[],"gamme":[2219],"matiere":[1625],"class_list":{"0":"post-36517","1":"product","2":"type-product","3":"status-publish","4":"has-post-thumbnail","6":"product_cat-la-mesa","7":"product_cat-mantel-individual-a-medida","8":"product_cat-manteleria-a-medida","9":"product_cat-polialgodon-es","10":"pa_couleur-arena","11":"pa_couleur-blanco","12":"pa_couleur-gris-perla","13":"pa_couleur-marfil","14":"pa_dimensions-35x45-cm","15":"pa_finition-esquinas-ingleteadas-2-cm","16":"pa_grammage-240grs-m","17":"pa_matiere-52-poliester-48-algodon","18":"gamme-tribeca-es","19":"matiere-polialgodon","21":"first","22":"outofstock","23":"taxable","24":"shipping-taxable","25":"purchasable","26":"product-type-variable","27":"has-default-attributes"},"acf":[],"df_price":"","df_sale_price":"","df_regular_price":"","df_image_link":"https:\/\/www.linvosges-hotellerie.com\/wp-content\/uploads\/2020\/12\/linge-de-table-tribeca-52-pour-cent-polyester-48-pour-cent-coton-240-grs-m2-professionnel-restaurant-linvosges-hotellerie-300x300.jpg","_links":{"self":[{"href":"https:\/\/www.linvosges-hotellerie.com\/es\/wp-json\/wp\/v2\/product\/36517","targetHints":{"allow":["GET"]}}],"collection":[{"href":"https:\/\/www.linvosges-hotellerie.com\/es\/wp-json\/wp\/v2\/product"}],"about":[{"href":"https:\/\/www.linvosges-hotellerie.com\/es\/wp-json\/wp\/v2\/types\/product"}],"wp:featuredmedia":[{"embeddable":true,"href":"https:\/\/www.linvosges-hotellerie.com\/es\/wp-json\/wp\/v2\/media\/31967"}],"wp:attachment":[{"href":"https:\/\/www.linvosges-hotellerie.com\/es\/wp-json\/wp\/v2\/media?parent=36517"}],"wp:term":[{"taxonomy":"label","embeddable":true,"href":"https:\/\/www.linvosges-hotellerie.com\/es\/wp-json\/wp\/v2\/label?post=36517"},{"taxonomy":"product_brand","embeddable":true,"href":"https:\/\/www.linvosges-hotellerie.com\/es\/wp-json\/wp\/v2\/product_brand?post=36517"},{"taxonomy":"product_cat","embeddable":true,"href":"https:\/\/www.linvosges-hotellerie.com\/es\/wp-json\/wp\/v2\/product_cat?post=36517"},{"taxonomy":"product_tag","embeddable":true,"href":"https:\/\/www.linvosges-hotellerie.com\/es\/wp-json\/wp\/v2\/product_tag?post=36517"},{"taxonomy":"gamme","embeddable":true,"href":"https:\/\/www.linvosges-hotellerie.com\/es\/wp-json\/wp\/v2\/gamme?post=36517"},{"taxonomy":"matiere","embeddable":true,"href":"https:\/\/www.linvosges-hotellerie.com\/es\/wp-json\/wp\/v2\/matiere?post=36517"}],"curies":[{"name":"wp","href":"https:\/\/api.w.org\/{rel}","templated":true}]}}