{"id":36522,"date":"2020-11-27T12:47:41","date_gmt":"2020-11-27T11:47:41","guid":{"rendered":"https:\/\/www.linvosges-hotellerie.com\/sin categor\u00eda\/capa-interior-de-algodon-recubierta-de-softimper-con-cremallera\/"},"modified":"2020-11-27T12:47:41","modified_gmt":"2020-11-27T11:47:41","slug":"capa-interior-de-algodon-recubierta-de-softimper-con-cremallera","status":"publish","type":"product","link":"https:\/\/www.linvosges-hotellerie.com\/es\/salida-todo-al-50-descuento\/capa-interior-de-algodon-recubierta-de-softimper-con-cremallera\/","title":{"rendered":"Capa interior de algod\u00f3n recubierta de Softimper\u00ae con cremallera"},"content":{"rendered":"<p>Esta s\u00e1bana bajera de algod\u00f3n cepillado es totalmente impermeable gracias a su revestimiento de poliuretano. Esta protecci\u00f3n tambi\u00e9n es transpirable y silenciosa para una excelente comodidad al dormir.<\/p>\n<p>Cierre de cremallera<\/p>\n","protected":false},"excerpt":{"rendered":"<p>Lavar a m\u00e1quina a 60\u00b0.<br \/>\nProhibidos el cloro y los agentes blanqueadores<br \/>\nNo secar en secadora<br \/>\nPlanchado a una temperatura m\u00e1xima de 110\u00b0, sin vapor<br \/>\nProhibida la limpieza en seco<br \/>\n<span class=\"ginetex\">  4 o d n U  <\/span><\/p>\n","protected":false},"featured_media":36524,"template":"","meta":{"_acf_changed":false},"label":[],"product_brand":[],"product_cat":[1537],"product_tag":[],"gamme":[2360],"matiere":[1524,2362],"class_list":{"0":"post-36522","1":"product","2":"type-product","3":"status-publish","4":"has-post-thumbnail","6":"product_cat-salida-todo-al-50-descuento","7":"pa_couleur-blanco","8":"pa_dimensions-50-70-cm","9":"pa_dimensions-65-65-cm","10":"pa_grammage-200grs-m","11":"pa_matiere-rizo-de-algodon-100-con-revestimiento-de-poliuretano","12":"gamme-softimper-es","13":"matiere-algodon","14":"matiere-poliuretano","16":"first","17":"outofstock","18":"taxable","19":"shipping-taxable","20":"product-type-variable","21":"has-default-attributes"},"acf":[],"df_price":"","df_sale_price":"","df_regular_price":"","df_image_link":"https:\/\/www.linvosges-hotellerie.com\/wp-content\/uploads\/2020\/11\/SOFTIMPER-SOUS-TAIE-ZIP-65x65-5158301-300x300.png","_links":{"self":[{"href":"https:\/\/www.linvosges-hotellerie.com\/es\/wp-json\/wp\/v2\/product\/36522","targetHints":{"allow":["GET"]}}],"collection":[{"href":"https:\/\/www.linvosges-hotellerie.com\/es\/wp-json\/wp\/v2\/product"}],"about":[{"href":"https:\/\/www.linvosges-hotellerie.com\/es\/wp-json\/wp\/v2\/types\/product"}],"wp:featuredmedia":[{"embeddable":true,"href":"https:\/\/www.linvosges-hotellerie.com\/es\/wp-json\/wp\/v2\/media\/36524"}],"wp:attachment":[{"href":"https:\/\/www.linvosges-hotellerie.com\/es\/wp-json\/wp\/v2\/media?parent=36522"}],"wp:term":[{"taxonomy":"label","embeddable":true,"href":"https:\/\/www.linvosges-hotellerie.com\/es\/wp-json\/wp\/v2\/label?post=36522"},{"taxonomy":"product_brand","embeddable":true,"href":"https:\/\/www.linvosges-hotellerie.com\/es\/wp-json\/wp\/v2\/product_brand?post=36522"},{"taxonomy":"product_cat","embeddable":true,"href":"https:\/\/www.linvosges-hotellerie.com\/es\/wp-json\/wp\/v2\/product_cat?post=36522"},{"taxonomy":"product_tag","embeddable":true,"href":"https:\/\/www.linvosges-hotellerie.com\/es\/wp-json\/wp\/v2\/product_tag?post=36522"},{"taxonomy":"gamme","embeddable":true,"href":"https:\/\/www.linvosges-hotellerie.com\/es\/wp-json\/wp\/v2\/gamme?post=36522"},{"taxonomy":"matiere","embeddable":true,"href":"https:\/\/www.linvosges-hotellerie.com\/es\/wp-json\/wp\/v2\/matiere?post=36522"}],"curies":[{"name":"wp","href":"https:\/\/api.w.org\/{rel}","templated":true}]}}