{"id":36564,"date":"2020-11-27T12:47:42","date_gmt":"2020-11-27T11:47:42","guid":{"rendered":"https:\/\/www.linvosges-hotellerie.com\/sin categor\u00eda\/sabana-bajera-de-algodon-en-forma-de-saco\/"},"modified":"2026-04-22T00:05:29","modified_gmt":"2026-04-21T22:05:29","slug":"sabana-bajera-de-algodon-en-forma-de-saco","status":"publish","type":"product","link":"https:\/\/www.linvosges-hotellerie.com\/es\/ropa-de-cama-es\/underwood-es\/sabana-bajera-de-algodon-en-forma-de-saco\/","title":{"rendered":"S\u00e1bana bajera de algod\u00f3n en forma de saco"},"content":{"rendered":"<p>Forma de bolsa de cartera para facilitar la colocaci\u00f3n y un buen soporte. Tejido apretado, fuerte y duradero<\/p>\n","protected":false},"excerpt":{"rendered":"<p>Lavar a m\u00e1quina a 95\u00b0.<br \/>\nProhibidos el cloro y los agentes blanqueadores<br \/>\nSecado en secadora a 80\u00b0 C<br \/>\nPlancha a una temperatura m\u00e1xima de 150\u00b0.<br \/>\nProhibida la limpieza en seco<br \/>\n<span class=\"ginetex\">  2 o a b U  <\/span><\/p>\n","protected":false},"featured_media":36567,"template":"","meta":{"_acf_changed":false},"label":[],"product_brand":[],"product_cat":[2382,2384],"product_tag":[],"gamme":[2383],"matiere":[1524],"class_list":{"0":"post-36564","1":"product","2":"type-product","3":"status-publish","4":"has-post-thumbnail","6":"product_cat-ropa-de-cama-es","7":"product_cat-underwood-es","8":"pa_couleur-blanco","9":"pa_dimensions-45-70-cm","10":"pa_dimensions-50-70-cm","11":"pa_dimensions-50-75-cm","12":"pa_dimensions-60-60-cm","13":"pa_dimensions-65-65-cm","14":"pa_grammage-150grs-m","15":"pa_matiere-100-algodon-es","16":"gamme-algodon","17":"matiere-algodon","19":"first","20":"instock","21":"taxable","22":"shipping-taxable","23":"purchasable","24":"product-type-variable","25":"has-default-attributes"},"acf":[],"df_price":3.21,"df_sale_price":"","df_regular_price":3.21,"df_image_link":"https:\/\/www.linvosges-hotellerie.com\/wp-content\/uploads\/2020\/12\/sous-taie-coton-150-grs-m2-forme-sac-hotel-professionnel-linvosges-hotellerie-300x300.jpg","_links":{"self":[{"href":"https:\/\/www.linvosges-hotellerie.com\/es\/wp-json\/wp\/v2\/product\/36564","targetHints":{"allow":["GET"]}}],"collection":[{"href":"https:\/\/www.linvosges-hotellerie.com\/es\/wp-json\/wp\/v2\/product"}],"about":[{"href":"https:\/\/www.linvosges-hotellerie.com\/es\/wp-json\/wp\/v2\/types\/product"}],"wp:featuredmedia":[{"embeddable":true,"href":"https:\/\/www.linvosges-hotellerie.com\/es\/wp-json\/wp\/v2\/media\/36567"}],"wp:attachment":[{"href":"https:\/\/www.linvosges-hotellerie.com\/es\/wp-json\/wp\/v2\/media?parent=36564"}],"wp:term":[{"taxonomy":"label","embeddable":true,"href":"https:\/\/www.linvosges-hotellerie.com\/es\/wp-json\/wp\/v2\/label?post=36564"},{"taxonomy":"product_brand","embeddable":true,"href":"https:\/\/www.linvosges-hotellerie.com\/es\/wp-json\/wp\/v2\/product_brand?post=36564"},{"taxonomy":"product_cat","embeddable":true,"href":"https:\/\/www.linvosges-hotellerie.com\/es\/wp-json\/wp\/v2\/product_cat?post=36564"},{"taxonomy":"product_tag","embeddable":true,"href":"https:\/\/www.linvosges-hotellerie.com\/es\/wp-json\/wp\/v2\/product_tag?post=36564"},{"taxonomy":"gamme","embeddable":true,"href":"https:\/\/www.linvosges-hotellerie.com\/es\/wp-json\/wp\/v2\/gamme?post=36564"},{"taxonomy":"matiere","embeddable":true,"href":"https:\/\/www.linvosges-hotellerie.com\/es\/wp-json\/wp\/v2\/matiere?post=36564"}],"curies":[{"name":"wp","href":"https:\/\/api.w.org\/{rel}","templated":true}]}}