{"id":36602,"date":"2020-12-16T03:50:29","date_gmt":"2020-12-16T02:50:29","guid":{"rendered":"https:\/\/www.linvosges-hotellerie.com\/sin categor\u00eda\/funda-para-cartera-anais\/"},"modified":"2020-12-16T03:50:29","modified_gmt":"2020-12-16T02:50:29","slug":"funda-para-cartera-anais","status":"publish","type":"product","link":"https:\/\/www.linvosges-hotellerie.com\/es\/ropa-de-cama\/funda-de-almohada\/funda-para-cartera-anais\/","title":{"rendered":"Funda para cartera Ana\u00efs"},"content":{"rendered":"<p>Funda de almohada de polialgod\u00f3n percal de 180 hilos. Su tejido de hilos largos y apretados lo hace muy resistente.<br \/>\nLa mezcla de algod\u00f3n y poli\u00e9ster facilita el cuidado de tu ropa, sec\u00e1ndola m\u00e1s r\u00e1pidamente y planch\u00e1ndola con m\u00e1s facilidad.<\/p>\n<p>Dimensiones de la funda de almohada cuadrada o rectangular :<br \/>\n60&#215;60, 65&#215;65, 45&#215;70, 50&#215;70, 50&#215;75<\/p>\n<p>Acabado de la funda de almohada :<br \/>\n&#8211; forma de bolso con solapa monedero interior<br \/>\n&#8211; Volante acolchado integral de 4 cm con solapa monedero interior<\/p>\n","protected":false},"excerpt":{"rendered":"<p>Lavar a m\u00e1quina a 95\u00b0.<br \/>\nPosible blanqueamiento<br \/>\nSecar en secadora a 60\u00b0.<br \/>\nPlancha a una temperatura m\u00e1xima de 150\u00b0.<br \/>\nProhibida la limpieza en seco<\/p>\n<p><span class=\"ginetex\">  2 u s b U  <\/span><\/p>\n","protected":false},"featured_media":29233,"template":"","meta":{"_acf_changed":false},"label":[],"product_brand":[],"product_cat":[2389],"product_tag":[],"gamme":[1624],"matiere":[1625],"class_list":{"0":"post-36602","1":"product","2":"type-product","3":"status-publish","4":"has-post-thumbnail","6":"product_cat-funda-de-almohada","7":"pa_couleur-blanco","8":"pa_dimensions-45-70-cm","9":"pa_dimensions-50-70-cm","10":"pa_dimensions-50-75-cm","11":"pa_dimensions-60-60-cm","12":"pa_dimensions-65-65-cm","13":"pa_grammage-110grs-m","14":"pa_matiere-50-algodon-50-poliester","15":"gamme-anais-es","16":"matiere-polialgodon","18":"first","19":"instock","20":"taxable","21":"shipping-taxable","22":"purchasable","23":"product-type-variable","24":"has-default-attributes"},"acf":[],"df_price":3.1,"df_sale_price":"","df_regular_price":3.1,"df_image_link":"https:\/\/www.linvosges-hotellerie.com\/wp-content\/uploads\/2020\/12\/linge-de-lit-percale-polycoton-uni-anais-110-grs-m2-hotel-professionnel-linvosges-hotellerie-3-300x300.jpg","_links":{"self":[{"href":"https:\/\/www.linvosges-hotellerie.com\/es\/wp-json\/wp\/v2\/product\/36602","targetHints":{"allow":["GET"]}}],"collection":[{"href":"https:\/\/www.linvosges-hotellerie.com\/es\/wp-json\/wp\/v2\/product"}],"about":[{"href":"https:\/\/www.linvosges-hotellerie.com\/es\/wp-json\/wp\/v2\/types\/product"}],"wp:featuredmedia":[{"embeddable":true,"href":"https:\/\/www.linvosges-hotellerie.com\/es\/wp-json\/wp\/v2\/media\/29233"}],"wp:attachment":[{"href":"https:\/\/www.linvosges-hotellerie.com\/es\/wp-json\/wp\/v2\/media?parent=36602"}],"wp:term":[{"taxonomy":"label","embeddable":true,"href":"https:\/\/www.linvosges-hotellerie.com\/es\/wp-json\/wp\/v2\/label?post=36602"},{"taxonomy":"product_brand","embeddable":true,"href":"https:\/\/www.linvosges-hotellerie.com\/es\/wp-json\/wp\/v2\/product_brand?post=36602"},{"taxonomy":"product_cat","embeddable":true,"href":"https:\/\/www.linvosges-hotellerie.com\/es\/wp-json\/wp\/v2\/product_cat?post=36602"},{"taxonomy":"product_tag","embeddable":true,"href":"https:\/\/www.linvosges-hotellerie.com\/es\/wp-json\/wp\/v2\/product_tag?post=36602"},{"taxonomy":"gamme","embeddable":true,"href":"https:\/\/www.linvosges-hotellerie.com\/es\/wp-json\/wp\/v2\/gamme?post=36602"},{"taxonomy":"matiere","embeddable":true,"href":"https:\/\/www.linvosges-hotellerie.com\/es\/wp-json\/wp\/v2\/matiere?post=36602"}],"curies":[{"name":"wp","href":"https:\/\/api.w.org\/{rel}","templated":true}]}}