{"id":36723,"date":"2020-12-16T03:50:44","date_gmt":"2020-12-16T02:50:44","guid":{"rendered":"https:\/\/www.linvosges-hotellerie.com\/sin categor\u00eda\/funda-de-almohada-acolchada-prelude\/"},"modified":"2020-12-16T03:50:44","modified_gmt":"2020-12-16T02:50:44","slug":"funda-de-almohada-acolchada-prelude","status":"publish","type":"product","link":"https:\/\/www.linvosges-hotellerie.com\/es\/salida-todo-al-50-descuento\/funda-de-almohada-acolchada-prelude\/","title":{"rendered":"Funda de almohada acolchada Pr\u00e9lude"},"content":{"rendered":"<p>Funda de almohada de tacto suave y flexible. Este modelo atemporal est\u00e1 confeccionado en polialgod\u00f3n de 300 hilos rayado con rayas de raso de 20 mm.<br \/>\nLa mezcla de algod\u00f3n y poli\u00e9ster facilita el cuidado de tu ropa, sec\u00e1ndola m\u00e1s r\u00e1pidamente y planch\u00e1ndola con m\u00e1s facilidad.<\/p>\n<p>Dimensiones de la funda de almohada cuadrada o rectangular :<br \/>\n60&#215;60, 65&#215;65, 45&#215;70, 50&#215;70, 50&#215;75<\/p>\n<p>Acabado de la funda de almohada :<br \/>\n&#8211; forma de bolso con solapa monedero interior<br \/>\n&#8211; Volante acolchado integral de 4 cm con solapa monedero interior<\/p>\n<p>Existencias limitadas<\/p>\n","protected":false},"excerpt":{"rendered":"<p>Lavar a m\u00e1quina a 60\u00b0.<br \/>\nPosible blanqueamiento<br \/>\nSecar en secadora a 60\u00b0.<br \/>\nPlancha a una temperatura m\u00e1xima de 150\u00b0.<br \/>\nProhibida la limpieza en seco<\/p>\n<p><span class=\"ginetex\"> 4 u s b U <\/span><\/p>\n","protected":false},"featured_media":29435,"template":"","meta":{"_acf_changed":false},"label":[],"product_brand":[],"product_cat":[1537],"product_tag":[],"gamme":[1662],"matiere":[1625],"class_list":{"0":"post-36723","1":"product","2":"type-product","3":"status-publish","4":"has-post-thumbnail","6":"product_cat-salida-todo-al-50-descuento","7":"pa_couleur-blanco","8":"pa_dimensions-45-70-cm","9":"pa_dimensions-50-70-cm","10":"pa_dimensions-50-75-cm","11":"pa_dimensions-60-60-cm","12":"pa_dimensions-65-65-cm","13":"pa_grammage-110grs-m","14":"pa_matiere-80-algodon-20-poliester","15":"gamme-preludio","16":"matiere-polialgodon","18":"first","19":"outofstock","20":"sale","21":"taxable","22":"shipping-taxable","23":"purchasable","24":"product-type-variable","25":"has-default-attributes"},"acf":[],"df_price":3.37,"df_sale_price":"","df_regular_price":3.37,"df_image_link":"https:\/\/www.linvosges-hotellerie.com\/wp-content\/uploads\/2020\/12\/linge-de-lit-bandes-satin-prelude-110-grs-m2-hotel-professionnel-linvosges-hotellerie-3-300x300.jpg","_links":{"self":[{"href":"https:\/\/www.linvosges-hotellerie.com\/es\/wp-json\/wp\/v2\/product\/36723","targetHints":{"allow":["GET"]}}],"collection":[{"href":"https:\/\/www.linvosges-hotellerie.com\/es\/wp-json\/wp\/v2\/product"}],"about":[{"href":"https:\/\/www.linvosges-hotellerie.com\/es\/wp-json\/wp\/v2\/types\/product"}],"wp:featuredmedia":[{"embeddable":true,"href":"https:\/\/www.linvosges-hotellerie.com\/es\/wp-json\/wp\/v2\/media\/29435"}],"wp:attachment":[{"href":"https:\/\/www.linvosges-hotellerie.com\/es\/wp-json\/wp\/v2\/media?parent=36723"}],"wp:term":[{"taxonomy":"label","embeddable":true,"href":"https:\/\/www.linvosges-hotellerie.com\/es\/wp-json\/wp\/v2\/label?post=36723"},{"taxonomy":"product_brand","embeddable":true,"href":"https:\/\/www.linvosges-hotellerie.com\/es\/wp-json\/wp\/v2\/product_brand?post=36723"},{"taxonomy":"product_cat","embeddable":true,"href":"https:\/\/www.linvosges-hotellerie.com\/es\/wp-json\/wp\/v2\/product_cat?post=36723"},{"taxonomy":"product_tag","embeddable":true,"href":"https:\/\/www.linvosges-hotellerie.com\/es\/wp-json\/wp\/v2\/product_tag?post=36723"},{"taxonomy":"gamme","embeddable":true,"href":"https:\/\/www.linvosges-hotellerie.com\/es\/wp-json\/wp\/v2\/gamme?post=36723"},{"taxonomy":"matiere","embeddable":true,"href":"https:\/\/www.linvosges-hotellerie.com\/es\/wp-json\/wp\/v2\/matiere?post=36723"}],"curies":[{"name":"wp","href":"https:\/\/api.w.org\/{rel}","templated":true}]}}