{"id":36851,"date":"2020-12-16T03:50:56","date_gmt":"2020-12-16T02:50:56","guid":{"rendered":"https:\/\/www.linvosges-hotellerie.com\/sin categor\u00eda\/funda-de-almohada-con-volante-le-metis-bourdon\/"},"modified":"2020-12-16T03:50:56","modified_gmt":"2020-12-16T02:50:56","slug":"funda-de-almohada-con-volante-le-metis-bourdon","status":"publish","type":"product","link":"https:\/\/www.linvosges-hotellerie.com\/es\/ropa-de-cama\/funda-de-almohada\/funda-de-almohada-con-volante-le-metis-bourdon\/","title":{"rendered":"Funda de almohada con volante Le M\u00e9tis bourdon"},"content":{"rendered":"<p>Funda de almohada con un tacto y una textura aut\u00e9nticos gracias a la combinaci\u00f3n de algod\u00f3n y lino. Metis combina la suavidad del algod\u00f3n con la frescura del lino. 100 hilos\/pulgada cuadrada<\/p>\n<p>Dimensiones :<br \/>\n50&#215;70<br \/>\n65&#215;65<\/p>\n<p>Acabado abejorro blanco integral<\/p>\n","protected":false},"excerpt":{"rendered":"<p>Lavar a m\u00e1quina a 60\u00b0.<br \/>\nProhibidos el cloro y los agentes blanqueadores<br \/>\nNo secar en secadora<br \/>\nPlanchado a una temperatura m\u00e1xima de 200\u00b0C<br \/>\nProhibida la limpieza en seco<\/p>\n<p><span class=\"ginetex\">  4 o d v U  <\/span><\/p>\n","protected":false},"featured_media":29630,"template":"","meta":{"_acf_changed":false},"label":[],"product_brand":[],"product_cat":[2389],"product_tag":[],"gamme":[1676],"matiere":[],"class_list":{"0":"post-36851","1":"product","2":"type-product","3":"status-publish","4":"has-post-thumbnail","6":"product_cat-funda-de-almohada","7":"pa_couleur-blanco","8":"pa_dimensions-50-70-cm","9":"pa_dimensions-65-65-cm","10":"pa_grammage-190grs-m","11":"pa_matiere-50-lino-50-algodon","12":"gamme-los-metis","14":"first","15":"instock","16":"taxable","17":"shipping-taxable","18":"purchasable","19":"product-type-variable","20":"has-default-attributes"},"acf":[],"df_price":24.5,"df_sale_price":"","df_regular_price":24.5,"df_image_link":"https:\/\/www.linvosges-hotellerie.com\/wp-content\/uploads\/2020\/12\/linge-de-lit-metis-190-grs-m2-blanc-hotel-professionnel-linvosges-hotellerie-3-300x300.jpg","_links":{"self":[{"href":"https:\/\/www.linvosges-hotellerie.com\/es\/wp-json\/wp\/v2\/product\/36851","targetHints":{"allow":["GET"]}}],"collection":[{"href":"https:\/\/www.linvosges-hotellerie.com\/es\/wp-json\/wp\/v2\/product"}],"about":[{"href":"https:\/\/www.linvosges-hotellerie.com\/es\/wp-json\/wp\/v2\/types\/product"}],"wp:featuredmedia":[{"embeddable":true,"href":"https:\/\/www.linvosges-hotellerie.com\/es\/wp-json\/wp\/v2\/media\/29630"}],"wp:attachment":[{"href":"https:\/\/www.linvosges-hotellerie.com\/es\/wp-json\/wp\/v2\/media?parent=36851"}],"wp:term":[{"taxonomy":"label","embeddable":true,"href":"https:\/\/www.linvosges-hotellerie.com\/es\/wp-json\/wp\/v2\/label?post=36851"},{"taxonomy":"product_brand","embeddable":true,"href":"https:\/\/www.linvosges-hotellerie.com\/es\/wp-json\/wp\/v2\/product_brand?post=36851"},{"taxonomy":"product_cat","embeddable":true,"href":"https:\/\/www.linvosges-hotellerie.com\/es\/wp-json\/wp\/v2\/product_cat?post=36851"},{"taxonomy":"product_tag","embeddable":true,"href":"https:\/\/www.linvosges-hotellerie.com\/es\/wp-json\/wp\/v2\/product_tag?post=36851"},{"taxonomy":"gamme","embeddable":true,"href":"https:\/\/www.linvosges-hotellerie.com\/es\/wp-json\/wp\/v2\/gamme?post=36851"},{"taxonomy":"matiere","embeddable":true,"href":"https:\/\/www.linvosges-hotellerie.com\/es\/wp-json\/wp\/v2\/matiere?post=36851"}],"curies":[{"name":"wp","href":"https:\/\/api.w.org\/{rel}","templated":true}]}}