{"id":36907,"date":"2020-12-16T03:51:04","date_gmt":"2020-12-16T02:51:04","guid":{"rendered":"https:\/\/www.linvosges-hotellerie.com\/sin categor\u00eda\/funda-de-almohada-acolchada-faro\/"},"modified":"2026-04-17T00:08:12","modified_gmt":"2026-04-16T22:08:12","slug":"funda-de-almohada-acolchada-faro","status":"publish","type":"product","link":"https:\/\/www.linvosges-hotellerie.com\/es\/ropa-de-cama\/funda-de-almohada\/funda-de-almohada-acolchada-faro\/","title":{"rendered":"Funda de almohada acolchada Faro"},"content":{"rendered":"<p>Suave al tacto y ligeramente arrugada, esta funda de almohada est\u00e1 confeccionada con percal lavado de 200 hilos tejido con algod\u00f3n de fibras largas. No es necesario planchar. Material noble por excelencia, la fibra de algod\u00f3n es naturalmente c\u00f3moda y resistente.<\/p>\n<p>Dimensiones de la funda de almohada cuadrada o rectangular :<br \/>\n50&#215;70, 60&#215;60, 65&#215;65<\/p>\n<p>Acabado de volantes acolchados de 1,5 cm con solapa monedero interior<\/p>\n","protected":false},"excerpt":{"rendered":"<p>Lavar a m\u00e1quina a 40\u00b0.<br \/>\nProhibidos el cloro y los agentes blanqueadores<br \/>\nSecar en secadora a 60\u00b0.<br \/>\nPlanchado a una temperatura m\u00e1xima de 110\u00b0, sin vapor<br \/>\nProhibida la limpieza en seco<\/p>\n<p><span class=\"ginetex\">  8 o s n U  <\/span><\/p>\n","protected":false},"featured_media":29752,"template":"","meta":{"_acf_changed":false},"label":[],"product_brand":[],"product_cat":[2389],"product_tag":[],"gamme":[1702],"matiere":[1524],"class_list":{"0":"post-36907","1":"product","2":"type-product","3":"status-publish","4":"has-post-thumbnail","6":"product_cat-funda-de-almohada","7":"pa_couleur-blanco","8":"pa_dimensions-50-70-cm","9":"pa_dimensions-60-60-cm","10":"pa_dimensions-65-65-cm","11":"pa_grammage-110grs-m","12":"pa_matiere-100-algodon","13":"gamme-faro-es","14":"matiere-algodon","16":"first","17":"instock","18":"sale","19":"taxable","20":"shipping-taxable","21":"purchasable","22":"product-type-variable","23":"has-default-attributes"},"acf":[],"df_price":7.7,"df_sale_price":"","df_regular_price":7.7,"df_image_link":"https:\/\/www.linvosges-hotellerie.com\/wp-content\/uploads\/2020\/12\/linge-de-lit-percale-lavee-faro-coton-110-grs-m2-hotel-professionnel-linvosges-hotellerie-2-300x300.jpg","_links":{"self":[{"href":"https:\/\/www.linvosges-hotellerie.com\/es\/wp-json\/wp\/v2\/product\/36907","targetHints":{"allow":["GET"]}}],"collection":[{"href":"https:\/\/www.linvosges-hotellerie.com\/es\/wp-json\/wp\/v2\/product"}],"about":[{"href":"https:\/\/www.linvosges-hotellerie.com\/es\/wp-json\/wp\/v2\/types\/product"}],"wp:featuredmedia":[{"embeddable":true,"href":"https:\/\/www.linvosges-hotellerie.com\/es\/wp-json\/wp\/v2\/media\/29752"}],"wp:attachment":[{"href":"https:\/\/www.linvosges-hotellerie.com\/es\/wp-json\/wp\/v2\/media?parent=36907"}],"wp:term":[{"taxonomy":"label","embeddable":true,"href":"https:\/\/www.linvosges-hotellerie.com\/es\/wp-json\/wp\/v2\/label?post=36907"},{"taxonomy":"product_brand","embeddable":true,"href":"https:\/\/www.linvosges-hotellerie.com\/es\/wp-json\/wp\/v2\/product_brand?post=36907"},{"taxonomy":"product_cat","embeddable":true,"href":"https:\/\/www.linvosges-hotellerie.com\/es\/wp-json\/wp\/v2\/product_cat?post=36907"},{"taxonomy":"product_tag","embeddable":true,"href":"https:\/\/www.linvosges-hotellerie.com\/es\/wp-json\/wp\/v2\/product_tag?post=36907"},{"taxonomy":"gamme","embeddable":true,"href":"https:\/\/www.linvosges-hotellerie.com\/es\/wp-json\/wp\/v2\/gamme?post=36907"},{"taxonomy":"matiere","embeddable":true,"href":"https:\/\/www.linvosges-hotellerie.com\/es\/wp-json\/wp\/v2\/matiere?post=36907"}],"curies":[{"name":"wp","href":"https:\/\/api.w.org\/{rel}","templated":true}]}}