{"id":37122,"date":"2020-12-16T03:51:27","date_gmt":"2020-12-16T02:51:27","guid":{"rendered":"https:\/\/www.linvosges-hotellerie.com\/sin categor\u00eda\/funda-de-almohada-acolchada-paloma\/"},"modified":"2026-04-16T01:12:23","modified_gmt":"2026-04-15T23:12:23","slug":"funda-de-almohada-acolchada-paloma","status":"publish","type":"product","link":"https:\/\/www.linvosges-hotellerie.com\/es\/ropa-de-cama\/funda-de-almohada\/funda-de-almohada-acolchada-paloma\/","title":{"rendered":"Funda de almohada acolchada Paloma"},"content":{"rendered":"<p>Funda de almohada de percal de algod\u00f3n puro. Fabricado con las fibras m\u00e1s largas de algod\u00f3n peinado y tejido muy tupido, el percal de 200 hilos ofrece una gran suavidad y una sujeci\u00f3n perfecta.<br \/>\nMaterial noble por excelencia, la fibra de algod\u00f3n es naturalmente confortable y resistente<\/p>\n<p>Dimensiones de la funda de almohada cuadrada o rectangular :<br \/>\n60&#215;60, 65&#215;65, 45&#215;70, 50&#215;70, 50&#215;75<\/p>\n<p>Acabado de la funda de almohada :<br \/>\n&#8211; forma de bolso con solapa monedero interior<br \/>\n&#8211; Volante acolchado integral de 4 cm con solapa monedero interior<\/p>\n","protected":false},"excerpt":{"rendered":"<p>Lavar a m\u00e1quina a 95\u00b0.<br \/>\nPosible blanqueamiento<br \/>\nSecado en secadora a 80\u00b0 C<br \/>\nPlanchado a una temperatura m\u00e1xima de 200\u00b0C<br \/>\nProductos autorizados para la limpieza en seco: Hidrocarburos<\/p>\n<p><span class=\"ginetex\">  2 u a v W  <\/span><\/p>\n","protected":false},"featured_media":30246,"template":"","meta":{"_acf_changed":false},"label":[],"product_brand":[],"product_cat":[2389],"product_tag":[],"gamme":[1751],"matiere":[1524],"class_list":{"0":"post-37122","1":"product","2":"type-product","3":"status-publish","4":"has-post-thumbnail","6":"product_cat-funda-de-almohada","7":"pa_couleur-blanco","8":"pa_dimensions-45-70-cm","9":"pa_dimensions-50-70-cm","10":"pa_dimensions-50-75-cm","11":"pa_dimensions-60-60-cm","12":"pa_dimensions-65-65-cm","13":"pa_grammage-115grs-m","14":"pa_matiere-100-algodon","15":"gamme-colombe-es","16":"matiere-algodon","18":"first","19":"instock","20":"sale","21":"taxable","22":"shipping-taxable","23":"purchasable","24":"product-type-variable","25":"has-default-attributes"},"acf":[],"df_price":4.1,"df_sale_price":"","df_regular_price":4.1,"df_image_link":"https:\/\/www.linvosges-hotellerie.com\/wp-content\/uploads\/2020\/12\/linge-de-lit-percale-colombe-coton-115-grs-m2-hotel-professionnel-linvosges-hotellerie-3-300x300.jpg","_links":{"self":[{"href":"https:\/\/www.linvosges-hotellerie.com\/es\/wp-json\/wp\/v2\/product\/37122","targetHints":{"allow":["GET"]}}],"collection":[{"href":"https:\/\/www.linvosges-hotellerie.com\/es\/wp-json\/wp\/v2\/product"}],"about":[{"href":"https:\/\/www.linvosges-hotellerie.com\/es\/wp-json\/wp\/v2\/types\/product"}],"wp:featuredmedia":[{"embeddable":true,"href":"https:\/\/www.linvosges-hotellerie.com\/es\/wp-json\/wp\/v2\/media\/30246"}],"wp:attachment":[{"href":"https:\/\/www.linvosges-hotellerie.com\/es\/wp-json\/wp\/v2\/media?parent=37122"}],"wp:term":[{"taxonomy":"label","embeddable":true,"href":"https:\/\/www.linvosges-hotellerie.com\/es\/wp-json\/wp\/v2\/label?post=37122"},{"taxonomy":"product_brand","embeddable":true,"href":"https:\/\/www.linvosges-hotellerie.com\/es\/wp-json\/wp\/v2\/product_brand?post=37122"},{"taxonomy":"product_cat","embeddable":true,"href":"https:\/\/www.linvosges-hotellerie.com\/es\/wp-json\/wp\/v2\/product_cat?post=37122"},{"taxonomy":"product_tag","embeddable":true,"href":"https:\/\/www.linvosges-hotellerie.com\/es\/wp-json\/wp\/v2\/product_tag?post=37122"},{"taxonomy":"gamme","embeddable":true,"href":"https:\/\/www.linvosges-hotellerie.com\/es\/wp-json\/wp\/v2\/gamme?post=37122"},{"taxonomy":"matiere","embeddable":true,"href":"https:\/\/www.linvosges-hotellerie.com\/es\/wp-json\/wp\/v2\/matiere?post=37122"}],"curies":[{"name":"wp","href":"https:\/\/api.w.org\/{rel}","templated":true}]}}