{"id":37195,"date":"2021-11-26T16:29:44","date_gmt":"2021-11-26T15:29:44","guid":{"rendered":"https:\/\/www.linvosges-hotellerie.com\/sin categor\u00eda\/sabana-bajera-de-microfibra-con-cierre-de-cremallera\/"},"modified":"2026-04-04T03:56:17","modified_gmt":"2026-04-04T01:56:17","slug":"sabana-bajera-de-microfibra-con-cierre-de-cremallera","status":"publish","type":"product","link":"https:\/\/www.linvosges-hotellerie.com\/es\/ropa-de-cama-es\/underwood-es\/sabana-bajera-de-microfibra-con-cierre-de-cremallera\/","title":{"rendered":"S\u00e1bana bajera de microfibra con cierre de cremallera"},"content":{"rendered":"<p>Tacto textil suave. Impermeable, silencioso y transpirable para una protecci\u00f3n \u00f3ptima de tus almohadas. Cierre de cremallera para una sujeci\u00f3n excelente y un ajuste f\u00e1cil.<\/p>\n","protected":false},"excerpt":{"rendered":"<p>Lavar a m\u00e1quina a 60\u00b0.<br \/>\nProhibidos el cloro y los agentes blanqueadores<br \/>\nSecado en secadora a 80\u00b0 C<br \/>\nPlanchado a una temperatura m\u00e1xima de 200\u00b0C<br \/>\nProhibida la limpieza en seco<br \/>\n<span class=\"ginetex\"> 4 o a v U <\/span><\/p>\n","protected":false},"featured_media":36565,"template":"","meta":{"_acf_changed":false},"label":[],"product_brand":[],"product_cat":[2382,2384],"product_tag":[3290],"gamme":[2381],"matiere":[1758],"class_list":{"0":"post-37195","1":"product","2":"type-product","3":"status-publish","4":"has-post-thumbnail","6":"product_cat-ropa-de-cama-es","7":"product_cat-underwood-es","8":"product_tag-no-oekotex-es","9":"pa_couleur-blanco","10":"pa_dimensions-45-70-cm","11":"pa_dimensions-50-70-cm","12":"pa_dimensions-50-75-cm","13":"pa_dimensions-60-60-cm","14":"pa_dimensions-65-65-cm","15":"pa_grammage-85grs-m","16":"pa_matiere-100-poliester","17":"gamme-microfibra","18":"matiere-poliester","20":"first","21":"instock","22":"taxable","23":"shipping-taxable","24":"purchasable","25":"product-type-variable","26":"has-default-attributes"},"acf":[],"df_price":8.51,"df_sale_price":"","df_regular_price":8.51,"df_image_link":"https:\/\/www.linvosges-hotellerie.com\/wp-content\/uploads\/2020\/12\/sous-taie-microfibre-85-grs-m2-forme-sac-hotel-professionnel-linvosges-hotellerie-300x300.jpg","_links":{"self":[{"href":"https:\/\/www.linvosges-hotellerie.com\/es\/wp-json\/wp\/v2\/product\/37195","targetHints":{"allow":["GET"]}}],"collection":[{"href":"https:\/\/www.linvosges-hotellerie.com\/es\/wp-json\/wp\/v2\/product"}],"about":[{"href":"https:\/\/www.linvosges-hotellerie.com\/es\/wp-json\/wp\/v2\/types\/product"}],"wp:featuredmedia":[{"embeddable":true,"href":"https:\/\/www.linvosges-hotellerie.com\/es\/wp-json\/wp\/v2\/media\/36565"}],"wp:attachment":[{"href":"https:\/\/www.linvosges-hotellerie.com\/es\/wp-json\/wp\/v2\/media?parent=37195"}],"wp:term":[{"taxonomy":"label","embeddable":true,"href":"https:\/\/www.linvosges-hotellerie.com\/es\/wp-json\/wp\/v2\/label?post=37195"},{"taxonomy":"product_brand","embeddable":true,"href":"https:\/\/www.linvosges-hotellerie.com\/es\/wp-json\/wp\/v2\/product_brand?post=37195"},{"taxonomy":"product_cat","embeddable":true,"href":"https:\/\/www.linvosges-hotellerie.com\/es\/wp-json\/wp\/v2\/product_cat?post=37195"},{"taxonomy":"product_tag","embeddable":true,"href":"https:\/\/www.linvosges-hotellerie.com\/es\/wp-json\/wp\/v2\/product_tag?post=37195"},{"taxonomy":"gamme","embeddable":true,"href":"https:\/\/www.linvosges-hotellerie.com\/es\/wp-json\/wp\/v2\/gamme?post=37195"},{"taxonomy":"matiere","embeddable":true,"href":"https:\/\/www.linvosges-hotellerie.com\/es\/wp-json\/wp\/v2\/matiere?post=37195"}],"curies":[{"name":"wp","href":"https:\/\/api.w.org\/{rel}","templated":true}]}}