{"id":37453,"date":"2023-08-25T15:46:51","date_gmt":"2023-08-25T13:46:51","guid":{"rendered":"https:\/\/www.linvosges-hotellerie.com\/sin categor\u00eda\/funda-de-almohada-con-volantes-anais-gris-abejorro\/"},"modified":"2023-08-25T15:46:51","modified_gmt":"2023-08-25T13:46:51","slug":"funda-de-almohada-con-volantes-anais-gris-abejorro","status":"publish","type":"product","link":"https:\/\/www.linvosges-hotellerie.com\/es\/salida-todo-al-50-descuento\/funda-de-almohada-con-volantes-anais-gris-abejorro\/","title":{"rendered":"Funda de almohada con volantes Ana\u00efs gris abejorro"},"content":{"rendered":"<p>Funda de almohada de polialgod\u00f3n percal de 180 hilos. Cenefa bourdon gris de 3 mm<\/p>\n<p>Su tejido de hilos largos y apretados lo hace muy resistente.<br \/>\nLa mezcla de algod\u00f3n y poli\u00e9ster facilita el cuidado de tu ropa, sec\u00e1ndola m\u00e1s r\u00e1pidamente y planch\u00e1ndola con m\u00e1s facilidad.<\/p>\n","protected":false},"excerpt":{"rendered":"<p>Lavar a m\u00e1quina a 95\u00b0.<br \/>\nPosible blanqueamiento<br \/>\nSecar en secadora a 60\u00b0.<br \/>\nPlancha a una temperatura m\u00e1xima de 150\u00b0.<br \/>\nProhibida la limpieza en seco<\/p>\n<p><span class=\"ginetex\">  2 u s b U  <\/span><\/p>\n","protected":false},"featured_media":37455,"template":"","meta":{"_acf_changed":false},"label":[],"product_brand":[],"product_cat":[1537],"product_tag":[],"gamme":[1624],"matiere":[1625],"class_list":{"0":"post-37453","1":"product","2":"type-product","3":"status-publish","4":"has-post-thumbnail","6":"product_cat-salida-todo-al-50-descuento","7":"pa_couleur-blanco","8":"pa_dimensions-50-70-cm","9":"pa_dimensions-60-60-cm","10":"pa_grammage-110grs-m","11":"pa_matiere-50-algodon-50-poliester","12":"gamme-anais-es","13":"matiere-polialgodon","15":"first","16":"outofstock","17":"sale","18":"taxable","19":"shipping-taxable","20":"purchasable","21":"product-type-variable","22":"has-default-attributes"},"acf":[],"df_price":3.77,"df_sale_price":"","df_regular_price":3.77,"df_image_link":"https:\/\/www.linvosges-hotellerie.com\/wp-content\/uploads\/2023\/08\/ANAIS-TO-VB-3MM-9686-GRIS-8486403-1-300x300.png","_links":{"self":[{"href":"https:\/\/www.linvosges-hotellerie.com\/es\/wp-json\/wp\/v2\/product\/37453","targetHints":{"allow":["GET"]}}],"collection":[{"href":"https:\/\/www.linvosges-hotellerie.com\/es\/wp-json\/wp\/v2\/product"}],"about":[{"href":"https:\/\/www.linvosges-hotellerie.com\/es\/wp-json\/wp\/v2\/types\/product"}],"wp:featuredmedia":[{"embeddable":true,"href":"https:\/\/www.linvosges-hotellerie.com\/es\/wp-json\/wp\/v2\/media\/37455"}],"wp:attachment":[{"href":"https:\/\/www.linvosges-hotellerie.com\/es\/wp-json\/wp\/v2\/media?parent=37453"}],"wp:term":[{"taxonomy":"label","embeddable":true,"href":"https:\/\/www.linvosges-hotellerie.com\/es\/wp-json\/wp\/v2\/label?post=37453"},{"taxonomy":"product_brand","embeddable":true,"href":"https:\/\/www.linvosges-hotellerie.com\/es\/wp-json\/wp\/v2\/product_brand?post=37453"},{"taxonomy":"product_cat","embeddable":true,"href":"https:\/\/www.linvosges-hotellerie.com\/es\/wp-json\/wp\/v2\/product_cat?post=37453"},{"taxonomy":"product_tag","embeddable":true,"href":"https:\/\/www.linvosges-hotellerie.com\/es\/wp-json\/wp\/v2\/product_tag?post=37453"},{"taxonomy":"gamme","embeddable":true,"href":"https:\/\/www.linvosges-hotellerie.com\/es\/wp-json\/wp\/v2\/gamme?post=37453"},{"taxonomy":"matiere","embeddable":true,"href":"https:\/\/www.linvosges-hotellerie.com\/es\/wp-json\/wp\/v2\/matiere?post=37453"}],"curies":[{"name":"wp","href":"https:\/\/api.w.org\/{rel}","templated":true}]}}