{"id":43310,"date":"2020-12-16T05:43:41","date_gmt":"2020-12-16T04:43:41","guid":{"rendered":"https:\/\/www.linvosges-hotellerie.com\/sin categor\u00eda\/mantel-cuadrado-cote-de-cheval\/"},"modified":"2020-12-16T05:43:41","modified_gmt":"2020-12-16T04:43:41","slug":"mantel-cuadrado-cote-de-cheval","status":"publish","type":"product","link":"https:\/\/www.linvosges-hotellerie.com\/es\/la-mesa\/manteleria-a-medida\/mantel-cuadrado-cote-de-cheval\/","title":{"rendered":"Mantel cuadrado C\u00f4te De Cheval"},"content":{"rendered":"<p>Mantel de puro algod\u00f3n mercerizado con efecto acanalado, muy pesado para conseguir magn\u00edficos efectos.<br \/>\nMaterial noble por excelencia, el algod\u00f3n es naturalmente c\u00f3modo y resistente, por lo que resulta ideal para los restaurantes gourmet.<\/p>\n<p>4 acabados a elegir :<br \/>\n&#8211; dobladillo sencillo: cosido a 2 cm del borde para los manteles y a 1 cm para las servilletas &#8211; acabado cl\u00e1sico tradicional<br \/>\n&#8211; Esquinas a inglete de 2 cm: los dobladillos de 2 cm est\u00e1n unidos por una costura de 45\u00b0 para conseguir puntos perfectos &#8211; acabado refinado<br \/>\n&#8211; Esquinas a inglete de 5 cm: los dobladillos de 5 cm est\u00e1n unidos por una costura de 45\u00b0 para conseguir puntos perfectos &#8211; acabado muy refinado<br \/>\n&#8211; bies interior: bies de 18 mm cosido por el rev\u00e9s para hacerlo invisible &#8211; acabado reservado a los manteles redondos para seguir las curvas del tejido<\/p>\n","protected":false},"excerpt":{"rendered":"<p>Lavar a m\u00e1quina a 60\u00b0.<br \/>\nProhibidos el cloro y los agentes blanqueadores<br \/>\nSecar en secadora a 60\u00b0.<br \/>\nPlanchado a una temperatura m\u00e1xima de 110\u00b0 sin vapor<br \/>\nProductos autorizados para la limpieza en seco: Percloroetileno, Hidrocarburos<\/p>\n<p><span class=\"ginetex\">  4 o s n W  <\/span><\/p>\n","protected":false},"featured_media":31293,"template":"","meta":{"_acf_changed":false},"label":[],"product_brand":[],"product_cat":[1878,1876,2422,1874],"product_tag":[],"gamme":[2028],"matiere":[1524],"class_list":{"0":"post-43310","1":"product","2":"type-product","3":"status-publish","4":"has-post-thumbnail","6":"product_cat-algodon-es","7":"product_cat-la-mesa","8":"product_cat-mantel-a-medida","9":"product_cat-manteleria-a-medida","10":"pa_couleur-blanco","11":"pa_dimensions-130x130-cm","12":"pa_dimensions-140x140-cm","13":"pa_finition-esquinas-a-inglete-de-5-cm","14":"pa_finition-esquinas-ingleteadas-2-cm","15":"pa_finition-ourlet-simple-es","16":"pa_grammage-310grs-m","17":"pa_matiere-100-algodon","18":"gamme-costa-del-caballo","19":"matiere-algodon","21":"first","22":"instock","23":"taxable","24":"shipping-taxable","25":"purchasable","26":"product-type-variable","27":"has-default-attributes"},"acf":[],"df_price":"","df_sale_price":"","df_regular_price":"","df_image_link":"https:\/\/www.linvosges-hotellerie.com\/wp-content\/uploads\/2020\/12\/linge-de-table-cote-de-cheval-coton-310-grs-m2-professionnel-restaurant-linvosges-hotellerie-300x300.jpg","_links":{"self":[{"href":"https:\/\/www.linvosges-hotellerie.com\/es\/wp-json\/wp\/v2\/product\/43310","targetHints":{"allow":["GET"]}}],"collection":[{"href":"https:\/\/www.linvosges-hotellerie.com\/es\/wp-json\/wp\/v2\/product"}],"about":[{"href":"https:\/\/www.linvosges-hotellerie.com\/es\/wp-json\/wp\/v2\/types\/product"}],"wp:featuredmedia":[{"embeddable":true,"href":"https:\/\/www.linvosges-hotellerie.com\/es\/wp-json\/wp\/v2\/media\/31293"}],"wp:attachment":[{"href":"https:\/\/www.linvosges-hotellerie.com\/es\/wp-json\/wp\/v2\/media?parent=43310"}],"wp:term":[{"taxonomy":"label","embeddable":true,"href":"https:\/\/www.linvosges-hotellerie.com\/es\/wp-json\/wp\/v2\/label?post=43310"},{"taxonomy":"product_brand","embeddable":true,"href":"https:\/\/www.linvosges-hotellerie.com\/es\/wp-json\/wp\/v2\/product_brand?post=43310"},{"taxonomy":"product_cat","embeddable":true,"href":"https:\/\/www.linvosges-hotellerie.com\/es\/wp-json\/wp\/v2\/product_cat?post=43310"},{"taxonomy":"product_tag","embeddable":true,"href":"https:\/\/www.linvosges-hotellerie.com\/es\/wp-json\/wp\/v2\/product_tag?post=43310"},{"taxonomy":"gamme","embeddable":true,"href":"https:\/\/www.linvosges-hotellerie.com\/es\/wp-json\/wp\/v2\/gamme?post=43310"},{"taxonomy":"matiere","embeddable":true,"href":"https:\/\/www.linvosges-hotellerie.com\/es\/wp-json\/wp\/v2\/matiere?post=43310"}],"curies":[{"name":"wp","href":"https:\/\/api.w.org\/{rel}","templated":true}]}}