{"id":47318,"date":"2020-12-16T05:44:34","date_gmt":"2020-12-16T04:44:34","guid":{"rendered":"https:\/\/www.linvosges-hotellerie.com\/sin categor\u00eda\/mantel-redondo-barletta\/"},"modified":"2020-12-16T05:44:34","modified_gmt":"2020-12-16T04:44:34","slug":"mantel-redondo-barletta","status":"publish","type":"product","link":"https:\/\/www.linvosges-hotellerie.com\/es\/la-mesa\/manteleria-a-medida\/mantel-redondo-barletta\/","title":{"rendered":"Mantel redondo Barletta"},"content":{"rendered":"<p>Un mantel de polialgod\u00f3n con un tejido de efecto craquelado para un aspecto contempor\u00e1neo.<br \/>\nLa mezcla de algod\u00f3n y poli\u00e9ster confiere al tejido suavidad y resistencia, y hace que sea m\u00e1s f\u00e1cil de cuidar, sec\u00e1ndose m\u00e1s r\u00e1pido y planch\u00e1ndose m\u00e1s f\u00e1cilmente.<\/p>\n<p>4 acabados a elegir :<br \/>\n&#8211; dobladillo sencillo: cosido a 2 cm del borde para los manteles y a 1 cm para las servilletas &#8211; acabado cl\u00e1sico tradicional<br \/>\n&#8211; Esquinas a inglete de 2 cm: los dobladillos de 2 cm est\u00e1n unidos por una costura de 45\u00b0 para conseguir puntos perfectos &#8211; acabado refinado<br \/>\n&#8211; Esquinas a inglete de 5 cm: los dobladillos de 5 cm est\u00e1n unidos por una costura de 45\u00b0 para conseguir puntos perfectos &#8211; acabado muy refinado<br \/>\n&#8211; bies interior: bies de 18 mm cosido por el rev\u00e9s para hacerlo invisible &#8211; acabado reservado a los manteles redondos para seguir las curvas del tejido<\/p>\n","protected":false},"excerpt":{"rendered":"<p>Lavado a m\u00e1quina a 30\u00b0 delicado<br \/>\nProhibidos el cloro y la lej\u00eda<br \/>\nNo secar en secadora<br \/>\nPlanchado a una temperatura m\u00e1xima de 110\u00b0 sin vapor<br \/>\nProductos autorizados para la limpieza en seco: Percloroetileno, Hidrocarburos<\/p>\n<p><span class=\"ginetex\"> e o d n W <\/span><\/p>\n","protected":false},"featured_media":31111,"template":"","meta":{"_acf_changed":false},"label":[],"product_brand":[],"product_cat":[1876,2422,1874,1900],"product_tag":[],"gamme":[1972],"matiere":[1625],"class_list":{"0":"post-47318","1":"product","2":"type-product","3":"status-publish","4":"has-post-thumbnail","6":"product_cat-la-mesa","7":"product_cat-mantel-a-medida","8":"product_cat-manteleria-a-medida","9":"product_cat-polialgodon-es","10":"pa_couleur-gris-es","11":"pa_couleur-marfil","12":"pa_couleur-negro","13":"pa_dimensions-diametre-130","14":"pa_dimensions-diametre-180","15":"pa_dimensions-diametre-210","16":"pa_finition-sesgo-interno","17":"pa_grammage-283grs-m","18":"pa_matiere-59-poliester-41-algodon","19":"gamme-barletta-es","20":"matiere-polialgodon","22":"first","23":"outofstock","24":"taxable","25":"shipping-taxable","26":"purchasable","27":"product-type-variable","28":"has-default-attributes"},"acf":[],"df_price":"","df_sale_price":"","df_regular_price":"","df_image_link":"https:\/\/www.linvosges-hotellerie.com\/wp-content\/uploads\/2020\/12\/nappe-ronde-barletta-59-pour-cent-polyester-41-pour-cent-coton-283-grs-m2-professionnel-restaurant-linvosges-hotellerie-300x300.jpg","_links":{"self":[{"href":"https:\/\/www.linvosges-hotellerie.com\/es\/wp-json\/wp\/v2\/product\/47318","targetHints":{"allow":["GET"]}}],"collection":[{"href":"https:\/\/www.linvosges-hotellerie.com\/es\/wp-json\/wp\/v2\/product"}],"about":[{"href":"https:\/\/www.linvosges-hotellerie.com\/es\/wp-json\/wp\/v2\/types\/product"}],"wp:featuredmedia":[{"embeddable":true,"href":"https:\/\/www.linvosges-hotellerie.com\/es\/wp-json\/wp\/v2\/media\/31111"}],"wp:attachment":[{"href":"https:\/\/www.linvosges-hotellerie.com\/es\/wp-json\/wp\/v2\/media?parent=47318"}],"wp:term":[{"taxonomy":"label","embeddable":true,"href":"https:\/\/www.linvosges-hotellerie.com\/es\/wp-json\/wp\/v2\/label?post=47318"},{"taxonomy":"product_brand","embeddable":true,"href":"https:\/\/www.linvosges-hotellerie.com\/es\/wp-json\/wp\/v2\/product_brand?post=47318"},{"taxonomy":"product_cat","embeddable":true,"href":"https:\/\/www.linvosges-hotellerie.com\/es\/wp-json\/wp\/v2\/product_cat?post=47318"},{"taxonomy":"product_tag","embeddable":true,"href":"https:\/\/www.linvosges-hotellerie.com\/es\/wp-json\/wp\/v2\/product_tag?post=47318"},{"taxonomy":"gamme","embeddable":true,"href":"https:\/\/www.linvosges-hotellerie.com\/es\/wp-json\/wp\/v2\/gamme?post=47318"},{"taxonomy":"matiere","embeddable":true,"href":"https:\/\/www.linvosges-hotellerie.com\/es\/wp-json\/wp\/v2\/matiere?post=47318"}],"curies":[{"name":"wp","href":"https:\/\/api.w.org\/{rel}","templated":true}]}}