{"id":47658,"date":"2020-12-16T05:44:43","date_gmt":"2020-12-16T04:44:43","guid":{"rendered":"https:\/\/www.linvosges-hotellerie.com\/sin categor\u00eda\/mantel-individual-cuadrado-bolzano\/"},"modified":"2020-12-16T05:44:43","modified_gmt":"2020-12-16T04:44:43","slug":"mantel-individual-cuadrado-bolzano","status":"publish","type":"product","link":"https:\/\/www.linvosges-hotellerie.com\/es\/la-mesa\/manteleria-a-medida\/mantel-individual-cuadrado-bolzano\/","title":{"rendered":"Mantel individual cuadrado Bolzano"},"content":{"rendered":"<p>Mantel polil\u00ednea de aspecto r\u00fastico pero chic<br \/>\nLa mezcla de lino y poli\u00e9ster facilita el cuidado de tu ropa, sec\u00e1ndola m\u00e1s r\u00e1pidamente y planch\u00e1ndola con m\u00e1s facilidad.<\/p>\n<p>4 acabados a elegir :<br \/>\n&#8211; dobladillo sencillo: cosido a 2 cm del borde para los manteles y a 1 cm para las servilletas &#8211; acabado cl\u00e1sico tradicional<br \/>\n&#8211; Esquinas a inglete de 2 cm: los dobladillos de 2 cm est\u00e1n unidos por una costura de 45\u00b0 para conseguir puntos perfectos &#8211; acabado refinado<br \/>\n&#8211; Esquinas a inglete de 5 cm: los dobladillos de 5 cm est\u00e1n unidos por una costura de 45\u00b0 para conseguir puntos perfectos &#8211; acabado muy refinado<br \/>\n&#8211; bies interior: bies de 18 mm cosido por el rev\u00e9s para hacerlo invisible &#8211; acabado reservado a los manteles redondos para seguir las curvas del tejido<\/p>\n","protected":false},"excerpt":{"rendered":"<p>Lavar a m\u00e1quina a 70\u00b0.<br \/>\nPosible blanqueamiento<br \/>\nSecar en secadora a 60\u00b0.<br \/>\nPlanchado a una temperatura m\u00e1xima de 200\u00b0C<br \/>\nProductos autorizados para la limpieza en seco: Percloroetileno, Hidrocarburos<\/p>\n<p><span class=\"ginetex\"> 3 u s v W <\/span><\/p>\n","protected":false},"featured_media":31186,"template":"","meta":{"_acf_changed":false},"label":[],"product_brand":[],"product_cat":[1876,2005,2422,1874],"product_tag":[],"gamme":[1999],"matiere":[],"class_list":{"0":"post-47658","1":"product","2":"type-product","3":"status-publish","4":"has-post-thumbnail","6":"product_cat-la-mesa","7":"product_cat-lino-y-mixto","8":"product_cat-mantel-a-medida","9":"product_cat-manteleria-a-medida","10":"pa_couleur-blanco","11":"pa_couleur-marengo-es","12":"pa_couleur-natural-es","13":"pa_couleur-perla","14":"pa_couleur-sauvage-es","15":"pa_dimensions-90x90-cm","16":"pa_finition-esquinas-a-inglete-de-5-cm","17":"pa_finition-esquinas-ingleteadas-2-cm","18":"pa_finition-ourlet-simple-es","19":"pa_grammage-237-grs-m","20":"pa_matiere-45-lino-55-poliester","21":"gamme-bolzano-es","23":"first","24":"instock","25":"taxable","26":"shipping-taxable","27":"purchasable","28":"product-type-variable","29":"has-default-attributes"},"acf":[],"df_price":"","df_sale_price":"","df_regular_price":"","df_image_link":"https:\/\/www.linvosges-hotellerie.com\/wp-content\/uploads\/2020\/12\/linge-de-table-bolzano-45-pour-cent-lin-55-pour-cent-polyester-237-grs-m2-professionnel-restaurant-linvosges-hotellerie-300x300.jpg","_links":{"self":[{"href":"https:\/\/www.linvosges-hotellerie.com\/es\/wp-json\/wp\/v2\/product\/47658","targetHints":{"allow":["GET"]}}],"collection":[{"href":"https:\/\/www.linvosges-hotellerie.com\/es\/wp-json\/wp\/v2\/product"}],"about":[{"href":"https:\/\/www.linvosges-hotellerie.com\/es\/wp-json\/wp\/v2\/types\/product"}],"wp:featuredmedia":[{"embeddable":true,"href":"https:\/\/www.linvosges-hotellerie.com\/es\/wp-json\/wp\/v2\/media\/31186"}],"wp:attachment":[{"href":"https:\/\/www.linvosges-hotellerie.com\/es\/wp-json\/wp\/v2\/media?parent=47658"}],"wp:term":[{"taxonomy":"label","embeddable":true,"href":"https:\/\/www.linvosges-hotellerie.com\/es\/wp-json\/wp\/v2\/label?post=47658"},{"taxonomy":"product_brand","embeddable":true,"href":"https:\/\/www.linvosges-hotellerie.com\/es\/wp-json\/wp\/v2\/product_brand?post=47658"},{"taxonomy":"product_cat","embeddable":true,"href":"https:\/\/www.linvosges-hotellerie.com\/es\/wp-json\/wp\/v2\/product_cat?post=47658"},{"taxonomy":"product_tag","embeddable":true,"href":"https:\/\/www.linvosges-hotellerie.com\/es\/wp-json\/wp\/v2\/product_tag?post=47658"},{"taxonomy":"gamme","embeddable":true,"href":"https:\/\/www.linvosges-hotellerie.com\/es\/wp-json\/wp\/v2\/gamme?post=47658"},{"taxonomy":"matiere","embeddable":true,"href":"https:\/\/www.linvosges-hotellerie.com\/es\/wp-json\/wp\/v2\/matiere?post=47658"}],"curies":[{"name":"wp","href":"https:\/\/api.w.org\/{rel}","templated":true}]}}