{"id":48559,"date":"2020-12-16T05:46:18","date_gmt":"2020-12-16T04:46:18","guid":{"rendered":"https:\/\/www.linvosges-hotellerie.com\/sin categor\u00eda\/mantel-redondo-revestido-lino\/"},"modified":"2020-12-16T05:46:18","modified_gmt":"2020-12-16T04:46:18","slug":"mantel-redondo-revestido-lino","status":"publish","type":"product","link":"https:\/\/www.linvosges-hotellerie.com\/es\/la-mesa\/manteleria-a-medida\/mantel-redondo-revestido-lino\/","title":{"rendered":"Mantel redondo revestido Lino"},"content":{"rendered":"<p>Un revestimiento flexible y f\u00e1cil de cuidar que revela las fibras del algod\u00f3n para un tacto r\u00fastico<br \/>\nEste mantel ofrece un buen compromiso entre un mantel de tela para una ca\u00edda flexible y un hule para un f\u00e1cil mantenimiento con esponja.<\/p>\n<p>3 acabados a elegir :<br \/>\n&#8211; dobladillo sencillo: cosido a 2 cm del borde para manteles &#8211; acabado cl\u00e1sico tradicional<br \/>\n&#8211; Esquinas a inglete de 2 cm: los dobladillos de 2 cm est\u00e1n unidos por una costura de 45\u00b0 para conseguir puntos perfectos &#8211; acabado refinado<br \/>\n&#8211; bies interior: bies de 18 mm cosido por el rev\u00e9s para hacerlo invisible &#8211; acabado reservado a los manteles redondos para seguir las curvas del tejido<\/p>\n","protected":false},"excerpt":{"rendered":"<p>Lavar a m\u00e1quina a 30\u00b0.<br \/>\nProhibidos el cloro y los agentes blanqueadores<br \/>\nNo secar en secadora<br \/>\nPlanchado a una temperatura m\u00e1xima de 110\u00b0 sin vapor<br \/>\nProductos autorizados para la limpieza en seco: Percloroetileno, Hidrocarburos<\/p>\n<p><span class=\"ginetex\"> w o d n W <\/span><\/p>\n","protected":false},"featured_media":31557,"template":"","meta":{"_acf_changed":false},"label":[],"product_brand":[],"product_cat":[1876,2422,1874,2117],"product_tag":[],"gamme":[2107],"matiere":[],"class_list":{"0":"post-48559","1":"product","2":"type-product","3":"status-publish","4":"has-post-thumbnail","6":"product_cat-la-mesa","7":"product_cat-mantel-a-medida","8":"product_cat-manteleria-a-medida","9":"product_cat-revestimiento","10":"pa_couleur-anis-es","11":"pa_couleur-azul","12":"pa_couleur-burdeos","13":"pa_couleur-cuerda","14":"pa_couleur-frambuesa","15":"pa_couleur-gris-es","16":"pa_couleur-lino-es","17":"pa_couleur-naranja","18":"pa_couleur-perla","19":"pa_dimensions-diametre-130","20":"pa_finition-sesgo-interno","21":"pa_grammage-190grs-m","22":"pa_matiere-55-lino-45-algodon","23":"gamme-lino-es","25":"first","26":"outofstock","27":"taxable","28":"shipping-taxable","29":"purchasable","30":"product-type-variable","31":"has-default-attributes"},"acf":[],"df_price":"","df_sale_price":"","df_regular_price":"","df_image_link":"https:\/\/www.linvosges-hotellerie.com\/wp-content\/uploads\/2021\/01\/linge-de-table-lino-anis-professionnel-restaurant-linvosges-hotellerie-professionnel-restaurant-4-300x300.jpg","_links":{"self":[{"href":"https:\/\/www.linvosges-hotellerie.com\/es\/wp-json\/wp\/v2\/product\/48559","targetHints":{"allow":["GET"]}}],"collection":[{"href":"https:\/\/www.linvosges-hotellerie.com\/es\/wp-json\/wp\/v2\/product"}],"about":[{"href":"https:\/\/www.linvosges-hotellerie.com\/es\/wp-json\/wp\/v2\/types\/product"}],"wp:featuredmedia":[{"embeddable":true,"href":"https:\/\/www.linvosges-hotellerie.com\/es\/wp-json\/wp\/v2\/media\/31557"}],"wp:attachment":[{"href":"https:\/\/www.linvosges-hotellerie.com\/es\/wp-json\/wp\/v2\/media?parent=48559"}],"wp:term":[{"taxonomy":"label","embeddable":true,"href":"https:\/\/www.linvosges-hotellerie.com\/es\/wp-json\/wp\/v2\/label?post=48559"},{"taxonomy":"product_brand","embeddable":true,"href":"https:\/\/www.linvosges-hotellerie.com\/es\/wp-json\/wp\/v2\/product_brand?post=48559"},{"taxonomy":"product_cat","embeddable":true,"href":"https:\/\/www.linvosges-hotellerie.com\/es\/wp-json\/wp\/v2\/product_cat?post=48559"},{"taxonomy":"product_tag","embeddable":true,"href":"https:\/\/www.linvosges-hotellerie.com\/es\/wp-json\/wp\/v2\/product_tag?post=48559"},{"taxonomy":"gamme","embeddable":true,"href":"https:\/\/www.linvosges-hotellerie.com\/es\/wp-json\/wp\/v2\/gamme?post=48559"},{"taxonomy":"matiere","embeddable":true,"href":"https:\/\/www.linvosges-hotellerie.com\/es\/wp-json\/wp\/v2\/matiere?post=48559"}],"curies":[{"name":"wp","href":"https:\/\/api.w.org\/{rel}","templated":true}]}}