{"id":50650,"date":"2020-12-16T02:33:02","date_gmt":"2020-12-16T01:33:02","guid":{"rendered":"https:\/\/www.linvosges-hotellerie.com\/sin categor\u00eda\/alfombra-de-cama-antilope-liso-de-ante\/"},"modified":"2020-12-16T02:33:02","modified_gmt":"2020-12-16T01:33:02","slug":"alfombra-de-cama-antilope-liso-de-ante","status":"publish","type":"product","link":"https:\/\/www.linvosges-hotellerie.com\/es\/salida-todo-al-50-descuento\/alfombra-de-cama-antilope-liso-de-ante\/","title":{"rendered":"Alfombra de cama Antilope Liso de ante"},"content":{"rendered":"<p>Disponible en una amplia gama de colores para combinar con cualquier estado de \u00e1nimo, este pa\u00f1uelo quedar\u00e1 genial en tus camas. De ante de doble cara con tacto de piel de melocot\u00f3n, guata de 100 g\/m\u00b2, acabado con una trenza ancha de 8 cm en todo el contorno y peque\u00f1as costuras de cuadros en el centro.<\/p>\n","protected":false},"excerpt":{"rendered":"<p>Lavado a m\u00e1quina a 40\u00b0 delicado<br \/>\nProhibidos el cloro y los agentes blanqueadores<br \/>\nSecar en secadora a 60\u00b0.<br \/>\nPlanchado a una temperatura m\u00e1xima de 110\u00b0, sin vapor<br \/>\nProhibida la limpieza en seco<\/p>\n<p><span class=\"ginetex\">  9 o s n U  <\/span><\/p>\n","protected":false},"featured_media":50658,"template":"","meta":{"_acf_changed":false},"label":[],"product_brand":[],"product_cat":[1537],"product_tag":[],"gamme":[2489],"matiere":[1758],"class_list":{"0":"post-50650","1":"product","2":"type-product","3":"status-publish","4":"has-post-thumbnail","6":"product_cat-salida-todo-al-50-descuento","7":"pa_couleur-ante","8":"pa_couleur-antracita","9":"pa_couleur-azul","10":"pa_couleur-burdeos","11":"pa_couleur-chocolate-es","12":"pa_couleur-frambuesa","13":"pa_couleur-gris-claro","14":"pa_couleur-gris-oscuro","15":"pa_couleur-marfil","16":"pa_couleur-marron","17":"pa_couleur-negro","18":"pa_couleur-oxido","19":"pa_couleur-rojo","20":"pa_couleur-tierra","21":"pa_couleur-topo","22":"pa_couleur-verde","23":"pa_dimensions-60x130-cm","24":"pa_dimensions-60-140-cm","25":"pa_dimensions-60-150-cm","26":"pa_dimensions-60-160-cm","27":"pa_dimensions-60x200-cm","28":"pa_dimensions-60-220-cm","29":"pa_dimensions-60-240-cm","30":"pa_dimensions-60-260-cm","31":"pa_dimensions-65-65-cm","32":"pa_dimensions-90x240-cm","33":"pa_grammage-175grs-m","34":"pa_matiere-100-poliester","35":"gamme-antilope-liso-es","36":"matiere-poliester","38":"first","39":"outofstock","40":"sale","41":"taxable","42":"shipping-taxable","43":"purchasable","44":"product-type-variable","45":"has-default-attributes"},"acf":[],"df_price":12.99,"df_sale_price":"","df_regular_price":12.99,"df_image_link":"https:\/\/www.linvosges-hotellerie.com\/wp-content\/uploads\/2020\/12\/couvre-lit-et-chemin-de-lit-antilope-hotel-professionnel-linvosges-hotellerie-300x300.jpg","_links":{"self":[{"href":"https:\/\/www.linvosges-hotellerie.com\/es\/wp-json\/wp\/v2\/product\/50650","targetHints":{"allow":["GET"]}}],"collection":[{"href":"https:\/\/www.linvosges-hotellerie.com\/es\/wp-json\/wp\/v2\/product"}],"about":[{"href":"https:\/\/www.linvosges-hotellerie.com\/es\/wp-json\/wp\/v2\/types\/product"}],"wp:featuredmedia":[{"embeddable":true,"href":"https:\/\/www.linvosges-hotellerie.com\/es\/wp-json\/wp\/v2\/media\/50658"}],"wp:attachment":[{"href":"https:\/\/www.linvosges-hotellerie.com\/es\/wp-json\/wp\/v2\/media?parent=50650"}],"wp:term":[{"taxonomy":"label","embeddable":true,"href":"https:\/\/www.linvosges-hotellerie.com\/es\/wp-json\/wp\/v2\/label?post=50650"},{"taxonomy":"product_brand","embeddable":true,"href":"https:\/\/www.linvosges-hotellerie.com\/es\/wp-json\/wp\/v2\/product_brand?post=50650"},{"taxonomy":"product_cat","embeddable":true,"href":"https:\/\/www.linvosges-hotellerie.com\/es\/wp-json\/wp\/v2\/product_cat?post=50650"},{"taxonomy":"product_tag","embeddable":true,"href":"https:\/\/www.linvosges-hotellerie.com\/es\/wp-json\/wp\/v2\/product_tag?post=50650"},{"taxonomy":"gamme","embeddable":true,"href":"https:\/\/www.linvosges-hotellerie.com\/es\/wp-json\/wp\/v2\/gamme?post=50650"},{"taxonomy":"matiere","embeddable":true,"href":"https:\/\/www.linvosges-hotellerie.com\/es\/wp-json\/wp\/v2\/matiere?post=50650"}],"curies":[{"name":"wp","href":"https:\/\/api.w.org\/{rel}","templated":true}]}}