{"id":51078,"date":"2020-12-16T02:33:09","date_gmt":"2020-12-16T01:33:09","guid":{"rendered":"https:\/\/www.linvosges-hotellerie.com\/sin categor\u00eda\/cubrecama-etnico-8\/"},"modified":"2020-12-16T02:33:09","modified_gmt":"2020-12-16T01:33:09","slug":"cubrecama-etnico-8","status":"publish","type":"product","link":"https:\/\/www.linvosges-hotellerie.com\/es\/salida-todo-al-50-descuento\/cubrecama-etnico-8\/","title":{"rendered":"Cubrecama Etnico 8"},"content":{"rendered":"<p>El motivo \u00e9tnico de esta colcha es una aut\u00e9ntica invitaci\u00f3n a viajar, para deleite de tus invitados. Relleno de 150 g\/m2, esquinas redondeadas + acolchado cuadrado de 20 cm, forro de piel de melocot\u00f3n 100% poli\u00e9ster<\/p>\n<p>Existencias limitadas<\/p>\n","protected":false},"excerpt":{"rendered":"<p>Lavado a m\u00e1quina a 30\u00b0 delicado<br \/>\nProhibidos el cloro y los agentes blanqueadores<br \/>\nNo secar en secadora<br \/>\nPlancha a una temperatura m\u00e1xima de 110\u00b0.<br \/>\nProhibida la limpieza en seco<\/p>\n<p><span class=\"ginetex\"> e o d b U <\/span><\/p>\n","protected":false},"featured_media":51080,"template":"","meta":{"_acf_changed":false},"label":[],"product_brand":[],"product_cat":[1537],"product_tag":[],"gamme":[2515],"matiere":[1524,1625,1758],"class_list":{"0":"post-51078","1":"product","2":"type-product","3":"status-publish","4":"has-post-thumbnail","6":"product_cat-salida-todo-al-50-descuento","7":"pa_couleur-azul","8":"pa_dimensions-180-260-cm","9":"pa_dimensions-230-260-cm","10":"pa_dimensions-250-260-cm","11":"pa_grammage-150grs-m","12":"pa_matiere-anverso-70-algodon-30-poliester-reverso-100-poliester-relleno-100-poliester","13":"gamme-etnico-8-es","14":"matiere-algodon","15":"matiere-polialgodon","16":"matiere-poliester","18":"first","19":"outofstock","20":"sale","21":"taxable","22":"shipping-taxable","23":"purchasable","24":"product-type-variable","25":"has-default-attributes"},"acf":[],"df_price":24.12,"df_sale_price":"","df_regular_price":24.12,"df_image_link":"https:\/\/www.linvosges-hotellerie.com\/wp-content\/uploads\/2020\/12\/couvre-lit-matelasse-bleu-etnico-8-hotel-professionnel-linvosges-hotellerie-300x300.jpg","_links":{"self":[{"href":"https:\/\/www.linvosges-hotellerie.com\/es\/wp-json\/wp\/v2\/product\/51078","targetHints":{"allow":["GET"]}}],"collection":[{"href":"https:\/\/www.linvosges-hotellerie.com\/es\/wp-json\/wp\/v2\/product"}],"about":[{"href":"https:\/\/www.linvosges-hotellerie.com\/es\/wp-json\/wp\/v2\/types\/product"}],"wp:featuredmedia":[{"embeddable":true,"href":"https:\/\/www.linvosges-hotellerie.com\/es\/wp-json\/wp\/v2\/media\/51080"}],"wp:attachment":[{"href":"https:\/\/www.linvosges-hotellerie.com\/es\/wp-json\/wp\/v2\/media?parent=51078"}],"wp:term":[{"taxonomy":"label","embeddable":true,"href":"https:\/\/www.linvosges-hotellerie.com\/es\/wp-json\/wp\/v2\/label?post=51078"},{"taxonomy":"product_brand","embeddable":true,"href":"https:\/\/www.linvosges-hotellerie.com\/es\/wp-json\/wp\/v2\/product_brand?post=51078"},{"taxonomy":"product_cat","embeddable":true,"href":"https:\/\/www.linvosges-hotellerie.com\/es\/wp-json\/wp\/v2\/product_cat?post=51078"},{"taxonomy":"product_tag","embeddable":true,"href":"https:\/\/www.linvosges-hotellerie.com\/es\/wp-json\/wp\/v2\/product_tag?post=51078"},{"taxonomy":"gamme","embeddable":true,"href":"https:\/\/www.linvosges-hotellerie.com\/es\/wp-json\/wp\/v2\/gamme?post=51078"},{"taxonomy":"matiere","embeddable":true,"href":"https:\/\/www.linvosges-hotellerie.com\/es\/wp-json\/wp\/v2\/matiere?post=51078"}],"curies":[{"name":"wp","href":"https:\/\/api.w.org\/{rel}","templated":true}]}}