{"id":51200,"date":"2023-09-19T16:57:13","date_gmt":"2023-09-19T14:57:13","guid":{"rendered":"https:\/\/www.linvosges-hotellerie.com\/sin categor\u00eda\/camino-de-cama-de-peluche\/"},"modified":"2023-09-19T16:57:13","modified_gmt":"2023-09-19T14:57:13","slug":"camino-de-cama-de-peluche","status":"publish","type":"product","link":"https:\/\/www.linvosges-hotellerie.com\/es\/salida-todo-al-50-descuento\/camino-de-cama-de-peluche\/","title":{"rendered":"Camino de cama de peluche"},"content":{"rendered":"<p>Confeccionada con piel sint\u00e9tica de pelo corto, esta bufanda a\u00f1adir\u00e1 un toque acogedor a tu dormitorio. Relleno de guata de 100 gsm, acabado con un ribete ancho de ante en todo el contorno y costura cuadrada de 10 cm en el centro.<\/p>\n","protected":false},"excerpt":{"rendered":"<p>Lavado a m\u00e1quina a 30\u00b0 delicado<br \/>\nProhibidos el cloro y los agentes blanqueadores<br \/>\nNo secar en secadora<br \/>\nNo planchar<br \/>\nProductos autorizados para la limpieza en seco: Percloroetileno, Hidrocarburos<\/p>\n<p>e o d m W<\/p>\n","protected":false},"featured_media":51205,"template":"","meta":{"_acf_changed":false},"label":[],"product_brand":[],"product_cat":[1537],"product_tag":[],"gamme":[2542],"matiere":[1758],"class_list":{"0":"post-51200","1":"product","2":"type-product","3":"status-publish","4":"has-post-thumbnail","6":"product_cat-salida-todo-al-50-descuento","7":"pa_couleur-chocolate-es","8":"pa_couleur-gris-es","9":"pa_couleur-negro","10":"pa_dimensions-60-140-cm","11":"pa_dimensions-60-240-cm","12":"pa_matiere-100-poliester","13":"gamme-teddy-es","14":"matiere-poliester","16":"first","17":"outofstock","18":"sale","19":"taxable","20":"shipping-taxable","21":"purchasable","22":"product-type-variable","23":"has-default-attributes"},"acf":[],"df_price":9.73,"df_sale_price":"","df_regular_price":9.73,"df_image_link":"https:\/\/www.linvosges-hotellerie.com\/wp-content\/uploads\/2023\/09\/TEDDY-ECHARPE-DE-LIT-NOIR-60x240-8721107-1-300x300.png","_links":{"self":[{"href":"https:\/\/www.linvosges-hotellerie.com\/es\/wp-json\/wp\/v2\/product\/51200","targetHints":{"allow":["GET"]}}],"collection":[{"href":"https:\/\/www.linvosges-hotellerie.com\/es\/wp-json\/wp\/v2\/product"}],"about":[{"href":"https:\/\/www.linvosges-hotellerie.com\/es\/wp-json\/wp\/v2\/types\/product"}],"wp:featuredmedia":[{"embeddable":true,"href":"https:\/\/www.linvosges-hotellerie.com\/es\/wp-json\/wp\/v2\/media\/51205"}],"wp:attachment":[{"href":"https:\/\/www.linvosges-hotellerie.com\/es\/wp-json\/wp\/v2\/media?parent=51200"}],"wp:term":[{"taxonomy":"label","embeddable":true,"href":"https:\/\/www.linvosges-hotellerie.com\/es\/wp-json\/wp\/v2\/label?post=51200"},{"taxonomy":"product_brand","embeddable":true,"href":"https:\/\/www.linvosges-hotellerie.com\/es\/wp-json\/wp\/v2\/product_brand?post=51200"},{"taxonomy":"product_cat","embeddable":true,"href":"https:\/\/www.linvosges-hotellerie.com\/es\/wp-json\/wp\/v2\/product_cat?post=51200"},{"taxonomy":"product_tag","embeddable":true,"href":"https:\/\/www.linvosges-hotellerie.com\/es\/wp-json\/wp\/v2\/product_tag?post=51200"},{"taxonomy":"gamme","embeddable":true,"href":"https:\/\/www.linvosges-hotellerie.com\/es\/wp-json\/wp\/v2\/gamme?post=51200"},{"taxonomy":"matiere","embeddable":true,"href":"https:\/\/www.linvosges-hotellerie.com\/es\/wp-json\/wp\/v2\/matiere?post=51200"}],"curies":[{"name":"wp","href":"https:\/\/api.w.org\/{rel}","templated":true}]}}