{"id":51362,"date":"2020-12-16T00:47:34","date_gmt":"2020-12-15T23:47:34","guid":{"rendered":"https:\/\/www.linvosges-hotellerie.com\/sin categor\u00eda\/alfombra-de-bano-de-rizo-de-moda\/"},"modified":"2020-12-16T00:47:34","modified_gmt":"2020-12-15T23:47:34","slug":"alfombra-de-bano-de-rizo-de-moda","status":"publish","type":"product","link":"https:\/\/www.linvosges-hotellerie.com\/es\/esponjas\/alfombras\/alfombra-de-bano-de-rizo-de-moda\/","title":{"rendered":"Alfombra de ba\u00f1o de rizo de moda"},"content":{"rendered":"<p>Alfombrilla de ba\u00f1o de algod\u00f3n liso con monograma en el centro. Tejido de rizo de 750 g\/m\u00b2 con bucles retorcidos para una excelente absorci\u00f3n. Disponible en 2 colores, blanco y antracita, lavable a 95\u00b0. Acabado reforzado de doble costura en todo el contorno para cumplir los requisitos profesionales.<\/p>\n<p>Linvosges se compromete a fabricar sus productos sin sustancias en los umbrales que puedan ser perjudiciales para tu salud. Un instituto independiente ha concedido a la marca la etiqueta Oeko-Tex\u00ae, tras una serie de pruebas que cumplen unas especificaciones muy estrictas.<\/p>\n<p>Certificado Oeko-Tex\u00ae Standard 100 &#8211; Confianza en los textiles &#8211; XXXXXX\/XX IFTH.<\/p>\n<p>Existencias limitadas<\/p>\n","protected":false},"excerpt":{"rendered":"<p>Lavar a m\u00e1quina a 95\u00b0.<br \/>\nProhibidos el cloro y los agentes blanqueadores<br \/>\nSecar en secadora a 60\u00b0.<br \/>\nPlanchado a una temperatura m\u00e1xima de 200\u00b0 C<br \/>\nProhibida la limpieza en seco<\/p>\n<p><span class=\"ginetex\">  2 o s v U  <\/span><\/p>\n","protected":false},"featured_media":51364,"template":"","meta":{"_acf_changed":false},"label":[],"product_brand":[],"product_cat":[2584,1571,1537],"product_tag":[],"gamme":[1568],"matiere":[1524],"class_list":{"0":"post-51362","1":"product","2":"type-product","3":"status-publish","4":"has-post-thumbnail","6":"product_cat-alfombras","7":"product_cat-esponjas","8":"product_cat-salida-todo-al-50-descuento","9":"pa_couleur-antracita","10":"pa_couleur-blanco","11":"pa_dimensions-50-80-cm","12":"pa_grammage-750-grs-m","13":"pa_matiere-100-algodon","14":"gamme-tendencia","15":"matiere-algodon","17":"first","18":"outofstock","19":"taxable","20":"shipping-taxable","21":"product-type-variable","22":"has-default-attributes"},"acf":[],"df_price":"","df_sale_price":"","df_regular_price":"","df_image_link":"https:\/\/www.linvosges-hotellerie.com\/wp-content\/uploads\/2020\/12\/tapis-de-bain-Tendance-linvosges-hotellerie-300x300.jpg","_links":{"self":[{"href":"https:\/\/www.linvosges-hotellerie.com\/es\/wp-json\/wp\/v2\/product\/51362","targetHints":{"allow":["GET"]}}],"collection":[{"href":"https:\/\/www.linvosges-hotellerie.com\/es\/wp-json\/wp\/v2\/product"}],"about":[{"href":"https:\/\/www.linvosges-hotellerie.com\/es\/wp-json\/wp\/v2\/types\/product"}],"wp:featuredmedia":[{"embeddable":true,"href":"https:\/\/www.linvosges-hotellerie.com\/es\/wp-json\/wp\/v2\/media\/51364"}],"wp:attachment":[{"href":"https:\/\/www.linvosges-hotellerie.com\/es\/wp-json\/wp\/v2\/media?parent=51362"}],"wp:term":[{"taxonomy":"label","embeddable":true,"href":"https:\/\/www.linvosges-hotellerie.com\/es\/wp-json\/wp\/v2\/label?post=51362"},{"taxonomy":"product_brand","embeddable":true,"href":"https:\/\/www.linvosges-hotellerie.com\/es\/wp-json\/wp\/v2\/product_brand?post=51362"},{"taxonomy":"product_cat","embeddable":true,"href":"https:\/\/www.linvosges-hotellerie.com\/es\/wp-json\/wp\/v2\/product_cat?post=51362"},{"taxonomy":"product_tag","embeddable":true,"href":"https:\/\/www.linvosges-hotellerie.com\/es\/wp-json\/wp\/v2\/product_tag?post=51362"},{"taxonomy":"gamme","embeddable":true,"href":"https:\/\/www.linvosges-hotellerie.com\/es\/wp-json\/wp\/v2\/gamme?post=51362"},{"taxonomy":"matiere","embeddable":true,"href":"https:\/\/www.linvosges-hotellerie.com\/es\/wp-json\/wp\/v2\/matiere?post=51362"}],"curies":[{"name":"wp","href":"https:\/\/api.w.org\/{rel}","templated":true}]}}