{"id":51392,"date":"2020-12-16T00:47:40","date_gmt":"2020-12-15T23:47:40","guid":{"rendered":"https:\/\/www.linvosges-hotellerie.com\/sin categor\u00eda\/alfombra-de-bano-de-rizo-detente\/"},"modified":"2020-12-16T00:47:40","modified_gmt":"2020-12-15T23:47:40","slug":"alfombra-de-bano-de-rizo-detente","status":"publish","type":"product","link":"https:\/\/www.linvosges-hotellerie.com\/es\/esponjas\/alfombras\/alfombra-de-bano-de-rizo-detente\/","title":{"rendered":"Alfombra de ba\u00f1o de rizo D\u00e9tente"},"content":{"rendered":"<p>Alfombrilla de ba\u00f1o de rizo de 700 g\/m\u00b2 con bucles de un solo hilo. Encuadre sencillo. Acabado integral de doble costura para cumplir los requisitos profesionales<\/p>\n","protected":false},"excerpt":{"rendered":"<p>Lavar a m\u00e1quina a 95\u00b0.<br \/>\nProhibidos el cloro y los agentes blanqueadores<br \/>\nSecar en secadora a 60\u00b0.<br \/>\nPlancha a una temperatura m\u00e1xima de 150\u00b0.<br \/>\nProhibida la limpieza en seco<\/p>\n<p><span class=\"ginetex\">  2 o s b U  <\/span><\/p>\n","protected":false},"featured_media":32262,"template":"","meta":{"_acf_changed":false},"label":[],"product_brand":[],"product_cat":[2584,1571],"product_tag":[],"gamme":[1590],"matiere":[1524],"class_list":{"0":"post-51392","1":"product","2":"type-product","3":"status-publish","4":"has-post-thumbnail","6":"product_cat-alfombras","7":"product_cat-esponjas","8":"pa_couleur-blanco","9":"pa_dimensions-50-70-cm","10":"pa_grammage-700-grs-m","11":"pa_matiere-100-algodon","12":"gamme-relajacion","13":"matiere-algodon","15":"first","16":"instock","17":"taxable","18":"shipping-taxable","19":"purchasable","20":"product-type-variable","21":"has-default-attributes"},"acf":[],"df_price":3.52,"df_sale_price":"","df_regular_price":3.52,"df_image_link":"https:\/\/www.linvosges-hotellerie.com\/wp-content\/uploads\/2020\/12\/tapis-de-bain-eponge-700-grs-m2-detente-hotel-professionnel-linvosges-hotellerie-300x300.jpg","_links":{"self":[{"href":"https:\/\/www.linvosges-hotellerie.com\/es\/wp-json\/wp\/v2\/product\/51392","targetHints":{"allow":["GET"]}}],"collection":[{"href":"https:\/\/www.linvosges-hotellerie.com\/es\/wp-json\/wp\/v2\/product"}],"about":[{"href":"https:\/\/www.linvosges-hotellerie.com\/es\/wp-json\/wp\/v2\/types\/product"}],"wp:featuredmedia":[{"embeddable":true,"href":"https:\/\/www.linvosges-hotellerie.com\/es\/wp-json\/wp\/v2\/media\/32262"}],"wp:attachment":[{"href":"https:\/\/www.linvosges-hotellerie.com\/es\/wp-json\/wp\/v2\/media?parent=51392"}],"wp:term":[{"taxonomy":"label","embeddable":true,"href":"https:\/\/www.linvosges-hotellerie.com\/es\/wp-json\/wp\/v2\/label?post=51392"},{"taxonomy":"product_brand","embeddable":true,"href":"https:\/\/www.linvosges-hotellerie.com\/es\/wp-json\/wp\/v2\/product_brand?post=51392"},{"taxonomy":"product_cat","embeddable":true,"href":"https:\/\/www.linvosges-hotellerie.com\/es\/wp-json\/wp\/v2\/product_cat?post=51392"},{"taxonomy":"product_tag","embeddable":true,"href":"https:\/\/www.linvosges-hotellerie.com\/es\/wp-json\/wp\/v2\/product_tag?post=51392"},{"taxonomy":"gamme","embeddable":true,"href":"https:\/\/www.linvosges-hotellerie.com\/es\/wp-json\/wp\/v2\/gamme?post=51392"},{"taxonomy":"matiere","embeddable":true,"href":"https:\/\/www.linvosges-hotellerie.com\/es\/wp-json\/wp\/v2\/matiere?post=51392"}],"curies":[{"name":"wp","href":"https:\/\/api.w.org\/{rel}","templated":true}]}}