{"id":51404,"date":"2020-12-16T00:47:52","date_gmt":"2020-12-15T23:47:52","guid":{"rendered":"https:\/\/www.linvosges-hotellerie.com\/sin categor\u00eda\/alfombra-de-bano-de-rizo-supreme\/"},"modified":"2020-12-16T00:47:52","modified_gmt":"2020-12-15T23:47:52","slug":"alfombra-de-bano-de-rizo-supreme","status":"publish","type":"product","link":"https:\/\/www.linvosges-hotellerie.com\/es\/esponjas\/alfombras\/alfombra-de-bano-de-rizo-supreme\/","title":{"rendered":"Alfombra de ba\u00f1o de rizo Supr\u00eame"},"content":{"rendered":"<p>Alfombra de ba\u00f1o de rizo de algod\u00f3n egipcio de 1100grs\/m\u00b2 con estampado de dunas. Doble costura en todo el contorno para cumplir los requisitos profesionales.<\/p>\n","protected":false},"excerpt":{"rendered":"<p>Lavar a m\u00e1quina a 60\u00b0.<br \/>\nProhibidos el cloro y los agentes blanqueadores<br \/>\nSecar en secadora a 60\u00b0.<br \/>\nPlancha a una temperatura m\u00e1xima de 150\u00b0.<br \/>\nProductos autorizados para la limpieza en seco: Hidrocarburos<\/p>\n<p><span class=\"ginetex\">  4 o s b W  <\/span><\/p>\n","protected":false},"featured_media":32302,"template":"","meta":{"_acf_changed":false},"label":[],"product_brand":[],"product_cat":[2584,1571],"product_tag":[],"gamme":[1612],"matiere":[1524],"class_list":{"0":"post-51404","1":"product","2":"type-product","3":"status-publish","4":"has-post-thumbnail","6":"product_cat-alfombras","7":"product_cat-esponjas","8":"pa_couleur-blanco","9":"pa_dimensions-50-80-cm","10":"pa_grammage-1100-grs-m","11":"pa_matiere-100-algodon","12":"gamme-supremo","13":"matiere-algodon","15":"first","16":"instock","17":"taxable","18":"shipping-taxable","19":"purchasable","20":"product-type-variable","21":"has-default-attributes"},"acf":[],"df_price":9.51,"df_sale_price":"","df_regular_price":9.51,"df_image_link":"https:\/\/www.linvosges-hotellerie.com\/wp-content\/uploads\/2020\/12\/tapis-de-bain-eponge-1100-grs-m2-supreme-hotel-professionnel-linvosges-hotellerie-300x300.jpg","_links":{"self":[{"href":"https:\/\/www.linvosges-hotellerie.com\/es\/wp-json\/wp\/v2\/product\/51404","targetHints":{"allow":["GET"]}}],"collection":[{"href":"https:\/\/www.linvosges-hotellerie.com\/es\/wp-json\/wp\/v2\/product"}],"about":[{"href":"https:\/\/www.linvosges-hotellerie.com\/es\/wp-json\/wp\/v2\/types\/product"}],"wp:featuredmedia":[{"embeddable":true,"href":"https:\/\/www.linvosges-hotellerie.com\/es\/wp-json\/wp\/v2\/media\/32302"}],"wp:attachment":[{"href":"https:\/\/www.linvosges-hotellerie.com\/es\/wp-json\/wp\/v2\/media?parent=51404"}],"wp:term":[{"taxonomy":"label","embeddable":true,"href":"https:\/\/www.linvosges-hotellerie.com\/es\/wp-json\/wp\/v2\/label?post=51404"},{"taxonomy":"product_brand","embeddable":true,"href":"https:\/\/www.linvosges-hotellerie.com\/es\/wp-json\/wp\/v2\/product_brand?post=51404"},{"taxonomy":"product_cat","embeddable":true,"href":"https:\/\/www.linvosges-hotellerie.com\/es\/wp-json\/wp\/v2\/product_cat?post=51404"},{"taxonomy":"product_tag","embeddable":true,"href":"https:\/\/www.linvosges-hotellerie.com\/es\/wp-json\/wp\/v2\/product_tag?post=51404"},{"taxonomy":"gamme","embeddable":true,"href":"https:\/\/www.linvosges-hotellerie.com\/es\/wp-json\/wp\/v2\/gamme?post=51404"},{"taxonomy":"matiere","embeddable":true,"href":"https:\/\/www.linvosges-hotellerie.com\/es\/wp-json\/wp\/v2\/matiere?post=51404"}],"curies":[{"name":"wp","href":"https:\/\/api.w.org\/{rel}","templated":true}]}}