{"id":51427,"date":"2020-12-16T00:47:55","date_gmt":"2020-12-15T23:47:55","guid":{"rendered":"https:\/\/www.linvosges-hotellerie.com\/sin categor\u00eda\/alfombra-de-bano-de-rizo-epure-bio\/"},"modified":"2020-12-16T00:47:55","modified_gmt":"2020-12-15T23:47:55","slug":"alfombra-de-bano-de-rizo-epure-bio","status":"publish","type":"product","link":"https:\/\/www.linvosges-hotellerie.com\/es\/esponjas\/alfombras\/alfombra-de-bano-de-rizo-epure-bio\/","title":{"rendered":"Alfombra de ba\u00f1o de rizo \u00c9pure Bio"},"content":{"rendered":"<p>Alfombrilla de ba\u00f1o de rizo de 1000 g\/m\u00b2 de algod\u00f3n ecol\u00f3gico certificado GOTS. Encuadre sencillo. Acabado integral de doble costura para cumplir los requisitos profesionales<\/p>\n","protected":false},"excerpt":{"rendered":"<p>Lavar a m\u00e1quina a 95\u00b0.<br \/>\nProhibidos el cloro y los agentes blanqueadores<br \/>\nSecar en secadora a 60\u00b0.<br \/>\nPlancha a una temperatura m\u00e1xima de 150\u00b0.<br \/>\nProhibida la limpieza en seco<\/p>\n<p><span class=\"ginetex\">  2 o s b U  <\/span><\/p>\n","protected":false},"featured_media":51428,"template":"","meta":{"_acf_changed":false},"label":[],"product_brand":[],"product_cat":[2584,1571],"product_tag":[],"gamme":[1620],"matiere":[1524],"class_list":{"0":"post-51427","1":"product","2":"type-product","3":"status-publish","4":"has-post-thumbnail","6":"product_cat-alfombras","7":"product_cat-esponjas","8":"pa_couleur-blanco","9":"pa_dimensions-50-80-cm","10":"pa_grammage-1000-grs-m","11":"pa_matiere-100-algodon","12":"gamme-epure-bio-es","13":"matiere-algodon","15":"first","16":"outofstock","17":"taxable","18":"shipping-taxable","19":"purchasable","20":"product-type-variable","21":"has-default-attributes"},"acf":[],"df_price":12.31,"df_sale_price":"","df_regular_price":12.31,"df_image_link":"https:\/\/www.linvosges-hotellerie.com\/wp-content\/uploads\/2020\/12\/tapis-de-bain-epure-bio-linvosges-hotellerie-hotel-professionnel-300x300.jpg","_links":{"self":[{"href":"https:\/\/www.linvosges-hotellerie.com\/es\/wp-json\/wp\/v2\/product\/51427","targetHints":{"allow":["GET"]}}],"collection":[{"href":"https:\/\/www.linvosges-hotellerie.com\/es\/wp-json\/wp\/v2\/product"}],"about":[{"href":"https:\/\/www.linvosges-hotellerie.com\/es\/wp-json\/wp\/v2\/types\/product"}],"wp:featuredmedia":[{"embeddable":true,"href":"https:\/\/www.linvosges-hotellerie.com\/es\/wp-json\/wp\/v2\/media\/51428"}],"wp:attachment":[{"href":"https:\/\/www.linvosges-hotellerie.com\/es\/wp-json\/wp\/v2\/media?parent=51427"}],"wp:term":[{"taxonomy":"label","embeddable":true,"href":"https:\/\/www.linvosges-hotellerie.com\/es\/wp-json\/wp\/v2\/label?post=51427"},{"taxonomy":"product_brand","embeddable":true,"href":"https:\/\/www.linvosges-hotellerie.com\/es\/wp-json\/wp\/v2\/product_brand?post=51427"},{"taxonomy":"product_cat","embeddable":true,"href":"https:\/\/www.linvosges-hotellerie.com\/es\/wp-json\/wp\/v2\/product_cat?post=51427"},{"taxonomy":"product_tag","embeddable":true,"href":"https:\/\/www.linvosges-hotellerie.com\/es\/wp-json\/wp\/v2\/product_tag?post=51427"},{"taxonomy":"gamme","embeddable":true,"href":"https:\/\/www.linvosges-hotellerie.com\/es\/wp-json\/wp\/v2\/gamme?post=51427"},{"taxonomy":"matiere","embeddable":true,"href":"https:\/\/www.linvosges-hotellerie.com\/es\/wp-json\/wp\/v2\/matiere?post=51427"}],"curies":[{"name":"wp","href":"https:\/\/api.w.org\/{rel}","templated":true}]}}