{"id":51481,"date":"2021-09-03T11:42:01","date_gmt":"2021-09-03T09:42:01","guid":{"rendered":"https:\/\/www.linvosges-hotellerie.com\/sin categor\u00eda\/albornoz-sweet-life-spa-y-piscina\/"},"modified":"2026-04-30T00:16:28","modified_gmt":"2026-04-29T22:16:28","slug":"albornoz-sweet-life-spa-y-piscina","status":"publish","type":"product","link":"https:\/\/www.linvosges-hotellerie.com\/es\/esponjas\/spa-y-piscina\/albornoz-sweet-life-spa-y-piscina\/","title":{"rendered":"Albornoz Sweet life Spa y piscina"},"content":{"rendered":"<p>Este albornoz de bienestar est\u00e1 hecho de rizo de microfibra blanco. Es ligero y barato de lavar, y superabsorbente. Gracias a su composici\u00f3n de algod\u00f3n\/poli\u00e9ster, es de secado r\u00e1pido, por lo que es ideal para uso profesional.<br \/>\nAcabado con un cuello chal envolvente, tiene 2 bolsillos inferiores, un lazo en el cuello y se ata a la cintura con una trabilla. Interior de rizo, exterior de microfibra<\/p>\n","protected":false},"excerpt":{"rendered":"<p>Lavar a m\u00e1quina a 60\u00b0.<br \/>\nBlanqueo de capitales autorizado<br \/>\nSecar en secadora a 60\u00b0.<br \/>\nPlanchado a una temperatura m\u00e1xima de 110\u00b0 sin vapor<br \/>\nProhibida la limpieza en seco<\/p>\n<p><span class=\"ginetex\">4 u s n U<\/span><\/p>\n","protected":false},"featured_media":32485,"template":"","meta":{"_acf_changed":false},"label":[],"product_brand":[],"product_cat":[2597,1571,1762],"product_tag":[],"gamme":[1756],"matiere":[1625],"class_list":{"0":"post-51481","1":"product","2":"type-product","3":"status-publish","4":"has-post-thumbnail","6":"product_cat-albornoz","7":"product_cat-esponjas","8":"product_cat-spa-y-piscina","9":"pa_couleur-blanco","10":"pa_couleur-chocolate-es","11":"pa_dimensions-l","12":"pa_dimensions-m","13":"pa_dimensions-s","14":"pa_dimensions-xl","15":"pa_dimensions-xxl","16":"pa_grammage-300grs-m","17":"pa_matiere-50-algodon-50-poliester","18":"gamme-dulce-vida","19":"matiere-polialgodon","21":"first","22":"instock","23":"taxable","24":"shipping-taxable","25":"purchasable","26":"product-type-variable","27":"has-default-attributes"},"acf":[],"df_price":36.9,"df_sale_price":"","df_regular_price":36.9,"df_image_link":"https:\/\/www.linvosges-hotellerie.com\/wp-content\/uploads\/2021\/09\/linge-de-bain-sweet-life-spa-hotel-professionnel-linvosges-hotellerie-300x300.jpg","_links":{"self":[{"href":"https:\/\/www.linvosges-hotellerie.com\/es\/wp-json\/wp\/v2\/product\/51481","targetHints":{"allow":["GET"]}}],"collection":[{"href":"https:\/\/www.linvosges-hotellerie.com\/es\/wp-json\/wp\/v2\/product"}],"about":[{"href":"https:\/\/www.linvosges-hotellerie.com\/es\/wp-json\/wp\/v2\/types\/product"}],"wp:featuredmedia":[{"embeddable":true,"href":"https:\/\/www.linvosges-hotellerie.com\/es\/wp-json\/wp\/v2\/media\/32485"}],"wp:attachment":[{"href":"https:\/\/www.linvosges-hotellerie.com\/es\/wp-json\/wp\/v2\/media?parent=51481"}],"wp:term":[{"taxonomy":"label","embeddable":true,"href":"https:\/\/www.linvosges-hotellerie.com\/es\/wp-json\/wp\/v2\/label?post=51481"},{"taxonomy":"product_brand","embeddable":true,"href":"https:\/\/www.linvosges-hotellerie.com\/es\/wp-json\/wp\/v2\/product_brand?post=51481"},{"taxonomy":"product_cat","embeddable":true,"href":"https:\/\/www.linvosges-hotellerie.com\/es\/wp-json\/wp\/v2\/product_cat?post=51481"},{"taxonomy":"product_tag","embeddable":true,"href":"https:\/\/www.linvosges-hotellerie.com\/es\/wp-json\/wp\/v2\/product_tag?post=51481"},{"taxonomy":"gamme","embeddable":true,"href":"https:\/\/www.linvosges-hotellerie.com\/es\/wp-json\/wp\/v2\/gamme?post=51481"},{"taxonomy":"matiere","embeddable":true,"href":"https:\/\/www.linvosges-hotellerie.com\/es\/wp-json\/wp\/v2\/matiere?post=51481"}],"curies":[{"name":"wp","href":"https:\/\/api.w.org\/{rel}","templated":true}]}}